{"id":1969,"date":"2023-04-20T18:56:50","date_gmt":"2023-04-20T16:56:50","guid":{"rendered":"https:\/\/fts.you2.pl\/index.php\/produkt\/bnwt-player-issue-koszulka-bramkarska-arsenal-fc-2012-13-1-szczesny-xl\/"},"modified":"2025-09-18T16:57:39","modified_gmt":"2025-09-18T14:57:39","slug":"bnwt-player-issue-koszulka-bramkarska-arsenal-fc-2012-13-1-szczesny-xl","status":"publish","type":"product","link":"https:\/\/fts.you2.pl\/de\/bnwt-player-issue-koszulka-bramkarska-arsenal-fc-2012-13-1-szczesny-xl\/","title":{"rendered":"BNWT PLAYER ISSUE Koszulka bramkarska Arsenal FC 2012\/13 1 Szczesny [XL]"},"content":{"rendered":"<p><strong>Klub: <\/strong>Arsenal FC<\/p>\n<p><strong>Zawodnik: <\/strong>1 Szczesny<\/p>\n<p><strong>Sezon: <\/strong>2012\/13 <\/p>\n<p><strong>Rozmiar: <\/strong>XL<\/p>\n<p><strong>Stan: <\/strong>BNWT &#8211; Koszulka nowa, z metkami.<\/p>\n<p><strong>Wymiary (szeroko\u015b\u0107 pod pachami\/d\u0142ugo\u015b\u0107) w cm: <\/strong>60\/80<\/p>\n<p><strong>Dodatkowe informacje:<\/strong> Koszulka w niekomercyjnej wersji meczowej, wyr\u00f3\u017cniaj\u0105ca si\u0119 prasowan\u0105 metk\u0105 w \u015brodku i gumowymi T-Barami na ramionach.<\/p>","protected":false},"excerpt":{"rendered":"<p>BNWT PLAYER ISSUE Koszulka bramkarska Arsenal FC 2012\/13 1 Szczesny [XL]<\/p>","protected":false},"featured_media":5336,"template":"","meta":{"_kad_blocks_custom_css":"","_kad_blocks_head_custom_js":"","_kad_blocks_body_custom_js":"","_kad_blocks_footer_custom_js":"","_kad_post_transparent":"","_kad_post_title":"","_kad_post_layout":"","_kad_post_sidebar_id":"","_kad_post_content_style":"","_kad_post_vertical_padding":"","_kad_post_feature":"","_kad_post_feature_position":"","_kad_post_header":false,"_kad_post_footer":false},"product_brand":[55],"product_cat":[337,32,31,298],"product_tag":[],"class_list":{"0":"post-1969","1":"product","2":"type-product","3":"status-publish","4":"has-post-thumbnail","6":"product_brand-nike","7":"product_cat-arsenal-fc","8":"product_cat-kluby-angielskie","9":"product_cat-kluby-europejskie","10":"product_cat-polscy-pilkarze","11":"pa_napis-szczesny","12":"pa_numer-98","13":"pa_rozmiar-xl","14":"pa_sezon-2012-13","16":"first","17":"instock","18":"taxable","19":"shipping-taxable","20":"purchasable","21":"product-type-simple","22":"entry","23":"content-bg","24":"loop-entry"},"taxonomy_info":{"product_brand":[{"value":55,"label":"Nike"}],"product_cat":[{"value":337,"label":"Arsenal FC"},{"value":32,"label":"Kluby Angielskie"},{"value":31,"label":"Kluby Europejskie"},{"value":298,"label":"POLSCY PI\u0141KARZE"}],"pa_napis":[{"value":336,"label":"Szcz\u0119sny"}],"pa_numer":[{"value":98,"label":"1"}],"pa_rozmiar":[{"value":57,"label":"XL"}],"pa_sezon":[{"value":91,"label":"2012\/13"}]},"featured_image_src_large":["https:\/\/fts.you2.pl\/wp-content\/uploads\/2025\/09\/23516-BNWT-PLAYER-ISSUE-Koszulka-bramkarska-Arsenal-FC-201213-1-Szczesny-XL-1024x1024.jpg",1024,1024,true],"author_info":[],"comment_info":"","_links":{"self":[{"href":"https:\/\/fts.you2.pl\/de\/wp-json\/wp\/v2\/product\/1969","targetHints":{"allow":["GET"]}}],"collection":[{"href":"https:\/\/fts.you2.pl\/de\/wp-json\/wp\/v2\/product"}],"about":[{"href":"https:\/\/fts.you2.pl\/de\/wp-json\/wp\/v2\/types\/product"}],"wp:featuredmedia":[{"embeddable":true,"href":"https:\/\/fts.you2.pl\/de\/wp-json\/wp\/v2\/media\/5336"}],"wp:attachment":[{"href":"https:\/\/fts.you2.pl\/de\/wp-json\/wp\/v2\/media?parent=1969"}],"wp:term":[{"taxonomy":"product_brand","embeddable":true,"href":"https:\/\/fts.you2.pl\/de\/wp-json\/wp\/v2\/product_brand?post=1969"},{"taxonomy":"product_cat","embeddable":true,"href":"https:\/\/fts.you2.pl\/de\/wp-json\/wp\/v2\/product_cat?post=1969"},{"taxonomy":"product_tag","embeddable":true,"href":"https:\/\/fts.you2.pl\/de\/wp-json\/wp\/v2\/product_tag?post=1969"}],"curies":[{"name":"wp","href":"https:\/\/api.w.org\/{rel}","templated":true}]}}