{"id":1974,"date":"2023-04-29T08:53:10","date_gmt":"2023-04-29T06:53:10","guid":{"rendered":"https:\/\/fts.you2.pl\/index.php\/produkt\/gaa-county-laois-1996-97-home-xl\/"},"modified":"2025-09-18T16:58:28","modified_gmt":"2025-09-18T14:58:28","slug":"gaa-county-laois-1996-97-home-xl","status":"publish","type":"product","link":"https:\/\/fts.you2.pl\/de\/gaa-county-laois-1996-97-home-xl\/","title":{"rendered":"GAA County Laois 1996\/97 Home [XL]"},"content":{"rendered":"<p><strong>Klub: <\/strong>GAA County Laois<\/p>\n<p><strong>Sezon: <\/strong>1996\/97 Home<\/p>\n<p><strong>Rozmiar: <\/strong>XL<\/p>\n<p><strong>Stan: <\/strong>Bardzo dobry<\/p>\n<p><strong>Wymiary (szeroko\u015b\u0107 pod pachami\/d\u0142ugo\u015b\u0107) w cm: <\/strong>56\/75<\/p>","protected":false},"excerpt":{"rendered":"<p>GAA County Laois 1996\/97 Home [XL]<\/p>","protected":false},"featured_media":5377,"template":"","meta":{"_kad_blocks_custom_css":"","_kad_blocks_head_custom_js":"","_kad_blocks_body_custom_js":"","_kad_blocks_footer_custom_js":"","_kad_post_transparent":"","_kad_post_title":"","_kad_post_layout":"","_kad_post_sidebar_id":"","_kad_post_content_style":"","_kad_post_vertical_padding":"","_kad_post_feature":"","_kad_post_feature_position":"","_kad_post_header":false,"_kad_post_footer":false},"product_brand":[338],"product_cat":[25,110,177],"product_tag":[],"class_list":{"0":"post-1974","1":"product","2":"type-product","3":"status-publish","4":"has-post-thumbnail","6":"product_brand-oneills","7":"product_cat-inne","8":"product_cat-inne-sporty","9":"product_cat-pozostale-sporty","10":"pa_rozmiar-xl","11":"pa_sezon-1996-97","13":"first","14":"instock","15":"taxable","16":"shipping-taxable","17":"purchasable","18":"product-type-simple","19":"entry","20":"content-bg","21":"loop-entry"},"taxonomy_info":{"product_brand":[{"value":338,"label":"O'Neills"}],"product_cat":[{"value":25,"label":"Inne"},{"value":110,"label":"Inne sporty"},{"value":177,"label":"Pozosta\u0142e sporty"}],"pa_rozmiar":[{"value":57,"label":"XL"}],"pa_sezon":[{"value":247,"label":"1996\/97"}]},"featured_image_src_large":["https:\/\/fts.you2.pl\/wp-content\/uploads\/2025\/09\/23811-GAA-County-Laois-199697-Home-XL-1024x1024.jpg",1024,1024,true],"author_info":[],"comment_info":"","_links":{"self":[{"href":"https:\/\/fts.you2.pl\/de\/wp-json\/wp\/v2\/product\/1974","targetHints":{"allow":["GET"]}}],"collection":[{"href":"https:\/\/fts.you2.pl\/de\/wp-json\/wp\/v2\/product"}],"about":[{"href":"https:\/\/fts.you2.pl\/de\/wp-json\/wp\/v2\/types\/product"}],"wp:featuredmedia":[{"embeddable":true,"href":"https:\/\/fts.you2.pl\/de\/wp-json\/wp\/v2\/media\/5377"}],"wp:attachment":[{"href":"https:\/\/fts.you2.pl\/de\/wp-json\/wp\/v2\/media?parent=1974"}],"wp:term":[{"taxonomy":"product_brand","embeddable":true,"href":"https:\/\/fts.you2.pl\/de\/wp-json\/wp\/v2\/product_brand?post=1974"},{"taxonomy":"product_cat","embeddable":true,"href":"https:\/\/fts.you2.pl\/de\/wp-json\/wp\/v2\/product_cat?post=1974"},{"taxonomy":"product_tag","embeddable":true,"href":"https:\/\/fts.you2.pl\/de\/wp-json\/wp\/v2\/product_tag?post=1974"}],"curies":[{"name":"wp","href":"https:\/\/api.w.org\/{rel}","templated":true}]}}