{"id":1976,"date":"2023-04-29T08:53:13","date_gmt":"2023-04-29T06:53:13","guid":{"rendered":"https:\/\/fts.you2.pl\/index.php\/produkt\/stuttgarter-kickers-2014-15-home-16-leutenecker-m\/"},"modified":"2025-09-18T16:59:41","modified_gmt":"2025-09-18T14:59:41","slug":"stuttgarter-kickers-2014-15-home-16-leutenecker-m","status":"publish","type":"product","link":"https:\/\/fts.you2.pl\/de\/stuttgarter-kickers-2014-15-home-16-leutenecker-m\/","title":{"rendered":"Stuttgarter Kickers 2014\/15 Home 16 Leutenecker [M]"},"content":{"rendered":"<p><strong>Klub: <\/strong>Stuttgarter Kickers<\/p>\n<p><strong>Zawodnik: <\/strong>16 Leutenecker<\/p>\n<p><strong>Sezon: <\/strong>2014\/15 Home<\/p>\n<p><strong>Rozmiar: <\/strong>M<\/p>\n<p><strong>Stan: <\/strong>Doskona\u0142y<\/p>\n<p><strong>Wymiary (szeroko\u015b\u0107 pod pachami\/d\u0142ugo\u015b\u0107) w cm: <\/strong>49\/72(prz\u00f3d), 76(ty\u0142)<\/p>","protected":false},"excerpt":{"rendered":"<p>Stuttgarter Kickers 2014\/15 Home 16 Leutenecker [M]<\/p>","protected":false},"featured_media":5393,"template":"","meta":{"_kad_blocks_custom_css":"","_kad_blocks_head_custom_js":"","_kad_blocks_body_custom_js":"","_kad_blocks_footer_custom_js":"","_kad_post_transparent":"","_kad_post_title":"","_kad_post_layout":"","_kad_post_sidebar_id":"","_kad_post_content_style":"","_kad_post_vertical_padding":"","_kad_post_feature":"","_kad_post_feature_position":"","_kad_post_header":false,"_kad_post_footer":false},"product_brand":[299],"product_cat":[31,46,174],"product_tag":[],"class_list":{"0":"post-1976","1":"product","2":"type-product","3":"status-publish","4":"has-post-thumbnail","6":"product_brand-uhlsport","7":"product_cat-kluby-europejskie","8":"product_cat-kluby-niemieckie","9":"product_cat-pozostale-kluby-niemieckie","10":"pa_napis-leutenecker","11":"pa_numer-203","12":"pa_rozmiar-m","13":"pa_sezon-2014-15","15":"first","16":"instock","17":"taxable","18":"shipping-taxable","19":"purchasable","20":"product-type-simple","21":"entry","22":"content-bg","23":"loop-entry"},"taxonomy_info":{"product_brand":[{"value":299,"label":"Uhlsport"}],"product_cat":[{"value":31,"label":"Kluby Europejskie"},{"value":46,"label":"Kluby Niemieckie"},{"value":174,"label":"Pozosta\u0142e kluby niemieckie"}],"pa_napis":[{"value":340,"label":"Leutenecker"}],"pa_numer":[{"value":203,"label":"16"}],"pa_rozmiar":[{"value":28,"label":"M"}],"pa_sezon":[{"value":49,"label":"2014\/15"}]},"featured_image_src_large":["https:\/\/fts.you2.pl\/wp-content\/uploads\/2025\/09\/23774-Stuttgarter-Kickers-201415-Home-16-Leutenecker-M-1024x1024.jpg",1024,1024,true],"author_info":[],"comment_info":"","_links":{"self":[{"href":"https:\/\/fts.you2.pl\/de\/wp-json\/wp\/v2\/product\/1976","targetHints":{"allow":["GET"]}}],"collection":[{"href":"https:\/\/fts.you2.pl\/de\/wp-json\/wp\/v2\/product"}],"about":[{"href":"https:\/\/fts.you2.pl\/de\/wp-json\/wp\/v2\/types\/product"}],"wp:featuredmedia":[{"embeddable":true,"href":"https:\/\/fts.you2.pl\/de\/wp-json\/wp\/v2\/media\/5393"}],"wp:attachment":[{"href":"https:\/\/fts.you2.pl\/de\/wp-json\/wp\/v2\/media?parent=1976"}],"wp:term":[{"taxonomy":"product_brand","embeddable":true,"href":"https:\/\/fts.you2.pl\/de\/wp-json\/wp\/v2\/product_brand?post=1976"},{"taxonomy":"product_cat","embeddable":true,"href":"https:\/\/fts.you2.pl\/de\/wp-json\/wp\/v2\/product_cat?post=1976"},{"taxonomy":"product_tag","embeddable":true,"href":"https:\/\/fts.you2.pl\/de\/wp-json\/wp\/v2\/product_tag?post=1976"}],"curies":[{"name":"wp","href":"https:\/\/api.w.org\/{rel}","templated":true}]}}