{"id":1977,"date":"2023-04-29T08:53:14","date_gmt":"2023-04-29T06:53:14","guid":{"rendered":"https:\/\/fts.you2.pl\/index.php\/produkt\/rangers-fc-2000-01-away-22-flo-l\/"},"modified":"2025-09-18T16:59:48","modified_gmt":"2025-09-18T14:59:48","slug":"rangers-fc-2000-01-away-22-flo-l","status":"publish","type":"product","link":"https:\/\/fts.you2.pl\/de\/rangers-fc-2000-01-away-22-flo-l\/","title":{"rendered":"Rangers FC 2000\/01 Away 22 Flo [L]"},"content":{"rendered":"<p><strong>Klub: <\/strong>Rangers FC<\/p>\n<p><strong>Zawodnik: <\/strong>22 Flo<\/p>\n<p><strong>Sezon: <\/strong>2000\/01 Away<\/p>\n<p><strong>Rozmiar: <\/strong>L<\/p>\n<p><strong>Stan: <\/strong>Bardzo dobry &#8211; kilka mikro zaci\u0105gni\u0119\u0107.<\/p>\n<p><strong>Wymiary (szeroko\u015b\u0107 pod pachami\/d\u0142ugo\u015b\u0107) w cm: <\/strong>56\/71<\/p>","protected":false},"excerpt":{"rendered":"<p>Rangers FC 2000\/01 Away 22 Flo [L]<\/p>","protected":false},"featured_media":5399,"template":"","meta":{"_kad_blocks_custom_css":"","_kad_blocks_head_custom_js":"","_kad_blocks_body_custom_js":"","_kad_blocks_footer_custom_js":"","_kad_post_transparent":"","_kad_post_title":"","_kad_post_layout":"","_kad_post_sidebar_id":"","_kad_post_content_style":"","_kad_post_vertical_padding":"","_kad_post_feature":"","_kad_post_feature_position":"","_kad_post_header":false,"_kad_post_footer":false},"product_brand":[55],"product_cat":[31,50,235],"product_tag":[],"class_list":{"0":"post-1977","1":"product","2":"type-product","3":"status-publish","4":"has-post-thumbnail","6":"product_brand-nike","7":"product_cat-kluby-europejskie","8":"product_cat-kluby-europejskie-kluby-europejskie","9":"product_cat-szkocja","10":"pa_napis-flo","11":"pa_numer-182","12":"pa_rozmiar-l","13":"pa_sezon-2000-01","15":"first","16":"instock","17":"taxable","18":"shipping-taxable","19":"purchasable","20":"product-type-simple","21":"entry","22":"content-bg","23":"loop-entry"},"taxonomy_info":{"product_brand":[{"value":55,"label":"Nike"}],"product_cat":[{"value":31,"label":"Kluby Europejskie"},{"value":50,"label":"Kluby Europejskie"},{"value":235,"label":"Szkocja"}],"pa_napis":[{"value":341,"label":"Flo"}],"pa_numer":[{"value":182,"label":"22"}],"pa_rozmiar":[{"value":39,"label":"L"}],"pa_sezon":[{"value":205,"label":"2000\/01"}]},"featured_image_src_large":["https:\/\/fts.you2.pl\/wp-content\/uploads\/2025\/09\/PhotoRoom_001_20230810_154535-1024x1024.png",1024,1024,true],"author_info":[],"comment_info":"","_links":{"self":[{"href":"https:\/\/fts.you2.pl\/de\/wp-json\/wp\/v2\/product\/1977","targetHints":{"allow":["GET"]}}],"collection":[{"href":"https:\/\/fts.you2.pl\/de\/wp-json\/wp\/v2\/product"}],"about":[{"href":"https:\/\/fts.you2.pl\/de\/wp-json\/wp\/v2\/types\/product"}],"wp:featuredmedia":[{"embeddable":true,"href":"https:\/\/fts.you2.pl\/de\/wp-json\/wp\/v2\/media\/5399"}],"wp:attachment":[{"href":"https:\/\/fts.you2.pl\/de\/wp-json\/wp\/v2\/media?parent=1977"}],"wp:term":[{"taxonomy":"product_brand","embeddable":true,"href":"https:\/\/fts.you2.pl\/de\/wp-json\/wp\/v2\/product_brand?post=1977"},{"taxonomy":"product_cat","embeddable":true,"href":"https:\/\/fts.you2.pl\/de\/wp-json\/wp\/v2\/product_cat?post=1977"},{"taxonomy":"product_tag","embeddable":true,"href":"https:\/\/fts.you2.pl\/de\/wp-json\/wp\/v2\/product_tag?post=1977"}],"curies":[{"name":"wp","href":"https:\/\/api.w.org\/{rel}","templated":true}]}}