{"id":1980,"date":"2023-04-29T09:03:56","date_gmt":"2023-04-29T07:03:56","guid":{"rendered":"https:\/\/fts.you2.pl\/index.php\/produkt\/koszulka-sedziowska-dfu-2012-l\/"},"modified":"2025-09-18T17:01:13","modified_gmt":"2025-09-18T15:01:13","slug":"koszulka-sedziowska-dfu-2012-l","status":"publish","type":"product","link":"https:\/\/fts.you2.pl\/de\/koszulka-sedziowska-dfu-2012-l\/","title":{"rendered":"Koszulka s\u0119dziowska Du\u0144skiej Federacji Pi\u0142karskiej 2012 [L]"},"content":{"rendered":"<p><strong>Klub: <\/strong>DFU<\/p>\n<p><strong>Sezon: <\/strong>2012<\/p>\n<p><strong>Rozmiar: <\/strong>L<\/p>\n<p><strong>Stan: <\/strong>Bardzo dobry &#8211; zabrudzenie na ramieniu.<\/p>\n<p><strong>Wymiary (szeroko\u015b\u0107 pod pachami\/d\u0142ugo\u015b\u0107) w cm: <\/strong>55\/71(prz\u00f3d)\/77(ty\u0142)<\/p>","protected":false},"excerpt":{"rendered":"<p>Koszulka s\u0119dziowska DFU 2012 [L]<\/p>","protected":false},"featured_media":5428,"template":"","meta":{"_kad_blocks_custom_css":"","_kad_blocks_head_custom_js":"","_kad_blocks_body_custom_js":"","_kad_blocks_footer_custom_js":"","_kad_post_transparent":"","_kad_post_title":"","_kad_post_layout":"","_kad_post_sidebar_id":"","_kad_post_content_style":"","_kad_post_vertical_padding":"","_kad_post_feature":"","_kad_post_feature_position":"","_kad_post_header":false,"_kad_post_footer":false},"product_brand":[45],"product_cat":[25,31,50,176,73],"product_tag":[],"class_list":{"0":"post-1980","1":"product","2":"type-product","3":"status-publish","4":"has-post-thumbnail","6":"product_brand-adidas","7":"product_cat-inne","8":"product_cat-kluby-europejskie","9":"product_cat-kluby-europejskie-kluby-europejskie","10":"product_cat-koszulki-sedziowskie","11":"product_cat-skandynawia","12":"pa_rozmiar-l","13":"pa_sezon-266","15":"first","16":"instock","17":"taxable","18":"shipping-taxable","19":"purchasable","20":"product-type-simple","21":"entry","22":"content-bg","23":"loop-entry"},"taxonomy_info":{"product_brand":[{"value":45,"label":"Adidas"}],"product_cat":[{"value":25,"label":"Inne"},{"value":31,"label":"Kluby Europejskie"},{"value":50,"label":"Kluby Europejskie"},{"value":176,"label":"Koszulki s\u0119dziowskie"},{"value":73,"label":"Skandynawia"}],"pa_rozmiar":[{"value":39,"label":"L"}],"pa_sezon":[{"value":266,"label":"2012"}]},"featured_image_src_large":["https:\/\/fts.you2.pl\/wp-content\/uploads\/2025\/09\/23665-Koszulka-sedziowska-DFU-2012-L-1024x1024.jpg",1024,1024,true],"author_info":[],"comment_info":"","_links":{"self":[{"href":"https:\/\/fts.you2.pl\/de\/wp-json\/wp\/v2\/product\/1980","targetHints":{"allow":["GET"]}}],"collection":[{"href":"https:\/\/fts.you2.pl\/de\/wp-json\/wp\/v2\/product"}],"about":[{"href":"https:\/\/fts.you2.pl\/de\/wp-json\/wp\/v2\/types\/product"}],"wp:featuredmedia":[{"embeddable":true,"href":"https:\/\/fts.you2.pl\/de\/wp-json\/wp\/v2\/media\/5428"}],"wp:attachment":[{"href":"https:\/\/fts.you2.pl\/de\/wp-json\/wp\/v2\/media?parent=1980"}],"wp:term":[{"taxonomy":"product_brand","embeddable":true,"href":"https:\/\/fts.you2.pl\/de\/wp-json\/wp\/v2\/product_brand?post=1980"},{"taxonomy":"product_cat","embeddable":true,"href":"https:\/\/fts.you2.pl\/de\/wp-json\/wp\/v2\/product_cat?post=1980"},{"taxonomy":"product_tag","embeddable":true,"href":"https:\/\/fts.you2.pl\/de\/wp-json\/wp\/v2\/product_tag?post=1980"}],"curies":[{"name":"wp","href":"https:\/\/api.w.org\/{rel}","templated":true}]}}