{"id":1981,"date":"2023-04-29T09:03:56","date_gmt":"2023-04-29T07:03:56","guid":{"rendered":"https:\/\/fts.you2.pl\/index.php\/produkt\/aston-villa-2004-05-home-5xl\/"},"modified":"2025-09-18T17:01:23","modified_gmt":"2025-09-18T15:01:23","slug":"aston-villa-2004-05-home-5xl","status":"publish","type":"product","link":"https:\/\/fts.you2.pl\/de\/aston-villa-2004-05-home-5xl\/","title":{"rendered":"Aston Villa 2004\/05 Home [3XL]"},"content":{"rendered":"<p><strong>Klub: <\/strong>Aston Villa<\/p>\n<p><strong>Sezon: <\/strong>2004\/05 Home<\/p>\n<p><strong>Rozmiar: <\/strong>3XL<\/p>\n<p><strong>Stan: <\/strong>Bardzo dobry &#8211; jedno drobne zaci\u0105gni\u0119cie na plecach.<\/p>\n<p><strong>Wymiary (szeroko\u015b\u0107 pod pachami\/d\u0142ugo\u015b\u0107) w cm: <\/strong>73\/85<\/p>","protected":false},"excerpt":{"rendered":"<p>Aston Villa 2004\/05 Home [3XL]<\/p>","protected":false},"featured_media":5437,"template":"","meta":{"_kad_blocks_custom_css":"","_kad_blocks_head_custom_js":"","_kad_blocks_body_custom_js":"","_kad_blocks_footer_custom_js":"","_kad_post_transparent":"","_kad_post_title":"","_kad_post_layout":"","_kad_post_sidebar_id":"","_kad_post_content_style":"","_kad_post_vertical_padding":"","_kad_post_feature":"","_kad_post_feature_position":"","_kad_post_header":false,"_kad_post_footer":false},"product_brand":[201],"product_cat":[32,31,33],"product_tag":[],"class_list":{"0":"post-1981","1":"product","2":"type-product","3":"status-publish","4":"has-post-thumbnail","6":"product_brand-hummel","7":"product_cat-kluby-angielskie","8":"product_cat-kluby-europejskie","9":"product_cat-pozostale-kluby-angielskie","10":"pa_rozmiar-3xl","11":"pa_sezon-2004-05","13":"first","14":"instock","15":"taxable","16":"shipping-taxable","17":"purchasable","18":"product-type-simple","19":"entry","20":"content-bg","21":"loop-entry"},"taxonomy_info":{"product_brand":[{"value":201,"label":"Hummel"}],"product_cat":[{"value":32,"label":"Kluby Angielskie"},{"value":31,"label":"Kluby Europejskie"},{"value":33,"label":"Pozosta\u0142e kluby angielskie"}],"pa_rozmiar":[{"value":342,"label":"3XL"}],"pa_sezon":[{"value":216,"label":"2004\/05"}]},"featured_image_src_large":["https:\/\/fts.you2.pl\/wp-content\/uploads\/2025\/09\/23656-Aston-Villa-200405-Home-3XL-1024x1024.jpg",1024,1024,true],"author_info":[],"comment_info":"","_links":{"self":[{"href":"https:\/\/fts.you2.pl\/de\/wp-json\/wp\/v2\/product\/1981","targetHints":{"allow":["GET"]}}],"collection":[{"href":"https:\/\/fts.you2.pl\/de\/wp-json\/wp\/v2\/product"}],"about":[{"href":"https:\/\/fts.you2.pl\/de\/wp-json\/wp\/v2\/types\/product"}],"wp:featuredmedia":[{"embeddable":true,"href":"https:\/\/fts.you2.pl\/de\/wp-json\/wp\/v2\/media\/5437"}],"wp:attachment":[{"href":"https:\/\/fts.you2.pl\/de\/wp-json\/wp\/v2\/media?parent=1981"}],"wp:term":[{"taxonomy":"product_brand","embeddable":true,"href":"https:\/\/fts.you2.pl\/de\/wp-json\/wp\/v2\/product_brand?post=1981"},{"taxonomy":"product_cat","embeddable":true,"href":"https:\/\/fts.you2.pl\/de\/wp-json\/wp\/v2\/product_cat?post=1981"},{"taxonomy":"product_tag","embeddable":true,"href":"https:\/\/fts.you2.pl\/de\/wp-json\/wp\/v2\/product_tag?post=1981"}],"curies":[{"name":"wp","href":"https:\/\/api.w.org\/{rel}","templated":true}]}}