{"id":1982,"date":"2023-04-29T09:04:03","date_gmt":"2023-04-29T07:04:03","guid":{"rendered":"https:\/\/fts.you2.pl\/index.php\/produkt\/match-issue-schalke-04-2004-05-home-15-waldoch-xxl\/"},"modified":"2025-09-18T17:01:29","modified_gmt":"2025-09-18T15:01:29","slug":"match-issue-schalke-04-2004-05-home-15-waldoch-xxl","status":"publish","type":"product","link":"https:\/\/fts.you2.pl\/de\/match-issue-schalke-04-2004-05-home-15-waldoch-xxl\/","title":{"rendered":"MATCH ISSUE Schalke 04 2004\/05 Home 15 Waldoch [XXL]"},"content":{"rendered":"<p><strong>Klub: <\/strong>Schalke 04<\/p>\n<p><strong>Zawodnik: <\/strong>15 Waldoch<\/p>\n<p><strong>Sezon: <\/strong>2004\/05 Home<\/p>\n<p><strong>Rozmiar: <\/strong>XXL<\/p>\n<p><strong>Stan: <\/strong>Zadowalaj\u0105cy &#8211; zabrudzony herb klubowy, pop\u0119kany nadruk sponsora i zwi\u0105zane z nim bia\u0142e zabrudzenia na koszulce oraz mikro p\u0119kni\u0119cie na numerze na plecach.<\/p>\n<p><strong>Wymiary (szeroko\u015b\u0107 pod pachami\/d\u0142ugo\u015b\u0107) w cm: <\/strong>60\/73(prz\u00f3d), 80(ty\u0142)<\/p>\n<p><strong>Dodatkowe informacje:<\/strong> Koszulka meczowa Tomasza Wa\u0142docha z czas\u00f3w gry w Schalke 04. Trykot nabyli\u015bmy ze zbior\u00f3w niemieckiego kolekcjonera koszulek tego klubu. Technologia oraz rozmiar zgodne wersji meczowej, nie mamy jednak potwierdzenia, czy dok\u0142adnie w tej koszulce Wa\u0142doch wyst\u0105pi\u0142 w meczu, ale bior\u0105c pod uwag\u0119 jej stan jest to bardzo prawdopdobne.<\/p>","protected":false},"excerpt":{"rendered":"<p>MATCH ISSUE Schalke 04 2004\/05 Home 15 Waldoch [XXL]<\/p>","protected":false},"featured_media":5443,"template":"","meta":{"_kad_blocks_custom_css":"","_kad_blocks_head_custom_js":"","_kad_blocks_body_custom_js":"","_kad_blocks_footer_custom_js":"","_kad_post_transparent":"","_kad_post_title":"","_kad_post_layout":"","_kad_post_sidebar_id":"","_kad_post_content_style":"","_kad_post_vertical_padding":"","_kad_post_feature":"","_kad_post_feature_position":"","_kad_post_header":false,"_kad_post_footer":false},"product_brand":[45],"product_cat":[31,46,173,298,316],"product_tag":[],"class_list":{"0":"post-1982","1":"product","2":"type-product","3":"status-publish","4":"has-post-thumbnail","6":"product_brand-adidas","7":"product_cat-kluby-europejskie","8":"product_cat-kluby-niemieckie","9":"product_cat-match-worn-issue","10":"product_cat-polscy-pilkarze","11":"product_cat-schalke-04","12":"pa_napis-waldoch","13":"pa_numer-250","14":"pa_rozmiar-xxl","15":"pa_sezon-2004-05","17":"first","18":"instock","19":"taxable","20":"shipping-taxable","21":"purchasable","22":"product-type-simple","23":"entry","24":"content-bg","25":"loop-entry"},"taxonomy_info":{"product_brand":[{"value":45,"label":"Adidas"}],"product_cat":[{"value":31,"label":"Kluby Europejskie"},{"value":46,"label":"Kluby Niemieckie"},{"value":173,"label":"MATCH WORN &amp; ISSUE"},{"value":298,"label":"POLSCY PI\u0141KARZE"},{"value":316,"label":"Schalke 04"}],"pa_napis":[{"value":343,"label":"Waldoch"}],"pa_numer":[{"value":250,"label":"15"}],"pa_rozmiar":[{"value":71,"label":"XXL"}],"pa_sezon":[{"value":216,"label":"2004\/05"}]},"featured_image_src_large":["https:\/\/fts.you2.pl\/wp-content\/uploads\/2025\/09\/23558-MATCH-ISSUE-Schalke-04-200405-Home-15-Waldoch-XXL-1024x1024.jpg",1024,1024,true],"author_info":[],"comment_info":"","_links":{"self":[{"href":"https:\/\/fts.you2.pl\/de\/wp-json\/wp\/v2\/product\/1982","targetHints":{"allow":["GET"]}}],"collection":[{"href":"https:\/\/fts.you2.pl\/de\/wp-json\/wp\/v2\/product"}],"about":[{"href":"https:\/\/fts.you2.pl\/de\/wp-json\/wp\/v2\/types\/product"}],"wp:featuredmedia":[{"embeddable":true,"href":"https:\/\/fts.you2.pl\/de\/wp-json\/wp\/v2\/media\/5443"}],"wp:attachment":[{"href":"https:\/\/fts.you2.pl\/de\/wp-json\/wp\/v2\/media?parent=1982"}],"wp:term":[{"taxonomy":"product_brand","embeddable":true,"href":"https:\/\/fts.you2.pl\/de\/wp-json\/wp\/v2\/product_brand?post=1982"},{"taxonomy":"product_cat","embeddable":true,"href":"https:\/\/fts.you2.pl\/de\/wp-json\/wp\/v2\/product_cat?post=1982"},{"taxonomy":"product_tag","embeddable":true,"href":"https:\/\/fts.you2.pl\/de\/wp-json\/wp\/v2\/product_tag?post=1982"}],"curies":[{"name":"wp","href":"https:\/\/api.w.org\/{rel}","templated":true}]}}