{"id":1984,"date":"2023-05-05T14:09:13","date_gmt":"2023-05-05T12:09:13","guid":{"rendered":"https:\/\/fts.you2.pl\/index.php\/produkt\/juventus-fc-2015-16-third-s\/"},"modified":"2025-09-19T10:32:37","modified_gmt":"2025-09-19T08:32:37","slug":"juventus-fc-2015-16-third-s","status":"publish","type":"product","link":"https:\/\/fts.you2.pl\/de\/juventus-fc-2015-16-third-s\/","title":{"rendered":"Juventus FC 2015\/16 Third [S]"},"content":{"rendered":"<p><strong>Klub: <\/strong>Juventus FC<\/p>\n<p><strong>Sezon: <\/strong>2015\/16 Third<\/p>\n<p><strong>Rozmiar: <\/strong>S<\/p>\n<p><strong>Stan: <\/strong>Bardzo dobry &#8211; delikatne przetarcia materia\u0142u na r\u0119kawkach.<\/p>\n<p><strong>Wymiary (szeroko\u015b\u0107 pod pachami\/d\u0142ugo\u015b\u0107) w cm: <\/strong>47\/70<\/p>","protected":false},"excerpt":{"rendered":"<p>Juventus FC 2015\/16 Third [S]<\/p>","protected":false},"featured_media":10879,"template":"","meta":{"_kad_blocks_custom_css":"","_kad_blocks_head_custom_js":"","_kad_blocks_body_custom_js":"","_kad_blocks_footer_custom_js":"","_kad_post_transparent":"","_kad_post_title":"","_kad_post_layout":"","_kad_post_sidebar_id":"","_kad_post_content_style":"","_kad_post_vertical_padding":"","_kad_post_feature":"","_kad_post_feature_position":"","_kad_post_header":false,"_kad_post_footer":false},"product_brand":[45],"product_cat":[118,31,117],"product_tag":[],"class_list":{"0":"post-1984","1":"product","2":"type-product","3":"status-publish","4":"has-post-thumbnail","6":"product_brand-adidas","7":"product_cat-juventus-fc","8":"product_cat-kluby-europejskie","9":"product_cat-kluby-wloskie","10":"pa_rozmiar-s","11":"pa_sezon-2015-16","13":"first","14":"instock","15":"taxable","16":"shipping-taxable","17":"purchasable","18":"product-type-simple","19":"entry","20":"content-bg","21":"loop-entry"},"taxonomy_info":{"product_brand":[{"value":45,"label":"Adidas"}],"product_cat":[{"value":118,"label":"Juventus FC"},{"value":31,"label":"Kluby Europejskie"},{"value":117,"label":"Kluby W\u0142oskie"}],"pa_rozmiar":[{"value":19,"label":"S"}],"pa_sezon":[{"value":128,"label":"2015\/16"}]},"featured_image_src_large":["https:\/\/fts.you2.pl\/wp-content\/uploads\/2025\/09\/Photoroom_010_20241208_135645-1024x1024.png",1024,1024,true],"author_info":[],"comment_info":"","_links":{"self":[{"href":"https:\/\/fts.you2.pl\/de\/wp-json\/wp\/v2\/product\/1984","targetHints":{"allow":["GET"]}}],"collection":[{"href":"https:\/\/fts.you2.pl\/de\/wp-json\/wp\/v2\/product"}],"about":[{"href":"https:\/\/fts.you2.pl\/de\/wp-json\/wp\/v2\/types\/product"}],"wp:featuredmedia":[{"embeddable":true,"href":"https:\/\/fts.you2.pl\/de\/wp-json\/wp\/v2\/media\/10879"}],"wp:attachment":[{"href":"https:\/\/fts.you2.pl\/de\/wp-json\/wp\/v2\/media?parent=1984"}],"wp:term":[{"taxonomy":"product_brand","embeddable":true,"href":"https:\/\/fts.you2.pl\/de\/wp-json\/wp\/v2\/product_brand?post=1984"},{"taxonomy":"product_cat","embeddable":true,"href":"https:\/\/fts.you2.pl\/de\/wp-json\/wp\/v2\/product_cat?post=1984"},{"taxonomy":"product_tag","embeddable":true,"href":"https:\/\/fts.you2.pl\/de\/wp-json\/wp\/v2\/product_tag?post=1984"}],"curies":[{"name":"wp","href":"https:\/\/api.w.org\/{rel}","templated":true}]}}