{"id":1987,"date":"2023-05-05T14:14:03","date_gmt":"2023-05-05T12:14:03","guid":{"rendered":"https:\/\/fts.you2.pl\/index.php\/produkt\/udinese-1995-96-home-20-bierhoff-s\/"},"modified":"2025-09-18T17:02:25","modified_gmt":"2025-09-18T15:02:25","slug":"udinese-1995-96-home-20-bierhoff-s","status":"publish","type":"product","link":"https:\/\/fts.you2.pl\/de\/udinese-1995-96-home-20-bierhoff-s\/","title":{"rendered":"Udinese 1995\/96 Home 20 Bierhoff [S]"},"content":{"rendered":"<p><strong>Klub: <\/strong>Udinese<\/p>\n<p><strong>Zawodnik: <\/strong>20 Bierhoff<\/p>\n<p><strong>Sezon: <\/strong>1995\/96 Home<\/p>\n<p><strong>Rozmiar: <\/strong>S<\/p>\n<p><strong>Stan: <\/strong>Zadowalaj\u0105cy &#8211; sporo niewielkich zaci\u0105gni\u0119\u0107, odklejaj\u0105ca si\u0119 literka 'T&#8217; w nadruku sponsora oraz uszkodzony numer na plecach.<\/p>\n<p><strong>Wymiary (szeroko\u015b\u0107 pod pachami\/d\u0142ugo\u015b\u0107) w cm: <\/strong>51\/66<\/p>","protected":false},"excerpt":{"rendered":"<p>Udinese 1995\/96 Home 20 Bierhoff [S]<\/p>","protected":false},"featured_media":5491,"template":"","meta":{"_kad_blocks_custom_css":"","_kad_blocks_head_custom_js":"","_kad_blocks_body_custom_js":"","_kad_blocks_footer_custom_js":"","_kad_post_transparent":"","_kad_post_title":"","_kad_post_layout":"","_kad_post_sidebar_id":"","_kad_post_content_style":"","_kad_post_vertical_padding":"","_kad_post_feature":"","_kad_post_feature_position":"","_kad_post_header":false,"_kad_post_footer":false},"product_brand":[201],"product_cat":[31,117,152],"product_tag":[],"class_list":{"0":"post-1987","1":"product","2":"type-product","3":"status-publish","4":"has-post-thumbnail","6":"product_brand-hummel","7":"product_cat-kluby-europejskie","8":"product_cat-kluby-wloskie","9":"product_cat-pozostale-kluby-wloskie","10":"pa_napis-bierhoff","11":"pa_numer-123","12":"pa_rozmiar-s","13":"pa_sezon-1995-96","15":"first","16":"instock","17":"taxable","18":"shipping-taxable","19":"purchasable","20":"product-type-simple","21":"entry","22":"content-bg","23":"loop-entry"},"taxonomy_info":{"product_brand":[{"value":201,"label":"Hummel"}],"product_cat":[{"value":31,"label":"Kluby Europejskie"},{"value":117,"label":"Kluby W\u0142oskie"},{"value":152,"label":"Pozosta\u0142e kluby w\u0142oskie"}],"pa_napis":[{"value":345,"label":"Bierhoff"}],"pa_numer":[{"value":123,"label":"20"}],"pa_rozmiar":[{"value":19,"label":"S"}],"pa_sezon":[{"value":66,"label":"1995\/96"}]},"featured_image_src_large":["https:\/\/fts.you2.pl\/wp-content\/uploads\/2025\/09\/24210-Udinese-199596-Home-20-Bierhoff-S-1024x1024.jpg",1024,1024,true],"author_info":[],"comment_info":"","_links":{"self":[{"href":"https:\/\/fts.you2.pl\/de\/wp-json\/wp\/v2\/product\/1987","targetHints":{"allow":["GET"]}}],"collection":[{"href":"https:\/\/fts.you2.pl\/de\/wp-json\/wp\/v2\/product"}],"about":[{"href":"https:\/\/fts.you2.pl\/de\/wp-json\/wp\/v2\/types\/product"}],"wp:featuredmedia":[{"embeddable":true,"href":"https:\/\/fts.you2.pl\/de\/wp-json\/wp\/v2\/media\/5491"}],"wp:attachment":[{"href":"https:\/\/fts.you2.pl\/de\/wp-json\/wp\/v2\/media?parent=1987"}],"wp:term":[{"taxonomy":"product_brand","embeddable":true,"href":"https:\/\/fts.you2.pl\/de\/wp-json\/wp\/v2\/product_brand?post=1987"},{"taxonomy":"product_cat","embeddable":true,"href":"https:\/\/fts.you2.pl\/de\/wp-json\/wp\/v2\/product_cat?post=1987"},{"taxonomy":"product_tag","embeddable":true,"href":"https:\/\/fts.you2.pl\/de\/wp-json\/wp\/v2\/product_tag?post=1987"}],"curies":[{"name":"wp","href":"https:\/\/api.w.org\/{rel}","templated":true}]}}