{"id":1992,"date":"2023-05-05T14:14:09","date_gmt":"2023-05-05T12:14:09","guid":{"rendered":"https:\/\/fts.you2.pl\/index.php\/produkt\/match-issue-u21-atalanta-1995-96-home-11\/"},"modified":"2025-09-18T17:03:23","modified_gmt":"2025-09-18T15:03:23","slug":"match-issue-u21-atalanta-1995-96-home-11","status":"publish","type":"product","link":"https:\/\/fts.you2.pl\/de\/match-issue-u21-atalanta-1995-96-home-11\/","title":{"rendered":"MATCH ISSUE U21 Atalanta BC 1995\/96 Home 11 [L]"},"content":{"rendered":"<p><strong>Klub: <\/strong>Atalanta BC<\/p>\n<p><strong>Sezon: <\/strong>1995\/96 Home<\/p>\n<p><strong>Rozmiar:\u00a0<\/strong>L<\/p>\n<p><strong>Stan: <\/strong>Zadowalaj\u0105cy &#8211; delikatnie uszkodzony numer na plecach oraz zaszyte rozerwanie materia\u0142u pod ko\u0142nierzem.<\/p>\n<p><strong>Wymiary (szeroko\u015b\u0107 pod pachami\/d\u0142ugo\u015b\u0107) w cm: <\/strong>57\/71<\/p>\n<p><strong>Dodatkowe informacje:<\/strong> Jest to najprawdopodobniej meczowa koszulka pierwszego zespo\u0142u Atalanty z lat 93\/94 przerobiona na koszulk\u0119 m\u0142odzie\u017cow\u0105. Wskazywa\u0107 mo\u017ce na to nowy herb (u\u017cywany od 1996) naszyty w miejscu starego, oraz nowy nadruk sponsora. Numer zgadza si\u0119 z tym, kt\u00f3rych u\u017cywa\u0142 pierwszy zesp\u00f3\u0142 i nie zosta\u0142 przerobiony.<\/p>","protected":false},"excerpt":{"rendered":"<p>MATCH ISSUE U21 Atalanta BC 1995\/96 Home 11 [L]<\/p>","protected":false},"featured_media":5541,"template":"","meta":{"_kad_blocks_custom_css":"","_kad_blocks_head_custom_js":"","_kad_blocks_body_custom_js":"","_kad_blocks_footer_custom_js":"","_kad_post_transparent":"","_kad_post_title":"","_kad_post_layout":"","_kad_post_sidebar_id":"","_kad_post_content_style":"","_kad_post_vertical_padding":"","_kad_post_feature":"","_kad_post_feature_position":"","_kad_post_header":false,"_kad_post_footer":false},"product_brand":[69],"product_cat":[31,117,152],"product_tag":[],"class_list":{"0":"post-1992","1":"product","2":"type-product","3":"status-publish","4":"has-post-thumbnail","6":"product_brand-lotto","7":"product_cat-kluby-europejskie","8":"product_cat-kluby-wloskie","9":"product_cat-pozostale-kluby-wloskie","10":"pa_numer-148","11":"pa_rozmiar-l","12":"pa_sezon-1995-96","14":"first","15":"instock","16":"taxable","17":"shipping-taxable","18":"purchasable","19":"product-type-simple","20":"entry","21":"content-bg","22":"loop-entry"},"taxonomy_info":{"product_brand":[{"value":69,"label":"Lotto"}],"product_cat":[{"value":31,"label":"Kluby Europejskie"},{"value":117,"label":"Kluby W\u0142oskie"},{"value":152,"label":"Pozosta\u0142e kluby w\u0142oskie"}],"pa_numer":[{"value":148,"label":"11"}],"pa_rozmiar":[{"value":39,"label":"L"}],"pa_sezon":[{"value":66,"label":"1995\/96"}]},"featured_image_src_large":["https:\/\/fts.you2.pl\/wp-content\/uploads\/2025\/09\/24187-MATCH-ISSUE-U21-Atalanta-BC-199596-Home-11-L-1024x1024.jpg",1024,1024,true],"author_info":[],"comment_info":"","_links":{"self":[{"href":"https:\/\/fts.you2.pl\/de\/wp-json\/wp\/v2\/product\/1992","targetHints":{"allow":["GET"]}}],"collection":[{"href":"https:\/\/fts.you2.pl\/de\/wp-json\/wp\/v2\/product"}],"about":[{"href":"https:\/\/fts.you2.pl\/de\/wp-json\/wp\/v2\/types\/product"}],"wp:featuredmedia":[{"embeddable":true,"href":"https:\/\/fts.you2.pl\/de\/wp-json\/wp\/v2\/media\/5541"}],"wp:attachment":[{"href":"https:\/\/fts.you2.pl\/de\/wp-json\/wp\/v2\/media?parent=1992"}],"wp:term":[{"taxonomy":"product_brand","embeddable":true,"href":"https:\/\/fts.you2.pl\/de\/wp-json\/wp\/v2\/product_brand?post=1992"},{"taxonomy":"product_cat","embeddable":true,"href":"https:\/\/fts.you2.pl\/de\/wp-json\/wp\/v2\/product_cat?post=1992"},{"taxonomy":"product_tag","embeddable":true,"href":"https:\/\/fts.you2.pl\/de\/wp-json\/wp\/v2\/product_tag?post=1992"}],"curies":[{"name":"wp","href":"https:\/\/api.w.org\/{rel}","templated":true}]}}