{"id":2004,"date":"2023-05-14T10:10:43","date_gmt":"2023-05-14T08:10:43","guid":{"rendered":"https:\/\/fts.you2.pl\/index.php\/produkt\/autografy-vfl-bochum-2008-09-home-m\/"},"modified":"2025-09-18T17:05:23","modified_gmt":"2025-09-18T15:05:23","slug":"autografy-vfl-bochum-2008-09-home-m","status":"publish","type":"product","link":"https:\/\/fts.you2.pl\/de\/autografy-vfl-bochum-2008-09-home-m\/","title":{"rendered":"VFL Bochum 2008\/09 Home [M] + AUTOGRAFY"},"content":{"rendered":"<p><strong>Klub: <\/strong>VFL Bochum<\/p>\n<p><strong>Sezon: <\/strong>2008\/09 Home<\/p>\n<p><strong>Rozmiar: <\/strong>M<\/p>\n<p><strong>Stan: <\/strong>Doskona\u0142y<\/p>\n<p><strong>Wymiary (szeroko\u015b\u0107 pod pachami\/d\u0142ugo\u015b\u0107) w cm: <\/strong>50\/73<\/p>","protected":false},"excerpt":{"rendered":"<p>AUTOGRAFY VFL Bochum 2008\/09 Home [M]<\/p>","protected":false},"featured_media":5647,"template":"","meta":{"_kad_blocks_custom_css":"","_kad_blocks_head_custom_js":"","_kad_blocks_body_custom_js":"","_kad_blocks_footer_custom_js":"","_kad_post_transparent":"","_kad_post_title":"","_kad_post_layout":"","_kad_post_sidebar_id":"","_kad_post_content_style":"","_kad_post_vertical_padding":"","_kad_post_feature":"","_kad_post_feature_position":"","_kad_post_header":false,"_kad_post_footer":false},"product_brand":[320],"product_cat":[31,46,174],"product_tag":[],"class_list":{"0":"post-2004","1":"product","2":"type-product","3":"status-publish","4":"has-post-thumbnail","6":"product_brand-dyf","7":"product_cat-kluby-europejskie","8":"product_cat-kluby-niemieckie","9":"product_cat-pozostale-kluby-niemieckie","10":"pa_rozmiar-m","11":"pa_sezon-2008-09","13":"first","14":"instock","15":"taxable","16":"shipping-taxable","17":"purchasable","18":"product-type-simple","19":"entry","20":"content-bg","21":"loop-entry"},"taxonomy_info":{"product_brand":[{"value":320,"label":"DYF"}],"product_cat":[{"value":31,"label":"Kluby Europejskie"},{"value":46,"label":"Kluby Niemieckie"},{"value":174,"label":"Pozosta\u0142e kluby niemieckie"}],"pa_rozmiar":[{"value":28,"label":"M"}],"pa_sezon":[{"value":72,"label":"2008\/09"}]},"featured_image_src_large":["https:\/\/fts.you2.pl\/wp-content\/uploads\/2025\/09\/24277-AUTOGRAFY-VFL-Bochum-200809-Home-M-1024x1024.jpg",1024,1024,true],"author_info":[],"comment_info":"","_links":{"self":[{"href":"https:\/\/fts.you2.pl\/de\/wp-json\/wp\/v2\/product\/2004","targetHints":{"allow":["GET"]}}],"collection":[{"href":"https:\/\/fts.you2.pl\/de\/wp-json\/wp\/v2\/product"}],"about":[{"href":"https:\/\/fts.you2.pl\/de\/wp-json\/wp\/v2\/types\/product"}],"wp:featuredmedia":[{"embeddable":true,"href":"https:\/\/fts.you2.pl\/de\/wp-json\/wp\/v2\/media\/5647"}],"wp:attachment":[{"href":"https:\/\/fts.you2.pl\/de\/wp-json\/wp\/v2\/media?parent=2004"}],"wp:term":[{"taxonomy":"product_brand","embeddable":true,"href":"https:\/\/fts.you2.pl\/de\/wp-json\/wp\/v2\/product_brand?post=2004"},{"taxonomy":"product_cat","embeddable":true,"href":"https:\/\/fts.you2.pl\/de\/wp-json\/wp\/v2\/product_cat?post=2004"},{"taxonomy":"product_tag","embeddable":true,"href":"https:\/\/fts.you2.pl\/de\/wp-json\/wp\/v2\/product_tag?post=2004"}],"curies":[{"name":"wp","href":"https:\/\/api.w.org\/{rel}","templated":true}]}}