{"id":2007,"date":"2023-05-21T14:50:22","date_gmt":"2023-05-21T12:50:22","guid":{"rendered":"https:\/\/fts.you2.pl\/index.php\/produkt\/rcd-mallorca-1997-99-home-s\/"},"modified":"2025-09-18T17:05:47","modified_gmt":"2025-09-18T15:05:47","slug":"rcd-mallorca-1997-99-home-s","status":"publish","type":"product","link":"https:\/\/fts.you2.pl\/de\/rcd-mallorca-1997-99-home-s\/","title":{"rendered":"RCD Mallorca 1997\/99 Home [S]"},"content":{"rendered":"<p><strong>Klub: <\/strong>RCD Mallorca<\/p>\n<p><strong>Sezon: <\/strong>1997\/99 Home<\/p>\n<p><strong>Rozmiar: <\/strong>S<\/p>\n<p><strong>Stan: <\/strong>Zadowalaj\u0105cy &#8211; koszulka posiada miejscami sporo zaci\u0105gni\u0119\u0107 oraz zabrudzenie na plecach.<\/p>\n<p><strong>Wymiary (szeroko\u015b\u0107 pod pachami\/d\u0142ugo\u015b\u0107) w cm: <\/strong>55\/64(prz\u00f3d), 69(ty\u0142)<\/p>","protected":false},"excerpt":{"rendered":"<p>RCD Mallorca 1997\/99 Home [S]<\/p>","protected":false},"featured_media":5668,"template":"","meta":{"_kad_blocks_custom_css":"","_kad_blocks_head_custom_js":"","_kad_blocks_body_custom_js":"","_kad_blocks_footer_custom_js":"","_kad_post_transparent":"","_kad_post_title":"","_kad_post_layout":"","_kad_post_sidebar_id":"","_kad_post_content_style":"","_kad_post_vertical_padding":"","_kad_post_feature":"","_kad_post_feature_position":"","_kad_post_header":false,"_kad_post_footer":false},"product_brand":[164],"product_cat":[31,87,88],"product_tag":[],"class_list":{"0":"post-2007","1":"product","2":"type-product","3":"status-publish","4":"has-post-thumbnail","6":"product_brand-kelme","7":"product_cat-kluby-europejskie","8":"product_cat-kluby-hiszpanskie","9":"product_cat-pozostale-kluby-hiszpanskie","10":"pa_rozmiar-s","11":"pa_sezon-1997-99","13":"first","14":"instock","15":"taxable","16":"shipping-taxable","17":"purchasable","18":"product-type-simple","19":"entry","20":"content-bg","21":"loop-entry"},"taxonomy_info":{"product_brand":[{"value":164,"label":"Kelme"}],"product_cat":[{"value":31,"label":"Kluby Europejskie"},{"value":87,"label":"Kluby Hiszpa\u0144skie"},{"value":88,"label":"Pozosta\u0142e kluby hiszpa\u0144skie"}],"pa_rozmiar":[{"value":19,"label":"S"}],"pa_sezon":[{"value":197,"label":"1997\/99"}]},"featured_image_src_large":["https:\/\/fts.you2.pl\/wp-content\/uploads\/2025\/09\/25007-RCD-Mallorca-199799-Home-S-1024x1024.jpg",1024,1024,true],"author_info":[],"comment_info":"","_links":{"self":[{"href":"https:\/\/fts.you2.pl\/de\/wp-json\/wp\/v2\/product\/2007","targetHints":{"allow":["GET"]}}],"collection":[{"href":"https:\/\/fts.you2.pl\/de\/wp-json\/wp\/v2\/product"}],"about":[{"href":"https:\/\/fts.you2.pl\/de\/wp-json\/wp\/v2\/types\/product"}],"wp:featuredmedia":[{"embeddable":true,"href":"https:\/\/fts.you2.pl\/de\/wp-json\/wp\/v2\/media\/5668"}],"wp:attachment":[{"href":"https:\/\/fts.you2.pl\/de\/wp-json\/wp\/v2\/media?parent=2007"}],"wp:term":[{"taxonomy":"product_brand","embeddable":true,"href":"https:\/\/fts.you2.pl\/de\/wp-json\/wp\/v2\/product_brand?post=2007"},{"taxonomy":"product_cat","embeddable":true,"href":"https:\/\/fts.you2.pl\/de\/wp-json\/wp\/v2\/product_cat?post=2007"},{"taxonomy":"product_tag","embeddable":true,"href":"https:\/\/fts.you2.pl\/de\/wp-json\/wp\/v2\/product_tag?post=2007"}],"curies":[{"name":"wp","href":"https:\/\/api.w.org\/{rel}","templated":true}]}}