{"id":2012,"date":"2023-05-21T14:53:44","date_gmt":"2023-05-21T12:53:44","guid":{"rendered":"https:\/\/fts.you2.pl\/index.php\/produkt\/fc-sachsen-lipsk-1996-97-home-50-kohler-xxl\/"},"modified":"2025-09-18T17:11:09","modified_gmt":"2025-09-18T15:11:09","slug":"fc-sachsen-lipsk-1996-97-home-50-kohler-xxl","status":"publish","type":"product","link":"https:\/\/fts.you2.pl\/de\/fc-sachsen-lipsk-1996-97-home-50-kohler-xxl\/","title":{"rendered":"FC Sachsen Lipsk 1996\/97 Home 50 Kohler [XXL]"},"content":{"rendered":"<p><strong>Klub: <\/strong>FC Sachsen Lipsk<\/p>\n<p><strong>Zawodnik: <\/strong>50 Kohler<\/p>\n<p><strong>Sezon: <\/strong>1996\/97 Home<\/p>\n<p><strong>Rozmiar: <\/strong>XXL<\/p>\n<p><strong>Stan: <\/strong>Bardzo dobry &#8211; z\u017c\u00f3\u0142kni\u0119ty materia\u0142 na jednym z r\u0119kawk\u00f3w.<\/p>\n<p><strong>Wymiary (szeroko\u015b\u0107 pod pachami\/d\u0142ugo\u015b\u0107) w cm: <\/strong>63\/78<\/p>","protected":false},"excerpt":{"rendered":"<p>FC Sachsen Lipsk 1996\/97 Home 50 Kohler [XXL]<\/p>","protected":false},"featured_media":5719,"template":"","meta":{"_kad_blocks_custom_css":"","_kad_blocks_head_custom_js":"","_kad_blocks_body_custom_js":"","_kad_blocks_footer_custom_js":"","_kad_post_transparent":"","_kad_post_title":"","_kad_post_layout":"","_kad_post_sidebar_id":"","_kad_post_content_style":"","_kad_post_vertical_padding":"","_kad_post_feature":"","_kad_post_feature_position":"","_kad_post_header":false,"_kad_post_footer":false},"product_brand":[201],"product_cat":[31,46,174],"product_tag":[],"class_list":{"0":"post-2012","1":"product","2":"type-product","3":"status-publish","4":"has-post-thumbnail","6":"product_brand-hummel","7":"product_cat-kluby-europejskie","8":"product_cat-kluby-niemieckie","9":"product_cat-pozostale-kluby-niemieckie","10":"pa_napis-kohler","11":"pa_numer-360","12":"pa_rozmiar-xxl","13":"pa_sezon-1996-97","15":"first","16":"instock","17":"taxable","18":"shipping-taxable","19":"purchasable","20":"product-type-simple","21":"entry","22":"content-bg","23":"loop-entry"},"taxonomy_info":{"product_brand":[{"value":201,"label":"Hummel"}],"product_cat":[{"value":31,"label":"Kluby Europejskie"},{"value":46,"label":"Kluby Niemieckie"},{"value":174,"label":"Pozosta\u0142e kluby niemieckie"}],"pa_napis":[{"value":195,"label":"Kohler"}],"pa_numer":[{"value":360,"label":"50"}],"pa_rozmiar":[{"value":71,"label":"XXL"}],"pa_sezon":[{"value":247,"label":"1996\/97"}]},"featured_image_src_large":["https:\/\/fts.you2.pl\/wp-content\/uploads\/2025\/09\/24725-FC-Sachsen-Lipsk-199697-Home-50-Kohler-XXL-1024x1024.jpg",1024,1024,true],"author_info":[],"comment_info":"","_links":{"self":[{"href":"https:\/\/fts.you2.pl\/de\/wp-json\/wp\/v2\/product\/2012","targetHints":{"allow":["GET"]}}],"collection":[{"href":"https:\/\/fts.you2.pl\/de\/wp-json\/wp\/v2\/product"}],"about":[{"href":"https:\/\/fts.you2.pl\/de\/wp-json\/wp\/v2\/types\/product"}],"wp:featuredmedia":[{"embeddable":true,"href":"https:\/\/fts.you2.pl\/de\/wp-json\/wp\/v2\/media\/5719"}],"wp:attachment":[{"href":"https:\/\/fts.you2.pl\/de\/wp-json\/wp\/v2\/media?parent=2012"}],"wp:term":[{"taxonomy":"product_brand","embeddable":true,"href":"https:\/\/fts.you2.pl\/de\/wp-json\/wp\/v2\/product_brand?post=2012"},{"taxonomy":"product_cat","embeddable":true,"href":"https:\/\/fts.you2.pl\/de\/wp-json\/wp\/v2\/product_cat?post=2012"},{"taxonomy":"product_tag","embeddable":true,"href":"https:\/\/fts.you2.pl\/de\/wp-json\/wp\/v2\/product_tag?post=2012"}],"curies":[{"name":"wp","href":"https:\/\/api.w.org\/{rel}","templated":true}]}}