{"id":2013,"date":"2023-05-21T14:53:48","date_gmt":"2023-05-21T12:53:48","guid":{"rendered":"https:\/\/fts.you2.pl\/index.php\/produkt\/bolton-wanderers-2001-03-home-15-nolan-s\/"},"modified":"2025-09-18T17:12:11","modified_gmt":"2025-09-18T15:12:11","slug":"bolton-wanderers-2001-03-home-15-nolan-s","status":"publish","type":"product","link":"https:\/\/fts.you2.pl\/de\/bolton-wanderers-2001-03-home-15-nolan-s\/","title":{"rendered":"Bolton Wanderers 2001\/03 Home 15 Nolan [S]"},"content":{"rendered":"<p><strong>Klub: <\/strong>Bolton Wanderers<\/p>\n<p><strong>Zawodnik: <\/strong>15 Nolan<\/p>\n<p><strong>Sezon: <\/strong>2001\/03 Home<\/p>\n<p><strong>Rozmiar: <\/strong>S<\/p>\n<p><strong>Stan: <\/strong>S\u0142aby &#8211; sporo mikro zaci\u0105gni\u0119\u0107 oraz mocne zabrudzenie na ramieniu.<\/p>\n<p><strong>Wymiary (szeroko\u015b\u0107 pod pachami\/d\u0142ugo\u015b\u0107) w cm: <\/strong>50\/68<\/p>","protected":false},"excerpt":{"rendered":"<p>Bolton Wanderers 2001\/03 Home 15 Nolan [S]<\/p>","protected":false},"featured_media":5728,"template":"","meta":{"_kad_blocks_custom_css":"","_kad_blocks_head_custom_js":"","_kad_blocks_body_custom_js":"","_kad_blocks_footer_custom_js":"","_kad_post_transparent":"","_kad_post_title":"","_kad_post_layout":"","_kad_post_sidebar_id":"","_kad_post_content_style":"","_kad_post_vertical_padding":"","_kad_post_feature":"","_kad_post_feature_position":"","_kad_post_header":false,"_kad_post_footer":false},"product_brand":[30],"product_cat":[32,31,33],"product_tag":[],"class_list":{"0":"post-2013","1":"product","2":"type-product","3":"status-publish","4":"has-post-thumbnail","6":"product_brand-reebok","7":"product_cat-kluby-angielskie","8":"product_cat-kluby-europejskie","9":"product_cat-pozostale-kluby-angielskie","10":"pa_napis-nolan","11":"pa_numer-250","12":"pa_rozmiar-s","13":"pa_sezon-2001-03","15":"first","16":"instock","17":"taxable","18":"shipping-taxable","19":"purchasable","20":"product-type-simple","21":"entry","22":"content-bg","23":"loop-entry"},"taxonomy_info":{"product_brand":[{"value":30,"label":"Reebok"}],"product_cat":[{"value":32,"label":"Kluby Angielskie"},{"value":31,"label":"Kluby Europejskie"},{"value":33,"label":"Pozosta\u0142e kluby angielskie"}],"pa_napis":[{"value":361,"label":"Nolan"}],"pa_numer":[{"value":250,"label":"15"}],"pa_rozmiar":[{"value":19,"label":"S"}],"pa_sezon":[{"value":362,"label":"2001\/03"}]},"featured_image_src_large":["https:\/\/fts.you2.pl\/wp-content\/uploads\/2025\/09\/24661-Bolton-Wanderers-200103-Home-15-Nolan-S-1024x1024.jpg",1024,1024,true],"author_info":[],"comment_info":"","_links":{"self":[{"href":"https:\/\/fts.you2.pl\/de\/wp-json\/wp\/v2\/product\/2013","targetHints":{"allow":["GET"]}}],"collection":[{"href":"https:\/\/fts.you2.pl\/de\/wp-json\/wp\/v2\/product"}],"about":[{"href":"https:\/\/fts.you2.pl\/de\/wp-json\/wp\/v2\/types\/product"}],"wp:featuredmedia":[{"embeddable":true,"href":"https:\/\/fts.you2.pl\/de\/wp-json\/wp\/v2\/media\/5728"}],"wp:attachment":[{"href":"https:\/\/fts.you2.pl\/de\/wp-json\/wp\/v2\/media?parent=2013"}],"wp:term":[{"taxonomy":"product_brand","embeddable":true,"href":"https:\/\/fts.you2.pl\/de\/wp-json\/wp\/v2\/product_brand?post=2013"},{"taxonomy":"product_cat","embeddable":true,"href":"https:\/\/fts.you2.pl\/de\/wp-json\/wp\/v2\/product_cat?post=2013"},{"taxonomy":"product_tag","embeddable":true,"href":"https:\/\/fts.you2.pl\/de\/wp-json\/wp\/v2\/product_tag?post=2013"}],"curies":[{"name":"wp","href":"https:\/\/api.w.org\/{rel}","templated":true}]}}