{"id":2015,"date":"2023-05-27T10:44:28","date_gmt":"2023-05-27T08:44:28","guid":{"rendered":"https:\/\/fts.you2.pl\/index.php\/produkt\/player-issue-borussia-dortmund-2014-15-home-xxl\/"},"modified":"2025-09-18T17:14:38","modified_gmt":"2025-09-18T15:14:38","slug":"player-issue-borussia-dortmund-2014-15-home-xxl","status":"publish","type":"product","link":"https:\/\/fts.you2.pl\/de\/player-issue-borussia-dortmund-2014-15-home-xxl\/","title":{"rendered":"PLAYER ISSUE Koszulka pucharowa Borussia Dortmund 2014\/15 [XXL]"},"content":{"rendered":"<p><strong>Klub: <\/strong>Borussia Dortmund<\/p>\n<p><strong>Sezon: <\/strong>2014\/15 Home<\/p>\n<p><strong>Rozmiar: <\/strong>XXL<\/p>\n<p><strong>Stan: <\/strong>Bardzo dobry &#8211; jedna mikro dziurka na karku.<\/p>\n<p><strong>Wymiary (szeroko\u015b\u0107 pod pachami\/d\u0142ugo\u015b\u0107) w cm: <\/strong>49\/76<\/p>\n<p><strong>Dodatkowe informacje:<\/strong> Jest to koszulka wykonana w najwy\u017cszej wersji, meczowej, kt\u00f3r\u0105 wyr\u00f3\u017cnia du\u017ca rozci\u0105gliwo\u015b\u0107, przyleganie do cia\u0142a oraz gumowe elementy. Realnie wypada na rozmiar mniejszy ni\u017c z metki i jest rekomendowana dla os\u00f3b o atletycznej budowie cia\u0142a.<\/p>","protected":false},"excerpt":{"rendered":"<p>PLAYER ISSUE Koszulka pucharowa Borussia Dortmund 2014\/15 [XXL]<\/p>","protected":false},"featured_media":5749,"template":"","meta":{"_kad_blocks_custom_css":"","_kad_blocks_head_custom_js":"","_kad_blocks_body_custom_js":"","_kad_blocks_footer_custom_js":"","_kad_post_transparent":"","_kad_post_title":"","_kad_post_layout":"","_kad_post_sidebar_id":"","_kad_post_content_style":"","_kad_post_vertical_padding":"","_kad_post_feature":"","_kad_post_feature_position":"","_kad_post_header":false,"_kad_post_footer":false},"product_brand":[86],"product_cat":[65,31,46],"product_tag":[],"class_list":{"0":"post-2015","1":"product","2":"type-product","3":"status-publish","4":"has-post-thumbnail","6":"product_brand-puma","7":"product_cat-borussia-dortmund","8":"product_cat-kluby-europejskie","9":"product_cat-kluby-niemieckie","10":"pa_rozmiar-xxl","11":"pa_sezon-2014-15","13":"first","14":"instock","15":"taxable","16":"shipping-taxable","17":"purchasable","18":"product-type-simple","19":"entry","20":"content-bg","21":"loop-entry"},"taxonomy_info":{"product_brand":[{"value":86,"label":"Puma"}],"product_cat":[{"value":65,"label":"Borussia Dortmund"},{"value":31,"label":"Kluby Europejskie"},{"value":46,"label":"Kluby Niemieckie"}],"pa_rozmiar":[{"value":71,"label":"XXL"}],"pa_sezon":[{"value":49,"label":"2014\/15"}]},"featured_image_src_large":["https:\/\/fts.you2.pl\/wp-content\/uploads\/2025\/09\/25127-PLAYER-ISSUE-Koszulka-pucharowa-Borussia-Dortmund-201415-XXL-1024x1024.jpg",1024,1024,true],"author_info":[],"comment_info":"","_links":{"self":[{"href":"https:\/\/fts.you2.pl\/de\/wp-json\/wp\/v2\/product\/2015","targetHints":{"allow":["GET"]}}],"collection":[{"href":"https:\/\/fts.you2.pl\/de\/wp-json\/wp\/v2\/product"}],"about":[{"href":"https:\/\/fts.you2.pl\/de\/wp-json\/wp\/v2\/types\/product"}],"wp:featuredmedia":[{"embeddable":true,"href":"https:\/\/fts.you2.pl\/de\/wp-json\/wp\/v2\/media\/5749"}],"wp:attachment":[{"href":"https:\/\/fts.you2.pl\/de\/wp-json\/wp\/v2\/media?parent=2015"}],"wp:term":[{"taxonomy":"product_brand","embeddable":true,"href":"https:\/\/fts.you2.pl\/de\/wp-json\/wp\/v2\/product_brand?post=2015"},{"taxonomy":"product_cat","embeddable":true,"href":"https:\/\/fts.you2.pl\/de\/wp-json\/wp\/v2\/product_cat?post=2015"},{"taxonomy":"product_tag","embeddable":true,"href":"https:\/\/fts.you2.pl\/de\/wp-json\/wp\/v2\/product_tag?post=2015"}],"curies":[{"name":"wp","href":"https:\/\/api.w.org\/{rel}","templated":true}]}}