{"id":2019,"date":"2023-06-01T11:43:32","date_gmt":"2023-06-01T09:43:32","guid":{"rendered":"https:\/\/fts.you2.pl\/index.php\/produkt\/fci-levadia-tallinn-2004-05-away-11-l\/"},"modified":"2025-09-18T17:19:28","modified_gmt":"2025-09-18T15:19:28","slug":"fci-levadia-tallinn-2004-05-away-11-l","status":"publish","type":"product","link":"https:\/\/fts.you2.pl\/de\/fci-levadia-tallinn-2004-05-away-11-l\/","title":{"rendered":"FCI Levadia Tallinn 2004\/05 Away 11 [L]"},"content":{"rendered":"<p><strong>Klub: <\/strong>FCI Levadia Tallinn<\/p>\n<p><strong>Sezon: <\/strong>2004\/05 Away<\/p>\n<p><strong>Rozmiar: <\/strong>L<\/p>\n<p><strong>Stan: <\/strong>Bardzo dobry<\/p>\n<p><strong>Wymiary (szeroko\u015b\u0107 pod pachami\/d\u0142ugo\u015b\u0107) w cm: <\/strong>58\/72<\/p>","protected":false},"excerpt":{"rendered":"<p>FCI Levadia Tallinn 2004\/05 Away 11 [L]<\/p>","protected":false},"featured_media":5789,"template":"","meta":{"_kad_blocks_custom_css":"","_kad_blocks_head_custom_js":"","_kad_blocks_body_custom_js":"","_kad_blocks_footer_custom_js":"","_kad_post_transparent":"","_kad_post_title":"","_kad_post_layout":"","_kad_post_sidebar_id":"","_kad_post_content_style":"","_kad_post_vertical_padding":"","_kad_post_feature":"","_kad_post_feature_position":"","_kad_post_header":false,"_kad_post_footer":false},"product_brand":[45],"product_cat":[31,50,60],"product_tag":[],"class_list":{"0":"post-2019","1":"product","2":"type-product","3":"status-publish","4":"has-post-thumbnail","6":"product_brand-adidas","7":"product_cat-kluby-europejskie","8":"product_cat-kluby-europejskie-kluby-europejskie","9":"product_cat-pozostale-kluby-europejskie","10":"pa_numer-148","11":"pa_rozmiar-l","12":"pa_sezon-2004-05","14":"first","15":"instock","16":"taxable","17":"shipping-taxable","18":"purchasable","19":"product-type-simple","20":"entry","21":"content-bg","22":"loop-entry"},"taxonomy_info":{"product_brand":[{"value":45,"label":"Adidas"}],"product_cat":[{"value":31,"label":"Kluby Europejskie"},{"value":50,"label":"Kluby Europejskie"},{"value":60,"label":"Pozosta\u0142e kluby europejskie"}],"pa_numer":[{"value":148,"label":"11"}],"pa_rozmiar":[{"value":39,"label":"L"}],"pa_sezon":[{"value":216,"label":"2004\/05"}]},"featured_image_src_large":["https:\/\/fts.you2.pl\/wp-content\/uploads\/2025\/09\/25269-FCI-Levadia-Tallinn-200405-Away-11-L-1024x1024.jpg",1024,1024,true],"author_info":[],"comment_info":"","_links":{"self":[{"href":"https:\/\/fts.you2.pl\/de\/wp-json\/wp\/v2\/product\/2019","targetHints":{"allow":["GET"]}}],"collection":[{"href":"https:\/\/fts.you2.pl\/de\/wp-json\/wp\/v2\/product"}],"about":[{"href":"https:\/\/fts.you2.pl\/de\/wp-json\/wp\/v2\/types\/product"}],"wp:featuredmedia":[{"embeddable":true,"href":"https:\/\/fts.you2.pl\/de\/wp-json\/wp\/v2\/media\/5789"}],"wp:attachment":[{"href":"https:\/\/fts.you2.pl\/de\/wp-json\/wp\/v2\/media?parent=2019"}],"wp:term":[{"taxonomy":"product_brand","embeddable":true,"href":"https:\/\/fts.you2.pl\/de\/wp-json\/wp\/v2\/product_brand?post=2019"},{"taxonomy":"product_cat","embeddable":true,"href":"https:\/\/fts.you2.pl\/de\/wp-json\/wp\/v2\/product_cat?post=2019"},{"taxonomy":"product_tag","embeddable":true,"href":"https:\/\/fts.you2.pl\/de\/wp-json\/wp\/v2\/product_tag?post=2019"}],"curies":[{"name":"wp","href":"https:\/\/api.w.org\/{rel}","templated":true}]}}