{"id":2021,"date":"2023-06-01T11:43:34","date_gmt":"2023-06-01T09:43:34","guid":{"rendered":"https:\/\/fts.you2.pl\/index.php\/produkt\/match-issue-hiszpania-1984-86-home-4-maceda-m\/"},"modified":"2025-09-18T17:22:17","modified_gmt":"2025-09-18T15:22:17","slug":"match-issue-hiszpania-1984-86-home-4-maceda-m","status":"publish","type":"product","link":"https:\/\/fts.you2.pl\/de\/match-issue-hiszpania-1984-86-home-4-maceda-m\/","title":{"rendered":"MATCH ISSUE Hiszpania 1984\/86 Home 4 [M]"},"content":{"rendered":"<p><strong>Klub: <\/strong>Hiszpania<\/p>\n<p><strong>Numer:<\/strong> 4 &#8211; w pierwszym zespole wyst\u0119powa\u0142 z nim Antonio Maceda<\/p>\n<p><strong>Sezon: <\/strong>1984\/86 Home<\/p>\n<p><strong>Rozmiar: <\/strong>M<\/p>\n<p><strong>Stan: <\/strong>Bardzo dobry<\/p>\n<p><strong>Wymiary (szeroko\u015b\u0107 pod pachami\/d\u0142ugo\u015b\u0107) w cm: <\/strong>52\/73<\/p>\n<p><strong>Dodatkowe informacje:<\/strong> Koszulka meczowa reprezentacji Hiszpanii u\u017cywana od 1984 do 1986 roku, w tym Euro 84 we Francji, gdzie Hiszpania przegra\u0142a w finale ulegaj\u0105c gospodarzom turnieju.<\/p>","protected":false},"excerpt":{"rendered":"<p>MATCH ISSUE Hiszpania 1984\/86 Home 4 [M]<\/p>","protected":false},"featured_media":5808,"template":"","meta":{"_kad_blocks_custom_css":"","_kad_blocks_head_custom_js":"","_kad_blocks_body_custom_js":"","_kad_blocks_footer_custom_js":"","_kad_post_transparent":"","_kad_post_title":"","_kad_post_layout":"","_kad_post_sidebar_id":"","_kad_post_content_style":"","_kad_post_vertical_padding":"","_kad_post_feature":"","_kad_post_feature_position":"","_kad_post_header":false,"_kad_post_footer":false},"product_brand":[96],"product_cat":[23,368,173,22],"product_tag":[],"class_list":{"0":"post-2021","1":"product","2":"type-product","3":"status-publish","4":"has-post-thumbnail","6":"product_brand-le-coq-sportif","7":"product_cat-europa","8":"product_cat-hiszpania","9":"product_cat-match-worn-issue","10":"product_cat-reprezentacje","11":"pa_napis-maceda","12":"pa_numer-154","13":"pa_rozmiar-m","14":"pa_sezon-1984-86","16":"first","17":"instock","18":"taxable","19":"shipping-taxable","20":"purchasable","21":"product-type-simple","22":"entry","23":"content-bg","24":"loop-entry"},"taxonomy_info":{"product_brand":[{"value":96,"label":"Le Coq Sportif"}],"product_cat":[{"value":23,"label":"Europa"},{"value":368,"label":"Hiszpania"},{"value":173,"label":"MATCH WORN &amp; ISSUE"},{"value":22,"label":"REPREZENTACJE"}],"pa_napis":[{"value":366,"label":"Maceda"}],"pa_numer":[{"value":154,"label":"4"}],"pa_rozmiar":[{"value":28,"label":"M"}],"pa_sezon":[{"value":367,"label":"1984\/86"}]},"featured_image_src_large":["https:\/\/fts.you2.pl\/wp-content\/uploads\/2025\/09\/25293-MATCH-ISSUE-Hiszpania-198486-Home-4-M-1024x1024.jpg",1024,1024,true],"author_info":[],"comment_info":"","_links":{"self":[{"href":"https:\/\/fts.you2.pl\/de\/wp-json\/wp\/v2\/product\/2021","targetHints":{"allow":["GET"]}}],"collection":[{"href":"https:\/\/fts.you2.pl\/de\/wp-json\/wp\/v2\/product"}],"about":[{"href":"https:\/\/fts.you2.pl\/de\/wp-json\/wp\/v2\/types\/product"}],"wp:featuredmedia":[{"embeddable":true,"href":"https:\/\/fts.you2.pl\/de\/wp-json\/wp\/v2\/media\/5808"}],"wp:attachment":[{"href":"https:\/\/fts.you2.pl\/de\/wp-json\/wp\/v2\/media?parent=2021"}],"wp:term":[{"taxonomy":"product_brand","embeddable":true,"href":"https:\/\/fts.you2.pl\/de\/wp-json\/wp\/v2\/product_brand?post=2021"},{"taxonomy":"product_cat","embeddable":true,"href":"https:\/\/fts.you2.pl\/de\/wp-json\/wp\/v2\/product_cat?post=2021"},{"taxonomy":"product_tag","embeddable":true,"href":"https:\/\/fts.you2.pl\/de\/wp-json\/wp\/v2\/product_tag?post=2021"}],"curies":[{"name":"wp","href":"https:\/\/api.w.org\/{rel}","templated":true}]}}