{"id":2023,"date":"2023-06-01T11:43:41","date_gmt":"2023-06-01T09:43:41","guid":{"rendered":"https:\/\/fts.you2.pl\/index.php\/produkt\/sheffield-united-fc-2006-07-home-xxl-2\/"},"modified":"2025-09-17T13:20:39","modified_gmt":"2025-09-17T11:20:39","slug":"sheffield-united-fc-2006-07-home-xxl-2","status":"publish","type":"product","link":"https:\/\/fts.you2.pl\/de\/sheffield-united-fc-2006-07-home-xxl-2\/","title":{"rendered":"Sheffield United FC 2006\/07 Home [XXL]"},"content":{"rendered":"<p><strong>Klub: <\/strong>Sheffield United FC<\/p>\n<p><strong>Sezon: <\/strong>2006\/07 Home<\/p>\n<p><strong>Rozmiar: <\/strong>XXL<\/p>\n<p><strong>Stan: <\/strong>Zadowalaj\u0105cy &#8211; uszkodzona nalepka z rozmiarem na karku i nadruk sponsora na froncie oraz drobne zabrudzenie na r\u0119kawku.<\/p>\n<p><strong>Wymiary (szeroko\u015b\u0107 pod pachami\/d\u0142ugo\u015b\u0107) w cm: <\/strong>57\/72<\/p>","protected":false},"excerpt":{"rendered":"<p>Sheffield United FC 2006\/07 Home [XXL]<\/p>","protected":false},"featured_media":0,"template":"","meta":{"_kad_blocks_custom_css":"","_kad_blocks_head_custom_js":"","_kad_blocks_body_custom_js":"","_kad_blocks_footer_custom_js":"","_kad_post_transparent":"","_kad_post_title":"","_kad_post_layout":"","_kad_post_sidebar_id":"","_kad_post_content_style":"","_kad_post_vertical_padding":"","_kad_post_feature":"","_kad_post_feature_position":"","_kad_post_header":false,"_kad_post_footer":false},"product_brand":[96],"product_cat":[32,31,33],"product_tag":[],"class_list":{"0":"post-2023","1":"product","2":"type-product","3":"status-publish","5":"product_brand-le-coq-sportif","6":"product_cat-kluby-angielskie","7":"product_cat-kluby-europejskie","8":"product_cat-pozostale-kluby-angielskie","9":"pa_rozmiar-xxl","10":"pa_sezon-2006-07","12":"first","13":"instock","14":"taxable","15":"shipping-taxable","16":"purchasable","17":"product-type-simple","18":"entry","19":"content-bg","20":"loop-entry"},"taxonomy_info":{"product_brand":[{"value":96,"label":"Le Coq Sportif"}],"product_cat":[{"value":32,"label":"Kluby Angielskie"},{"value":31,"label":"Kluby Europejskie"},{"value":33,"label":"Pozosta\u0142e kluby angielskie"}],"pa_rozmiar":[{"value":71,"label":"XXL"}],"pa_sezon":[{"value":40,"label":"2006\/07"}]},"featured_image_src_large":false,"author_info":[],"comment_info":"","_links":{"self":[{"href":"https:\/\/fts.you2.pl\/de\/wp-json\/wp\/v2\/product\/2023","targetHints":{"allow":["GET"]}}],"collection":[{"href":"https:\/\/fts.you2.pl\/de\/wp-json\/wp\/v2\/product"}],"about":[{"href":"https:\/\/fts.you2.pl\/de\/wp-json\/wp\/v2\/types\/product"}],"wp:attachment":[{"href":"https:\/\/fts.you2.pl\/de\/wp-json\/wp\/v2\/media?parent=2023"}],"wp:term":[{"taxonomy":"product_brand","embeddable":true,"href":"https:\/\/fts.you2.pl\/de\/wp-json\/wp\/v2\/product_brand?post=2023"},{"taxonomy":"product_cat","embeddable":true,"href":"https:\/\/fts.you2.pl\/de\/wp-json\/wp\/v2\/product_cat?post=2023"},{"taxonomy":"product_tag","embeddable":true,"href":"https:\/\/fts.you2.pl\/de\/wp-json\/wp\/v2\/product_tag?post=2023"}],"curies":[{"name":"wp","href":"https:\/\/api.w.org\/{rel}","templated":true}]}}