{"id":2026,"date":"2023-06-01T11:43:46","date_gmt":"2023-06-01T09:43:46","guid":{"rendered":"https:\/\/fts.you2.pl\/index.php\/produkt\/holandia-2010-12-away-14-de-zeeuw-m\/"},"modified":"2025-09-18T17:27:44","modified_gmt":"2025-09-18T15:27:44","slug":"holandia-2010-12-away-14-de-zeeuw-m","status":"publish","type":"product","link":"https:\/\/fts.you2.pl\/de\/holandia-2010-12-away-14-de-zeeuw-m\/","title":{"rendered":"Holandia 2010\/12 Away 14 De Zeeuw [M]"},"content":{"rendered":"<p><strong>Klub: <\/strong>Holandia<\/p>\n<p><strong>Zawodnik: <\/strong>14 De Zeeuw<\/p>\n<p><strong>Sezon: <\/strong>2010\/12 Away<\/p>\n<p><strong>Rozmiar: <\/strong>M<\/p>\n<p><strong>Stan:<\/strong> Dobry &#8211; koszulka posiada miejscami drobne, kolorowe zabrudzenia od pask\u00f3w na koszulce.\u00a0<\/p>\n<p><strong>Wymiary (szeroko\u015b\u0107 pod pachami\/d\u0142ugo\u015b\u0107) w cm: <\/strong>56\/71<\/p>\n<p><strong>Dodatkowe informacje:<\/strong> Zalecamy r\u0119czne mycie tej koszulki przy u\u017cyciu zimnej wody ze wzgledu na ryzyko przej\u015bcia kolor\u00f3w z gumowych pask\u00f3w na materia\u0142 koszulki.<\/p>","protected":false},"excerpt":{"rendered":"<p>Holandia 2010\/12 Away 14 De Zeeuw [M]<\/p>","protected":false},"featured_media":5852,"template":"","meta":{"_kad_blocks_custom_css":"","_kad_blocks_head_custom_js":"","_kad_blocks_body_custom_js":"","_kad_blocks_footer_custom_js":"","_kad_post_transparent":"","_kad_post_title":"","_kad_post_layout":"","_kad_post_sidebar_id":"","_kad_post_content_style":"","_kad_post_vertical_padding":"","_kad_post_feature":"","_kad_post_feature_position":"","_kad_post_header":false,"_kad_post_footer":false},"product_brand":[55],"product_cat":[23,113,22],"product_tag":[],"class_list":{"0":"post-2026","1":"product","2":"type-product","3":"status-publish","4":"has-post-thumbnail","6":"product_brand-nike","7":"product_cat-europa","8":"product_cat-holandia","9":"product_cat-reprezentacje","10":"pa_napis-de-zeeuw","11":"pa_numer-372","12":"pa_rozmiar-m","13":"pa_sezon-2010-12","15":"first","16":"instock","17":"taxable","18":"shipping-taxable","19":"purchasable","20":"product-type-simple","21":"entry","22":"content-bg","23":"loop-entry"},"taxonomy_info":{"product_brand":[{"value":55,"label":"Nike"}],"product_cat":[{"value":23,"label":"Europa"},{"value":113,"label":"Holandia"},{"value":22,"label":"REPREZENTACJE"}],"pa_napis":[{"value":371,"label":"De Zeeuw"}],"pa_numer":[{"value":372,"label":"14"}],"pa_rozmiar":[{"value":28,"label":"M"}],"pa_sezon":[{"value":273,"label":"2010\/12"}]},"featured_image_src_large":["https:\/\/fts.you2.pl\/wp-content\/uploads\/2025\/09\/25956-Holandia-201012-Away-14-De-Zeeuw-M-1024x1024.jpg",1024,1024,true],"author_info":[],"comment_info":"","_links":{"self":[{"href":"https:\/\/fts.you2.pl\/de\/wp-json\/wp\/v2\/product\/2026","targetHints":{"allow":["GET"]}}],"collection":[{"href":"https:\/\/fts.you2.pl\/de\/wp-json\/wp\/v2\/product"}],"about":[{"href":"https:\/\/fts.you2.pl\/de\/wp-json\/wp\/v2\/types\/product"}],"wp:featuredmedia":[{"embeddable":true,"href":"https:\/\/fts.you2.pl\/de\/wp-json\/wp\/v2\/media\/5852"}],"wp:attachment":[{"href":"https:\/\/fts.you2.pl\/de\/wp-json\/wp\/v2\/media?parent=2026"}],"wp:term":[{"taxonomy":"product_brand","embeddable":true,"href":"https:\/\/fts.you2.pl\/de\/wp-json\/wp\/v2\/product_brand?post=2026"},{"taxonomy":"product_cat","embeddable":true,"href":"https:\/\/fts.you2.pl\/de\/wp-json\/wp\/v2\/product_cat?post=2026"},{"taxonomy":"product_tag","embeddable":true,"href":"https:\/\/fts.you2.pl\/de\/wp-json\/wp\/v2\/product_tag?post=2026"}],"curies":[{"name":"wp","href":"https:\/\/api.w.org\/{rel}","templated":true}]}}