{"id":2027,"date":"2023-06-01T11:43:47","date_gmt":"2023-06-01T09:43:47","guid":{"rendered":"https:\/\/fts.you2.pl\/index.php\/produkt\/rangers-fc-2002-03-home-xxl\/"},"modified":"2025-09-18T22:16:19","modified_gmt":"2025-09-18T20:16:19","slug":"rangers-fc-2002-03-home-xxl","status":"publish","type":"product","link":"https:\/\/fts.you2.pl\/de\/rangers-fc-2002-03-home-xxl\/","title":{"rendered":"Rangers FC 2002\/03 Home [XXL]"},"content":{"rendered":"<p><strong>Klub: <\/strong>Rangers FC<\/p>\n<p><strong>Sezon: <\/strong>2002\/03 Home<\/p>\n<p><strong>Rozmiar: <\/strong>XXL<\/p>\n<p><strong>Stan: <\/strong>Bardzo dobry &#8211; starta metka z rozmiarem na karku.<\/p>\n<p><strong>Wymiary (szeroko\u015b\u0107 pod pachami\/d\u0142ugo\u015b\u0107) w cm: <\/strong>63\/73(prz\u00f3d), 81(ty\u0142)<\/p>","protected":false},"excerpt":{"rendered":"<p>Rangers FC 2002\/03 Home [XXL]<\/p>","protected":false},"featured_media":8216,"template":"","meta":{"_kad_blocks_custom_css":"","_kad_blocks_head_custom_js":"","_kad_blocks_body_custom_js":"","_kad_blocks_footer_custom_js":"","_kad_post_transparent":"","_kad_post_title":"","_kad_post_layout":"","_kad_post_sidebar_id":"","_kad_post_content_style":"","_kad_post_vertical_padding":"","_kad_post_feature":"","_kad_post_feature_position":"","_kad_post_header":false,"_kad_post_footer":false},"product_brand":[59],"product_cat":[50,31,235],"product_tag":[],"class_list":{"0":"post-2027","1":"product","2":"type-product","3":"status-publish","4":"has-post-thumbnail","6":"product_brand-diadora","7":"product_cat-kluby-europejskie-kluby-europejskie","8":"product_cat-kluby-europejskie","9":"product_cat-szkocja","10":"pa_rozmiar-xxl","11":"pa_sezon-2002-03","13":"first","14":"instock","15":"taxable","16":"shipping-taxable","17":"purchasable","18":"product-type-simple","19":"entry","20":"content-bg","21":"loop-entry"},"taxonomy_info":{"product_brand":[{"value":59,"label":"Diadora"}],"product_cat":[{"value":50,"label":"Kluby Europejskie"},{"value":31,"label":"Kluby Europejskie"},{"value":235,"label":"Szkocja"}],"pa_rozmiar":[{"value":71,"label":"XXL"}],"pa_sezon":[{"value":106,"label":"2002\/03"}]},"featured_image_src_large":["https:\/\/fts.you2.pl\/wp-content\/uploads\/2025\/09\/Photoroom_024_20240217_163228-1024x1024.png",1024,1024,true],"author_info":[],"comment_info":"","_links":{"self":[{"href":"https:\/\/fts.you2.pl\/de\/wp-json\/wp\/v2\/product\/2027","targetHints":{"allow":["GET"]}}],"collection":[{"href":"https:\/\/fts.you2.pl\/de\/wp-json\/wp\/v2\/product"}],"about":[{"href":"https:\/\/fts.you2.pl\/de\/wp-json\/wp\/v2\/types\/product"}],"wp:featuredmedia":[{"embeddable":true,"href":"https:\/\/fts.you2.pl\/de\/wp-json\/wp\/v2\/media\/8216"}],"wp:attachment":[{"href":"https:\/\/fts.you2.pl\/de\/wp-json\/wp\/v2\/media?parent=2027"}],"wp:term":[{"taxonomy":"product_brand","embeddable":true,"href":"https:\/\/fts.you2.pl\/de\/wp-json\/wp\/v2\/product_brand?post=2027"},{"taxonomy":"product_cat","embeddable":true,"href":"https:\/\/fts.you2.pl\/de\/wp-json\/wp\/v2\/product_cat?post=2027"},{"taxonomy":"product_tag","embeddable":true,"href":"https:\/\/fts.you2.pl\/de\/wp-json\/wp\/v2\/product_tag?post=2027"}],"curies":[{"name":"wp","href":"https:\/\/api.w.org\/{rel}","templated":true}]}}