{"id":2035,"date":"2023-06-04T15:42:07","date_gmt":"2023-06-04T13:42:07","guid":{"rendered":"https:\/\/fts.you2.pl\/index.php\/produkt\/bluza-liverpool-fc-202122-s\/"},"modified":"2025-09-18T17:37:48","modified_gmt":"2025-09-18T15:37:48","slug":"bluza-liverpool-fc-202122-s","status":"publish","type":"product","link":"https:\/\/fts.you2.pl\/de\/bluza-liverpool-fc-202122-s\/","title":{"rendered":"Bluza Liverpool FC 2021\/22 [S]"},"content":{"rendered":"<p class=\"MsoNormal\" style=\"line-height:normal;\"><b><span style=\"font-size:10pt;font-family:Verdana, sans-serif;\">Klub:\u00a0<\/span><\/b><span style=\"font-size:10pt;font-family:Verdana, sans-serif;\">Liverpool FC<\/span><span style=\"font-size:10pt;font-family:Verdana, sans-serif;\"><\/p>\n<p><b><span>Sezon:\u00a0<\/span><\/b><span>2021\/22<\/span><\/p>\n<p><b><span>Rozmiar:\u00a0<\/span><\/b><span>S<\/span><\/span><\/p>\n<\/p>\n<p class=\"MsoNormal\">\n<p class=\"MsoNormal\" style=\"line-height:normal;\"><b><span style=\"font-size:10pt;font-family:Verdana, sans-serif;\">Stan:\u00a0<\/span><\/b><span style=\"font-size:10pt;font-family:Verdana, sans-serif;\">Doskona\u0142y<\/span><span style=\"font-size:10pt;font-family:Verdana, sans-serif;\"><\/p>\n<p><b><span>Wymiary (szeroko\u015b\u0107 pod pachami\/d\u0142ugo\u015b\u0107) w cm:\u00a0<\/span><\/b><span>48\/67<\/span><\/span><\/p><\/p>","protected":false},"excerpt":{"rendered":"<p>Bluza Liverpool FC 2021\/22 [S]<\/p>","protected":false},"featured_media":5936,"template":"","meta":{"_kad_blocks_custom_css":"","_kad_blocks_head_custom_js":"","_kad_blocks_body_custom_js":"","_kad_blocks_footer_custom_js":"","_kad_post_transparent":"","_kad_post_title":"","_kad_post_layout":"","_kad_post_sidebar_id":"","_kad_post_content_style":"","_kad_post_vertical_padding":"","_kad_post_feature":"","_kad_post_feature_position":"","_kad_post_header":false,"_kad_post_footer":false},"product_brand":[55],"product_cat":[25,32,31,26,125],"product_tag":[],"class_list":{"0":"post-2035","1":"product","2":"type-product","3":"status-publish","4":"has-post-thumbnail","6":"product_brand-nike","7":"product_cat-inne","8":"product_cat-kluby-angielskie","9":"product_cat-kluby-europejskie","10":"product_cat-kurtki-bluzy-trening","11":"product_cat-liverpool-fc","12":"pa_rozmiar-s","14":"first","15":"instock","16":"taxable","17":"shipping-taxable","18":"purchasable","19":"product-type-simple","20":"entry","21":"content-bg","22":"loop-entry"},"taxonomy_info":{"product_brand":[{"value":55,"label":"Nike"}],"product_cat":[{"value":25,"label":"Inne"},{"value":32,"label":"Kluby Angielskie"},{"value":31,"label":"Kluby Europejskie"},{"value":26,"label":"Kurtki\/bluzy\/trening"},{"value":125,"label":"Liverpool FC"}],"pa_rozmiar":[{"value":19,"label":"S"}]},"featured_image_src_large":["https:\/\/fts.you2.pl\/wp-content\/uploads\/2025\/09\/25660-Bluza-Liverpool-FC-202122-S-1024x1024.jpg",1024,1024,true],"author_info":[],"comment_info":"","_links":{"self":[{"href":"https:\/\/fts.you2.pl\/de\/wp-json\/wp\/v2\/product\/2035","targetHints":{"allow":["GET"]}}],"collection":[{"href":"https:\/\/fts.you2.pl\/de\/wp-json\/wp\/v2\/product"}],"about":[{"href":"https:\/\/fts.you2.pl\/de\/wp-json\/wp\/v2\/types\/product"}],"wp:featuredmedia":[{"embeddable":true,"href":"https:\/\/fts.you2.pl\/de\/wp-json\/wp\/v2\/media\/5936"}],"wp:attachment":[{"href":"https:\/\/fts.you2.pl\/de\/wp-json\/wp\/v2\/media?parent=2035"}],"wp:term":[{"taxonomy":"product_brand","embeddable":true,"href":"https:\/\/fts.you2.pl\/de\/wp-json\/wp\/v2\/product_brand?post=2035"},{"taxonomy":"product_cat","embeddable":true,"href":"https:\/\/fts.you2.pl\/de\/wp-json\/wp\/v2\/product_cat?post=2035"},{"taxonomy":"product_tag","embeddable":true,"href":"https:\/\/fts.you2.pl\/de\/wp-json\/wp\/v2\/product_tag?post=2035"}],"curies":[{"name":"wp","href":"https:\/\/api.w.org\/{rel}","templated":true}]}}