{"id":2037,"date":"2023-06-04T17:13:32","date_gmt":"2023-06-04T15:13:32","guid":{"rendered":"https:\/\/fts.you2.pl\/index.php\/produkt\/test-2\/"},"modified":"2025-09-18T17:40:31","modified_gmt":"2025-09-18T15:40:31","slug":"test-2","status":"publish","type":"product","link":"https:\/\/fts.you2.pl\/de\/test-2\/","title":{"rendered":"FC Union Berlin 90&#8217;S Home 11 [XL] + AUTOGRAFY"},"content":{"rendered":"<p><strong>Klub:\u00a0<\/strong>FC Union Berlin<\/p>\n<p><strong>Sezon:\u00a0<\/strong>Lata 90-te<\/p>\n<p><strong>Rozmiar:\u00a0<\/strong>XL<\/p>\n<p><strong>Stan: <\/strong>Doskona\u0142y<\/p>\n<p><strong>Wymiary (szeroko\u015b\u0107 pod pachami\/d\u0142ugo\u015b\u0107) w cm: <\/strong>61\/79<\/p>\n<p><strong>Dodatkowe informacje:<\/strong> Bli\u017cej niezidentyfikowana koszulka Unionu Berlin. Metka wskazuje na lata 90-te, lecz Adidas w tamtych latach nie ubiera\u0142 klubu z Berlina. By\u0107 mo\u017ce jest to koszulka dru\u017cyny m\u0142odzie\u017cowej, innej sekcji sportowej, b\u0105d\u017a po prostu tak zwana samor\u00f3bka.<\/p>","protected":false},"excerpt":{"rendered":"<p>AUTOGRAFY FC Union Berlin 90&#8217;S Home 11 [XL]<\/p>","protected":false},"featured_media":5952,"template":"","meta":{"_kad_blocks_custom_css":"","_kad_blocks_head_custom_js":"","_kad_blocks_body_custom_js":"","_kad_blocks_footer_custom_js":"","_kad_post_transparent":"","_kad_post_title":"","_kad_post_layout":"","_kad_post_sidebar_id":"","_kad_post_content_style":"","_kad_post_vertical_padding":"","_kad_post_feature":"","_kad_post_feature_position":"","_kad_post_header":false,"_kad_post_footer":false},"product_brand":[45],"product_cat":[31,46,174],"product_tag":[],"class_list":{"0":"post-2037","1":"product","2":"type-product","3":"status-publish","4":"has-post-thumbnail","6":"product_brand-adidas","7":"product_cat-kluby-europejskie","8":"product_cat-kluby-niemieckie","9":"product_cat-pozostale-kluby-niemieckie","10":"pa_rozmiar-xl","12":"first","13":"instock","14":"taxable","15":"shipping-taxable","16":"purchasable","17":"product-type-simple","18":"entry","19":"content-bg","20":"loop-entry"},"taxonomy_info":{"product_brand":[{"value":45,"label":"Adidas"}],"product_cat":[{"value":31,"label":"Kluby Europejskie"},{"value":46,"label":"Kluby Niemieckie"},{"value":174,"label":"Pozosta\u0142e kluby niemieckie"}],"pa_rozmiar":[{"value":57,"label":"XL"}]},"featured_image_src_large":["https:\/\/fts.you2.pl\/wp-content\/uploads\/2025\/09\/25764-AUTOGRAFY-FC-Union-Berlin-90S-Home-11-XL-1024x1024.jpg",1024,1024,true],"author_info":[],"comment_info":"","_links":{"self":[{"href":"https:\/\/fts.you2.pl\/de\/wp-json\/wp\/v2\/product\/2037","targetHints":{"allow":["GET"]}}],"collection":[{"href":"https:\/\/fts.you2.pl\/de\/wp-json\/wp\/v2\/product"}],"about":[{"href":"https:\/\/fts.you2.pl\/de\/wp-json\/wp\/v2\/types\/product"}],"wp:featuredmedia":[{"embeddable":true,"href":"https:\/\/fts.you2.pl\/de\/wp-json\/wp\/v2\/media\/5952"}],"wp:attachment":[{"href":"https:\/\/fts.you2.pl\/de\/wp-json\/wp\/v2\/media?parent=2037"}],"wp:term":[{"taxonomy":"product_brand","embeddable":true,"href":"https:\/\/fts.you2.pl\/de\/wp-json\/wp\/v2\/product_brand?post=2037"},{"taxonomy":"product_cat","embeddable":true,"href":"https:\/\/fts.you2.pl\/de\/wp-json\/wp\/v2\/product_cat?post=2037"},{"taxonomy":"product_tag","embeddable":true,"href":"https:\/\/fts.you2.pl\/de\/wp-json\/wp\/v2\/product_tag?post=2037"}],"curies":[{"name":"wp","href":"https:\/\/api.w.org\/{rel}","templated":true}]}}