{"id":2051,"date":"2023-06-11T13:02:47","date_gmt":"2023-06-11T11:02:47","guid":{"rendered":"https:\/\/fts.you2.pl\/index.php\/produkt\/test-27\/"},"modified":"2025-09-18T17:56:10","modified_gmt":"2025-09-18T15:56:10","slug":"test-27","status":"publish","type":"product","link":"https:\/\/fts.you2.pl\/de\/test-27\/","title":{"rendered":"MATCH ISSUE FC Luzern 2011\/12 Home 8 Hyka [L]"},"content":{"rendered":"<p><strong>Klub: <\/strong>FC Luzern<\/p>\n<p><strong>Zawodnik:<\/strong> Hyka 8<\/p>\n<p><strong>Sezon:<\/strong> 2011\/12 Home<\/p>\n<p><strong>Rozmiar: <\/strong>L<\/p>\n<p><strong>Stan: <\/strong>Bardzo dobry &#8211; kilka drobnych zabrudze\u0144 oraz delikatnie uszkodzony numer na plecach.<\/p>\n<p><strong>Wymiary (szeroko\u015b\u0107 pod pachami\/d\u0142ugo\u015b\u0107) w cm: <\/strong>54\/73<\/p>\n<p><strong>Dodatkowe informacje: <\/strong>Koszulka posiada autograf zawodnika na numerze.<\/p>","protected":false},"excerpt":{"rendered":"<p>MATCH ISSUE FC Luzern 2011\/12 Home 8 Hyka [L]<\/p>","protected":false},"featured_media":6076,"template":"","meta":{"_kad_blocks_custom_css":"","_kad_blocks_head_custom_js":"","_kad_blocks_body_custom_js":"","_kad_blocks_footer_custom_js":"","_kad_post_transparent":"","_kad_post_title":"","_kad_post_layout":"","_kad_post_sidebar_id":"","_kad_post_content_style":"","_kad_post_vertical_padding":"","_kad_post_feature":"","_kad_post_feature_position":"","_kad_post_header":false,"_kad_post_footer":false},"product_brand":[45],"product_cat":[104,31,50,173],"product_tag":[],"class_list":{"0":"post-2051","1":"product","2":"type-product","3":"status-publish","4":"has-post-thumbnail","6":"product_brand-adidas","7":"product_cat-austria-i-szwajcaria","8":"product_cat-kluby-europejskie","9":"product_cat-kluby-europejskie-kluby-europejskie","10":"product_cat-match-worn-issue","11":"pa_rozmiar-l","13":"first","14":"instock","15":"taxable","16":"shipping-taxable","17":"purchasable","18":"product-type-simple","19":"entry","20":"content-bg","21":"loop-entry"},"taxonomy_info":{"product_brand":[{"value":45,"label":"Adidas"}],"product_cat":[{"value":104,"label":"Austria i Szwajcaria"},{"value":31,"label":"Kluby Europejskie"},{"value":50,"label":"Kluby Europejskie"},{"value":173,"label":"MATCH WORN &amp; ISSUE"}],"pa_rozmiar":[{"value":39,"label":"L"}]},"featured_image_src_large":["https:\/\/fts.you2.pl\/wp-content\/uploads\/2025\/09\/26047-MATCH-ISSUE-FC-Luzern-201112-Home-8-Hyka-L-1024x1024.jpg",1024,1024,true],"author_info":[],"comment_info":"","_links":{"self":[{"href":"https:\/\/fts.you2.pl\/de\/wp-json\/wp\/v2\/product\/2051","targetHints":{"allow":["GET"]}}],"collection":[{"href":"https:\/\/fts.you2.pl\/de\/wp-json\/wp\/v2\/product"}],"about":[{"href":"https:\/\/fts.you2.pl\/de\/wp-json\/wp\/v2\/types\/product"}],"wp:featuredmedia":[{"embeddable":true,"href":"https:\/\/fts.you2.pl\/de\/wp-json\/wp\/v2\/media\/6076"}],"wp:attachment":[{"href":"https:\/\/fts.you2.pl\/de\/wp-json\/wp\/v2\/media?parent=2051"}],"wp:term":[{"taxonomy":"product_brand","embeddable":true,"href":"https:\/\/fts.you2.pl\/de\/wp-json\/wp\/v2\/product_brand?post=2051"},{"taxonomy":"product_cat","embeddable":true,"href":"https:\/\/fts.you2.pl\/de\/wp-json\/wp\/v2\/product_cat?post=2051"},{"taxonomy":"product_tag","embeddable":true,"href":"https:\/\/fts.you2.pl\/de\/wp-json\/wp\/v2\/product_tag?post=2051"}],"curies":[{"name":"wp","href":"https:\/\/api.w.org\/{rel}","templated":true}]}}