{"id":2056,"date":"2023-06-18T11:32:15","date_gmt":"2023-06-18T09:32:15","guid":{"rendered":"https:\/\/fts.you2.pl\/index.php\/produkt\/test-43\/"},"modified":"2025-09-18T18:01:43","modified_gmt":"2025-09-18T16:01:43","slug":"test-43","status":"publish","type":"product","link":"https:\/\/fts.you2.pl\/de\/test-43\/","title":{"rendered":"Niemcy 1996\/98 Home 20 [XXL]"},"content":{"rendered":"<p><strong>Dru\u017cyna:<\/strong> Niemcy<\/p>\n<p><strong>Sezon:<\/strong> 1996\/98 Home<\/p>\n<p><strong>Rozmiar:<\/strong> XXL<\/p>\n<p><strong>Stan:<\/strong> Dobry &#8211; koszulka ma miejscami subtelne, \u017c\u00f3\u0142te plamy.<\/p>\n<p><strong>Wymiary (szeroko\u015b\u0107 pod pachami\/d\u0142ugo\u015b\u0107) w<\/strong>\u00a0<strong>cm:<\/strong> 66\/78<\/p>\n<p><strong>Dodatkowe informacje:<\/strong> Numer na plecach zosta\u0142 wykonany nieoryginaln\u0105 czcionk\u0105.<\/p>\n<p><strong>Oryginalna, domowa koszulka reprezentacji Niemiec<\/strong> z lat <strong>1996-98<\/strong> produkcji Adidasa, charakteryzuj\u0105ca si\u0119 g\u0142\u0119bok\u0105 biel\u0105, du\u017cym logiem federacji oraz czarno \u017c\u00f3\u0142tymi wstawkami. Jest to podstawowy komplet<strong> Die Mannschaft<\/strong>, w kt\u00f3rym wyst\u0119powali na<strong> Euro 1996<\/strong>, w kt\u00f3rym finalnie zaj\u0119li pierwsze miejsce.<\/p>","protected":false},"excerpt":{"rendered":"<p>Niemcy 1996\/98 Home 20 [XXL]<\/p>","protected":false},"featured_media":6127,"template":"","meta":{"_kad_blocks_custom_css":"","_kad_blocks_head_custom_js":"","_kad_blocks_body_custom_js":"","_kad_blocks_footer_custom_js":"","_kad_post_transparent":"","_kad_post_title":"","_kad_post_layout":"","_kad_post_sidebar_id":"","_kad_post_content_style":"","_kad_post_vertical_padding":"","_kad_post_feature":"","_kad_post_feature_position":"","_kad_post_header":false,"_kad_post_footer":false},"product_brand":[45],"product_cat":[23,143,22],"product_tag":[],"class_list":{"0":"post-2056","1":"product","2":"type-product","3":"status-publish","4":"has-post-thumbnail","6":"product_brand-adidas","7":"product_cat-europa","8":"product_cat-niemcy","9":"product_cat-reprezentacje","10":"pa_rozmiar-xxl","12":"first","13":"instock","14":"taxable","15":"shipping-taxable","16":"purchasable","17":"product-type-simple","18":"entry","19":"content-bg","20":"loop-entry"},"taxonomy_info":{"product_brand":[{"value":45,"label":"Adidas"}],"product_cat":[{"value":23,"label":"Europa"},{"value":143,"label":"Niemcy"},{"value":22,"label":"REPREZENTACJE"}],"pa_rozmiar":[{"value":71,"label":"XXL"}]},"featured_image_src_large":["https:\/\/fts.you2.pl\/wp-content\/uploads\/2025\/09\/26221-Niemcy-199698-Home-20-XXL-1024x1024.jpg",1024,1024,true],"author_info":[],"comment_info":"","_links":{"self":[{"href":"https:\/\/fts.you2.pl\/de\/wp-json\/wp\/v2\/product\/2056","targetHints":{"allow":["GET"]}}],"collection":[{"href":"https:\/\/fts.you2.pl\/de\/wp-json\/wp\/v2\/product"}],"about":[{"href":"https:\/\/fts.you2.pl\/de\/wp-json\/wp\/v2\/types\/product"}],"wp:featuredmedia":[{"embeddable":true,"href":"https:\/\/fts.you2.pl\/de\/wp-json\/wp\/v2\/media\/6127"}],"wp:attachment":[{"href":"https:\/\/fts.you2.pl\/de\/wp-json\/wp\/v2\/media?parent=2056"}],"wp:term":[{"taxonomy":"product_brand","embeddable":true,"href":"https:\/\/fts.you2.pl\/de\/wp-json\/wp\/v2\/product_brand?post=2056"},{"taxonomy":"product_cat","embeddable":true,"href":"https:\/\/fts.you2.pl\/de\/wp-json\/wp\/v2\/product_cat?post=2056"},{"taxonomy":"product_tag","embeddable":true,"href":"https:\/\/fts.you2.pl\/de\/wp-json\/wp\/v2\/product_tag?post=2056"}],"curies":[{"name":"wp","href":"https:\/\/api.w.org\/{rel}","templated":true}]}}