{"id":2059,"date":"2023-06-18T11:35:13","date_gmt":"2023-06-18T09:35:13","guid":{"rendered":"https:\/\/fts.you2.pl\/index.php\/produkt\/test-49\/"},"modified":"2025-09-18T18:05:01","modified_gmt":"2025-09-18T16:05:01","slug":"test-49","status":"publish","type":"product","link":"https:\/\/fts.you2.pl\/de\/test-49\/","title":{"rendered":"Santos 1997\/98 Home [XL]"},"content":{"rendered":"<p><strong>Klub:<\/strong> Santos<\/p>\n<p><strong>Sezon:<\/strong> 1997\/98 Home<\/p>\n<p><strong>Rozmiar:<\/strong> XL<\/p>\n<p><strong>Stan:<\/strong> Bardzo dobry &#8211; kilka cienkich, pod\u0142u\u017cnych zaci\u0105gni\u0119\u0107.<\/p>\n<p><strong>Wymiary (szeroko\u015b\u0107 pod pachami\/d\u0142ugo\u015b\u0107) w<\/strong>\u00a0<strong>cm:<\/strong> 60\/75<\/p>","protected":false},"excerpt":{"rendered":"<p>Santos 1997\/98 Home [XL]<\/p>","protected":false},"featured_media":6150,"template":"","meta":{"_kad_blocks_custom_css":"","_kad_blocks_head_custom_js":"","_kad_blocks_body_custom_js":"","_kad_blocks_footer_custom_js":"","_kad_post_transparent":"","_kad_post_title":"","_kad_post_layout":"","_kad_post_sidebar_id":"","_kad_post_content_style":"","_kad_post_vertical_padding":"","_kad_post_feature":"","_kad_post_feature_position":"","_kad_post_header":false,"_kad_post_footer":false},"product_brand":[21],"product_cat":[56,36],"product_tag":[],"class_list":{"0":"post-2059","1":"product","2":"type-product","3":"status-publish","4":"has-post-thumbnail","6":"product_brand-umbro","7":"product_cat-ameryka-poludniowa","8":"product_cat-kluby-reszty-swiata","9":"pa_rozmiar-xl","11":"first","12":"instock","13":"taxable","14":"shipping-taxable","15":"purchasable","16":"product-type-simple","17":"entry","18":"content-bg","19":"loop-entry"},"taxonomy_info":{"product_brand":[{"value":21,"label":"Umbro"}],"product_cat":[{"value":56,"label":"Ameryka Po\u0142udniowa"},{"value":36,"label":"Kluby Reszty \u015awiata"}],"pa_rozmiar":[{"value":57,"label":"XL"}]},"featured_image_src_large":["https:\/\/fts.you2.pl\/wp-content\/uploads\/2025\/09\/26280-Santos-199798-Home-XL-1024x1024.jpg",1024,1024,true],"author_info":[],"comment_info":"","_links":{"self":[{"href":"https:\/\/fts.you2.pl\/de\/wp-json\/wp\/v2\/product\/2059","targetHints":{"allow":["GET"]}}],"collection":[{"href":"https:\/\/fts.you2.pl\/de\/wp-json\/wp\/v2\/product"}],"about":[{"href":"https:\/\/fts.you2.pl\/de\/wp-json\/wp\/v2\/types\/product"}],"wp:featuredmedia":[{"embeddable":true,"href":"https:\/\/fts.you2.pl\/de\/wp-json\/wp\/v2\/media\/6150"}],"wp:attachment":[{"href":"https:\/\/fts.you2.pl\/de\/wp-json\/wp\/v2\/media?parent=2059"}],"wp:term":[{"taxonomy":"product_brand","embeddable":true,"href":"https:\/\/fts.you2.pl\/de\/wp-json\/wp\/v2\/product_brand?post=2059"},{"taxonomy":"product_cat","embeddable":true,"href":"https:\/\/fts.you2.pl\/de\/wp-json\/wp\/v2\/product_cat?post=2059"},{"taxonomy":"product_tag","embeddable":true,"href":"https:\/\/fts.you2.pl\/de\/wp-json\/wp\/v2\/product_tag?post=2059"}],"curies":[{"name":"wp","href":"https:\/\/api.w.org\/{rel}","templated":true}]}}