{"id":2077,"date":"2023-07-18T11:39:38","date_gmt":"2023-07-18T09:39:38","guid":{"rendered":"https:\/\/fts.you2.pl\/index.php\/produkt\/brazylia-1991-93-away-l\/"},"modified":"2025-09-18T18:24:29","modified_gmt":"2025-09-18T16:24:29","slug":"brazylia-1991-93-away-l","status":"publish","type":"product","link":"https:\/\/fts.you2.pl\/de\/brazylia-1991-93-away-l\/","title":{"rendered":"Brazylia 1991\/93 Away [L]"},"content":{"rendered":"<p><strong>Klub:<\/strong> Brazylia<\/p>\n<p><strong>Sezon:<\/strong> 1991\/93 Away<\/p>\n<p><strong>Rozmiar: <\/strong>L<\/p>\n<p><strong>Stan:<\/strong> Dobry &#8211; nieznacznie pop\u0119kany herb i gwiazdki nad nim oraz logo Umbro, miejscami niewielkie zaci\u0105gni\u0119cia.<\/p>\n<p><strong>Wymiary (szeroko\u015b\u0107 pod pachami\/d\u0142ugo\u015b\u0107) w cm: <\/strong>63\/79<\/p>","protected":false},"excerpt":{"rendered":"<p>Brazylia 1991\/93 Away [L]<\/p>","protected":false},"featured_media":6301,"template":"","meta":{"_kad_blocks_custom_css":"","_kad_blocks_head_custom_js":"","_kad_blocks_body_custom_js":"","_kad_blocks_footer_custom_js":"","_kad_post_transparent":"","_kad_post_title":"","_kad_post_layout":"","_kad_post_sidebar_id":"","_kad_post_content_style":"","_kad_post_vertical_padding":"","_kad_post_feature":"","_kad_post_feature_position":"","_kad_post_header":false,"_kad_post_footer":false},"product_brand":[21],"product_cat":[77,78,22],"product_tag":[],"class_list":{"0":"post-2077","1":"product","2":"type-product","3":"status-publish","4":"has-post-thumbnail","6":"product_brand-umbro","7":"product_cat-ameryka-poludniowa-reprezentacje","8":"product_cat-brazylia","9":"product_cat-reprezentacje","10":"pa_rozmiar-l","12":"first","13":"instock","14":"taxable","15":"shipping-taxable","16":"purchasable","17":"product-type-simple","18":"entry","19":"content-bg","20":"loop-entry"},"taxonomy_info":{"product_brand":[{"value":21,"label":"Umbro"}],"product_cat":[{"value":77,"label":"Ameryka Po\u0142udniowa"},{"value":78,"label":"Brazylia"},{"value":22,"label":"REPREZENTACJE"}],"pa_rozmiar":[{"value":39,"label":"L"}]},"featured_image_src_large":["https:\/\/fts.you2.pl\/wp-content\/uploads\/2025\/09\/PhotoRoom_012_20230713_222653-1024x1024.png",1024,1024,true],"author_info":[],"comment_info":"","_links":{"self":[{"href":"https:\/\/fts.you2.pl\/de\/wp-json\/wp\/v2\/product\/2077","targetHints":{"allow":["GET"]}}],"collection":[{"href":"https:\/\/fts.you2.pl\/de\/wp-json\/wp\/v2\/product"}],"about":[{"href":"https:\/\/fts.you2.pl\/de\/wp-json\/wp\/v2\/types\/product"}],"wp:featuredmedia":[{"embeddable":true,"href":"https:\/\/fts.you2.pl\/de\/wp-json\/wp\/v2\/media\/6301"}],"wp:attachment":[{"href":"https:\/\/fts.you2.pl\/de\/wp-json\/wp\/v2\/media?parent=2077"}],"wp:term":[{"taxonomy":"product_brand","embeddable":true,"href":"https:\/\/fts.you2.pl\/de\/wp-json\/wp\/v2\/product_brand?post=2077"},{"taxonomy":"product_cat","embeddable":true,"href":"https:\/\/fts.you2.pl\/de\/wp-json\/wp\/v2\/product_cat?post=2077"},{"taxonomy":"product_tag","embeddable":true,"href":"https:\/\/fts.you2.pl\/de\/wp-json\/wp\/v2\/product_tag?post=2077"}],"curies":[{"name":"wp","href":"https:\/\/api.w.org\/{rel}","templated":true}]}}