{"id":2100,"date":"2023-01-09T08:25:52","date_gmt":"2023-01-09T07:25:52","guid":{"rendered":"https:\/\/fts.you2.pl\/index.php\/produkt\/player-issue-orlando-city-sc-2015-16-home-m\/"},"modified":"2025-09-18T18:47:31","modified_gmt":"2025-09-18T16:47:31","slug":"player-issue-orlando-city-sc-2015-16-home-m","status":"publish","type":"product","link":"https:\/\/fts.you2.pl\/de\/player-issue-orlando-city-sc-2015-16-home-m\/","title":{"rendered":"PLAYER ISSUE Orlando City SC 2015\/16 Home [M]"},"content":{"rendered":"<p><strong>Klub: <\/strong>Orlando City SC<\/p>\n<p><strong>Sezon: <\/strong>2015\/16 Home<\/p>\n<p><strong>Rozmiar: <\/strong>M<\/p>\n<p><strong>Stan: <\/strong>Dobry &#8211; wyst\u0119puj\u0105 przetarcia pod r\u0119kawkami po obu stronach koszulki.<\/p>\n<p><strong>Wymiary (szeroko\u015b\u0107 pod pachami\/d\u0142ugo\u015b\u0107) w cm: <\/strong>49\/72<\/p>\n<p><strong>Dodatkowe informacje:<\/strong>\u00a0Koszulka wykonana w technologii meczowej &#8211; Adizero.<\/p>","protected":false},"excerpt":{"rendered":"<p>PLAYER ISSUE Orlando City SC 2015\/16 Home [M]<\/p>","protected":false},"featured_media":6510,"template":"","meta":{"_kad_blocks_custom_css":"","_kad_blocks_head_custom_js":"","_kad_blocks_body_custom_js":"","_kad_blocks_footer_custom_js":"","_kad_post_transparent":"","_kad_post_title":"","_kad_post_layout":"","_kad_post_sidebar_id":"","_kad_post_content_style":"","_kad_post_vertical_padding":"","_kad_post_feature":"","_kad_post_feature_position":"","_kad_post_header":false,"_kad_post_footer":false},"product_brand":[45],"product_cat":[15,37,36],"product_tag":[],"class_list":{"0":"post-2100","1":"product","2":"type-product","3":"status-publish","4":"has-post-thumbnail","6":"product_brand-adidas","7":"product_cat-bez-kategorii","8":"product_cat-ameryka-srodkowa-i-polnocna","9":"product_cat-kluby-reszty-swiata","11":"first","12":"instock","13":"taxable","14":"shipping-taxable","15":"purchasable","16":"product-type-simple","17":"entry","18":"content-bg","19":"loop-entry"},"taxonomy_info":{"product_brand":[{"value":45,"label":"Adidas"}],"product_cat":[{"value":15,"label":"Bez kategorii"},{"value":37,"label":"Ameryka \u015arodkowa i P\u00f3\u0142nocna"},{"value":36,"label":"Kluby Reszty \u015awiata"}]},"featured_image_src_large":["https:\/\/fts.you2.pl\/wp-content\/uploads\/2025\/09\/orlando-city-2015-16-home-m-1024x1024.jpg",1024,1024,true],"author_info":[],"comment_info":"","_links":{"self":[{"href":"https:\/\/fts.you2.pl\/de\/wp-json\/wp\/v2\/product\/2100","targetHints":{"allow":["GET"]}}],"collection":[{"href":"https:\/\/fts.you2.pl\/de\/wp-json\/wp\/v2\/product"}],"about":[{"href":"https:\/\/fts.you2.pl\/de\/wp-json\/wp\/v2\/types\/product"}],"wp:featuredmedia":[{"embeddable":true,"href":"https:\/\/fts.you2.pl\/de\/wp-json\/wp\/v2\/media\/6510"}],"wp:attachment":[{"href":"https:\/\/fts.you2.pl\/de\/wp-json\/wp\/v2\/media?parent=2100"}],"wp:term":[{"taxonomy":"product_brand","embeddable":true,"href":"https:\/\/fts.you2.pl\/de\/wp-json\/wp\/v2\/product_brand?post=2100"},{"taxonomy":"product_cat","embeddable":true,"href":"https:\/\/fts.you2.pl\/de\/wp-json\/wp\/v2\/product_cat?post=2100"},{"taxonomy":"product_tag","embeddable":true,"href":"https:\/\/fts.you2.pl\/de\/wp-json\/wp\/v2\/product_tag?post=2100"}],"curies":[{"name":"wp","href":"https:\/\/api.w.org\/{rel}","templated":true}]}}