{"id":2107,"date":"2023-08-12T19:37:02","date_gmt":"2023-08-12T17:37:02","guid":{"rendered":"https:\/\/fts.you2.pl\/index.php\/produkt\/celtic-fc-2008-10-home-46-mcgeady-xl\/"},"modified":"2025-09-18T18:55:26","modified_gmt":"2025-09-18T16:55:26","slug":"celtic-fc-2008-10-home-46-mcgeady-xl","status":"publish","type":"product","link":"https:\/\/fts.you2.pl\/de\/celtic-fc-2008-10-home-46-mcgeady-xl\/","title":{"rendered":"Celtic FC 2008\/10 Home 46 MCGeady [XL]"},"content":{"rendered":"<p><strong>Klub:<\/strong> Celtic FC<\/p>\n<p><strong>Sezon:<\/strong> 2008\/10 Home<\/p>\n<p><strong>Rozmiar: <\/strong>XL<\/p>\n<p><strong>Stan:<\/strong> Bardzo dobry &#8211; dwa mikro zaci\u0105gni\u0119cia. Nadruk sponsora zosta\u0142 zrekonstruowany i r\u00f3\u017cni si\u0119 nieznacznie od oryginalnego.<\/p>\n<p><strong>Wymiary (szeroko\u015b\u0107 pod pachami\/d\u0142ugo\u015b\u0107) w cm: <\/strong>63\/77<\/p>\n<p><strong>Dodatkowe informacje:<\/strong> Aiden McGeady to irlandzki pi\u0142karz, kt\u00f3rego kariera by\u0142a \u015bci\u015ble zwi\u0105zana z Celtikiem. Wyst\u0119powa\u0142 w tym klubie w latach 2004-2010. McGeady szybko zyska\u0142 uznanie dzi\u0119ki swoim umiej\u0119tno\u015bciom dryblingu, szybko\u015bci i precyzyjnym podaniom. W Celtiku sta\u0142 si\u0119 kluczowym graczem na skrzydle, przyczyniaj\u0105c si\u0119 do zdobycia wielu tytu\u0142\u00f3w mistrza Szkocji i odnoszenia sukces\u00f3w w europejskich rozgrywkach. Jego kreatywno\u015b\u0107 na boisku i zdolno\u015b\u0107 do tworzenia okazji do strza\u0142u przyci\u0105ga\u0142y uwag\u0119 klub\u00f3w z innych lig. W 2010 roku przeszed\u0142 do Spartaka Moskwa, kontynuuj\u0105c swoj\u0105 karier\u0119 poza Szkocj\u0105. Jego wk\u0142ad w gr\u0119 Celtiku wci\u0105\u017c jest pami\u0119tany przez fan\u00f3w klubu.<\/p>\n<p>&nbsp;<\/p>","protected":false},"excerpt":{"rendered":"<p>Celtic FC 2008\/10 Home 46 MCGeady [XL]<\/p>\n<p>&nbsp;<\/p>\n<p>Aiden McGeady to irlandzki pi\u0142karz, kt\u00f3rego kariera by\u0142a \u015bci\u015ble zwi\u0105zana z Celtikiem. Wyst\u0119powa\u0142 w tym klubie w latach 2004-2010. McGeady szybko zyska\u0142 uznanie dzi\u0119ki swoim umiej\u0119tno\u015bciom dryblingu, szybko\u015bci i precyzyjnym podaniom. W Celtiku sta\u0142 si\u0119 kluczowym graczem na skrzydle, przyczyniaj\u0105c si\u0119 do zdobycia wielu tytu\u0142\u00f3w mistrza Szkocji i odnoszenia sukces\u00f3w w europejskich rozgrywkach. Jego kreatywno\u015b\u0107 na boisku i zdolno\u015b\u0107 do tworzenia okazji do strza\u0142u przyci\u0105ga\u0142y uwag\u0119 klub\u00f3w z innych lig. W 2010 roku przeszed\u0142 do Spartaka Moskwa, kontynuuj\u0105c swoj\u0105 karier\u0119 poza Szkocj\u0105. Jego wk\u0142ad w gr\u0119 Celtiku wci\u0105\u017c jest pami\u0119tany przez fan\u00f3w klubu.<\/p>","protected":false},"featured_media":6573,"template":"","meta":{"_kad_blocks_custom_css":"","_kad_blocks_head_custom_js":"","_kad_blocks_body_custom_js":"","_kad_blocks_footer_custom_js":"","_kad_post_transparent":"","_kad_post_title":"","_kad_post_layout":"","_kad_post_sidebar_id":"","_kad_post_content_style":"","_kad_post_vertical_padding":"","_kad_post_feature":"","_kad_post_feature_position":"","_kad_post_header":false,"_kad_post_footer":false},"product_brand":[55],"product_cat":[50,31,235],"product_tag":[],"class_list":{"0":"post-2107","1":"product","2":"type-product","3":"status-publish","4":"has-post-thumbnail","6":"product_brand-nike","7":"product_cat-kluby-europejskie-kluby-europejskie","8":"product_cat-kluby-europejskie","9":"product_cat-szkocja","10":"pa_rozmiar-xl","12":"first","13":"instock","14":"taxable","15":"shipping-taxable","16":"purchasable","17":"product-type-simple","18":"entry","19":"content-bg","20":"loop-entry"},"taxonomy_info":{"product_brand":[{"value":55,"label":"Nike"}],"product_cat":[{"value":50,"label":"Kluby Europejskie"},{"value":31,"label":"Kluby Europejskie"},{"value":235,"label":"Szkocja"}],"pa_rozmiar":[{"value":57,"label":"XL"}]},"featured_image_src_large":["https:\/\/fts.you2.pl\/wp-content\/uploads\/2025\/09\/PhotoRoom_091_20230810_221842-1024x1024.png",1024,1024,true],"author_info":[],"comment_info":"","_links":{"self":[{"href":"https:\/\/fts.you2.pl\/de\/wp-json\/wp\/v2\/product\/2107","targetHints":{"allow":["GET"]}}],"collection":[{"href":"https:\/\/fts.you2.pl\/de\/wp-json\/wp\/v2\/product"}],"about":[{"href":"https:\/\/fts.you2.pl\/de\/wp-json\/wp\/v2\/types\/product"}],"wp:featuredmedia":[{"embeddable":true,"href":"https:\/\/fts.you2.pl\/de\/wp-json\/wp\/v2\/media\/6573"}],"wp:attachment":[{"href":"https:\/\/fts.you2.pl\/de\/wp-json\/wp\/v2\/media?parent=2107"}],"wp:term":[{"taxonomy":"product_brand","embeddable":true,"href":"https:\/\/fts.you2.pl\/de\/wp-json\/wp\/v2\/product_brand?post=2107"},{"taxonomy":"product_cat","embeddable":true,"href":"https:\/\/fts.you2.pl\/de\/wp-json\/wp\/v2\/product_cat?post=2107"},{"taxonomy":"product_tag","embeddable":true,"href":"https:\/\/fts.you2.pl\/de\/wp-json\/wp\/v2\/product_tag?post=2107"}],"curies":[{"name":"wp","href":"https:\/\/api.w.org\/{rel}","templated":true}]}}