{"id":2128,"date":"2023-09-07T16:03:18","date_gmt":"2023-09-07T14:03:18","guid":{"rendered":"https:\/\/fts.you2.pl\/index.php\/produkt\/player-issue-vfl-wolfsburg-2017-18-home-l\/"},"modified":"2025-09-18T19:16:40","modified_gmt":"2025-09-18T17:16:40","slug":"player-issue-vfl-wolfsburg-2017-18-home-l","status":"publish","type":"product","link":"https:\/\/fts.you2.pl\/de\/player-issue-vfl-wolfsburg-2017-18-home-l\/","title":{"rendered":"PLAYER ISSUE VFL Wolfsburg 2017\/18 Home [L]"},"content":{"rendered":"<p><strong>Klub:<\/strong> VFL Wolfsburg<\/p>\n<p><strong>Sezon:<\/strong> 2017\/18 Home<\/p>\n<p><strong>Rozmiar: <\/strong>L<\/p>\n<p><strong>Stan:<\/strong> Bardzo dobry &#8211; dwa drobne zabrudzenia.<\/p>\n<p><strong>Wymiary (szeroko\u015b\u0107 pod pachami\/d\u0142ugo\u015b\u0107) w cm: <\/strong>52\/72<\/p>\n<p><strong>Dodatkowe informacje:<\/strong> Koszulka w wersji meczowej, wyr\u00f3\u017cniaj\u0105ca si\u0119 siateczk\u0105 na plecach oraz prasowan\u0105 metk\u0105 w \u015brodku.<\/p>","protected":false},"excerpt":{"rendered":"<p>PLAYER ISSUE VFL Wolfsburg 2017\/18 Home [L]<\/p>","protected":false},"featured_media":6767,"template":"","meta":{"_kad_blocks_custom_css":"","_kad_blocks_head_custom_js":"","_kad_blocks_body_custom_js":"","_kad_blocks_footer_custom_js":"","_kad_post_transparent":"","_kad_post_title":"","_kad_post_layout":"","_kad_post_sidebar_id":"","_kad_post_content_style":"","_kad_post_vertical_padding":"","_kad_post_feature":"","_kad_post_feature_position":"","_kad_post_header":false,"_kad_post_footer":false},"product_brand":[55],"product_cat":[31,46,179],"product_tag":[],"class_list":{"0":"post-2128","1":"product","2":"type-product","3":"status-publish","4":"has-post-thumbnail","6":"product_brand-nike","7":"product_cat-kluby-europejskie","8":"product_cat-kluby-niemieckie","9":"product_cat-vfl-wolfsburg","10":"pa_rozmiar-l","12":"first","13":"instock","14":"taxable","15":"shipping-taxable","16":"purchasable","17":"product-type-simple","18":"entry","19":"content-bg","20":"loop-entry"},"taxonomy_info":{"product_brand":[{"value":55,"label":"Nike"}],"product_cat":[{"value":31,"label":"Kluby Europejskie"},{"value":46,"label":"Kluby Niemieckie"},{"value":179,"label":"VFL Wolfsburg"}],"pa_rozmiar":[{"value":39,"label":"L"}]},"featured_image_src_large":["https:\/\/fts.you2.pl\/wp-content\/uploads\/2025\/09\/PhotoRoom_002_20230907_180019-1024x1024.png",1024,1024,true],"author_info":[],"comment_info":"","_links":{"self":[{"href":"https:\/\/fts.you2.pl\/de\/wp-json\/wp\/v2\/product\/2128","targetHints":{"allow":["GET"]}}],"collection":[{"href":"https:\/\/fts.you2.pl\/de\/wp-json\/wp\/v2\/product"}],"about":[{"href":"https:\/\/fts.you2.pl\/de\/wp-json\/wp\/v2\/types\/product"}],"wp:featuredmedia":[{"embeddable":true,"href":"https:\/\/fts.you2.pl\/de\/wp-json\/wp\/v2\/media\/6767"}],"wp:attachment":[{"href":"https:\/\/fts.you2.pl\/de\/wp-json\/wp\/v2\/media?parent=2128"}],"wp:term":[{"taxonomy":"product_brand","embeddable":true,"href":"https:\/\/fts.you2.pl\/de\/wp-json\/wp\/v2\/product_brand?post=2128"},{"taxonomy":"product_cat","embeddable":true,"href":"https:\/\/fts.you2.pl\/de\/wp-json\/wp\/v2\/product_cat?post=2128"},{"taxonomy":"product_tag","embeddable":true,"href":"https:\/\/fts.you2.pl\/de\/wp-json\/wp\/v2\/product_tag?post=2128"}],"curies":[{"name":"wp","href":"https:\/\/api.w.org\/{rel}","templated":true}]}}