{"id":2131,"date":"2023-09-07T16:03:18","date_gmt":"2023-09-07T14:03:18","guid":{"rendered":"https:\/\/fts.you2.pl\/index.php\/produkt\/werder-brema-2009-10-third-xl\/"},"modified":"2025-09-18T19:19:39","modified_gmt":"2025-09-18T17:19:39","slug":"werder-brema-2009-10-third-xl","status":"publish","type":"product","link":"https:\/\/fts.you2.pl\/de\/werder-brema-2009-10-third-xl\/","title":{"rendered":"Werder Brema 2009\/10 Third [XL]"},"content":{"rendered":"<p><strong>Klub:<\/strong> Werder Brema<\/p>\n<p><strong>Sezon:<\/strong> 2009\/10 Third<\/p>\n<p><strong>Rozmiar: <\/strong>XL<\/p>\n<p><strong>Stan:<\/strong> Bardzo dobry &#8211; zabrudzenie w okolicach r\u0119kawa.<\/p>\n<p><strong>Wymiary (szeroko\u015b\u0107 pod pachami\/d\u0142ugo\u015b\u0107) w cm: <\/strong>60\/73<\/p>","protected":false},"excerpt":{"rendered":"<p>Werder Brema 2009\/10 Third [XL]<\/p>","protected":false},"featured_media":6794,"template":"","meta":{"_kad_blocks_custom_css":"","_kad_blocks_head_custom_js":"","_kad_blocks_body_custom_js":"","_kad_blocks_footer_custom_js":"","_kad_post_transparent":"","_kad_post_title":"","_kad_post_layout":"","_kad_post_sidebar_id":"","_kad_post_content_style":"","_kad_post_vertical_padding":"","_kad_post_feature":"","_kad_post_feature_position":"","_kad_post_header":false,"_kad_post_footer":false},"product_brand":[55],"product_cat":[31,46,183],"product_tag":[],"class_list":{"0":"post-2131","1":"product","2":"type-product","3":"status-publish","4":"has-post-thumbnail","6":"product_brand-nike","7":"product_cat-kluby-europejskie","8":"product_cat-kluby-niemieckie","9":"product_cat-werder-brema","10":"pa_rozmiar-xl","12":"first","13":"instock","14":"taxable","15":"shipping-taxable","16":"purchasable","17":"product-type-simple","18":"entry","19":"content-bg","20":"loop-entry"},"taxonomy_info":{"product_brand":[{"value":55,"label":"Nike"}],"product_cat":[{"value":31,"label":"Kluby Europejskie"},{"value":46,"label":"Kluby Niemieckie"},{"value":183,"label":"Werder Brema"}],"pa_rozmiar":[{"value":57,"label":"XL"}]},"featured_image_src_large":["https:\/\/fts.you2.pl\/wp-content\/uploads\/2025\/09\/PhotoRoom_048_20230907_180019-1024x1024.png",1024,1024,true],"author_info":[],"comment_info":"","_links":{"self":[{"href":"https:\/\/fts.you2.pl\/de\/wp-json\/wp\/v2\/product\/2131","targetHints":{"allow":["GET"]}}],"collection":[{"href":"https:\/\/fts.you2.pl\/de\/wp-json\/wp\/v2\/product"}],"about":[{"href":"https:\/\/fts.you2.pl\/de\/wp-json\/wp\/v2\/types\/product"}],"wp:featuredmedia":[{"embeddable":true,"href":"https:\/\/fts.you2.pl\/de\/wp-json\/wp\/v2\/media\/6794"}],"wp:attachment":[{"href":"https:\/\/fts.you2.pl\/de\/wp-json\/wp\/v2\/media?parent=2131"}],"wp:term":[{"taxonomy":"product_brand","embeddable":true,"href":"https:\/\/fts.you2.pl\/de\/wp-json\/wp\/v2\/product_brand?post=2131"},{"taxonomy":"product_cat","embeddable":true,"href":"https:\/\/fts.you2.pl\/de\/wp-json\/wp\/v2\/product_cat?post=2131"},{"taxonomy":"product_tag","embeddable":true,"href":"https:\/\/fts.you2.pl\/de\/wp-json\/wp\/v2\/product_tag?post=2131"}],"curies":[{"name":"wp","href":"https:\/\/api.w.org\/{rel}","templated":true}]}}