{"id":2155,"date":"2023-09-24T16:37:08","date_gmt":"2023-09-24T14:37:08","guid":{"rendered":"https:\/\/fts.you2.pl\/index.php\/produkt\/bnwt-atlanta-united-fc-2018-19-away-yxl\/"},"modified":"2025-09-18T19:46:09","modified_gmt":"2025-09-18T17:46:09","slug":"bnwt-atlanta-united-fc-2018-19-away-yxl","status":"publish","type":"product","link":"https:\/\/fts.you2.pl\/de\/bnwt-atlanta-united-fc-2018-19-away-yxl\/","title":{"rendered":"Koszulka pi\u0142karska BNWT Atlanta United FC 2018\/19 Away [176 cm]"},"content":{"rendered":"<p><strong>Klub:<\/strong> Atlanta United FC<\/p>\n<p><strong>Sezon:<\/strong> 2018\/19 Away<\/p>\n<p><strong>Rozmiar: <\/strong>176 cm<\/p>\n<p><strong>Stan:<\/strong> BNWT &#8211; Koszulka nowa z metk\u0105, posiada jednak miejscowe przebarwienia materia\u0142u.<\/p>\n<p><strong>Wymiary (szeroko\u015b\u0107 pod pachami\/d\u0142ugo\u015b\u0107) w cm: <\/strong>49\/68<\/p>","protected":false},"excerpt":{"rendered":"<p><strong data-start=\"0\" data-end=\"85\" data-is-only-node=\"\">Oryginalna koszulka wyjazdowa Atlanta United z sezonu 2018\/19 \u2013 produkcji Adidas.<\/strong><\/p>\n<p><br data-start=\"85\" data-end=\"88\" \/>Ta <strong data-start=\"91\" data-end=\"139\">oryginalna koszulka pi\u0142karska Atlanta United<\/strong> z sezonu <strong data-start=\"149\" data-end=\"160\">2018\/19<\/strong> to oficjalny model wyjazdowy wyprodukowany przez <strong data-start=\"210\" data-end=\"221\">Adidasa<\/strong>. Utrzymana w dominuj\u0105cym <strong data-start=\"247\" data-end=\"265\">bia\u0142ym kolorze<\/strong> z subtelnymi <strong data-start=\"279\" data-end=\"307\">pomara\u0144czowymi wstawkami<\/strong>, koszulka \u0142\u0105czy nowoczesny styl z lekk\u0105 konstrukcj\u0105 i technologi\u0105 <strong data-start=\"374\" data-end=\"387\">Climalite<\/strong>. Na froncie widnieje logo klubu MLS, Adidas oraz sponsor <strong data-start=\"445\" data-end=\"474\">American Family Insurance<\/strong>. Idealna dla fan\u00f3w ameryka\u0144skiej pi\u0142ki i kolekcjoner\u00f3w unikalnych koszulek klubowych.<\/p>","protected":false},"featured_media":7011,"template":"","meta":{"_kad_blocks_custom_css":"","_kad_blocks_head_custom_js":"","_kad_blocks_body_custom_js":"","_kad_blocks_footer_custom_js":"","_kad_post_transparent":"","_kad_post_title":"","_kad_post_layout":"","_kad_post_sidebar_id":"","_kad_post_content_style":"","_kad_post_vertical_padding":"","_kad_post_feature":"","_kad_post_feature_position":"","_kad_post_header":false,"_kad_post_footer":false},"product_brand":[45],"product_cat":[37,36,356],"product_tag":[],"class_list":{"0":"post-2155","1":"product","2":"type-product","3":"status-publish","4":"has-post-thumbnail","6":"product_brand-adidas","7":"product_cat-ameryka-srodkowa-i-polnocna","8":"product_cat-kluby-reszty-swiata","9":"product_cat-koszulki-mlodziezowe","10":"pa_rozmiar-176-cm","12":"first","13":"instock","14":"taxable","15":"shipping-taxable","16":"purchasable","17":"product-type-simple","18":"entry","19":"content-bg","20":"loop-entry"},"taxonomy_info":{"product_brand":[{"value":45,"label":"Adidas"}],"product_cat":[{"value":37,"label":"Ameryka \u015arodkowa i P\u00f3\u0142nocna"},{"value":36,"label":"Kluby Reszty \u015awiata"},{"value":356,"label":"Koszulki M\u0142odzie\u017cowe"}],"pa_rozmiar":[{"value":394,"label":"176 cm"}]},"featured_image_src_large":["https:\/\/fts.you2.pl\/wp-content\/uploads\/2025\/09\/PhotoRoom_008_20230924_143525-1024x1024.png",1024,1024,true],"author_info":[],"comment_info":"","_links":{"self":[{"href":"https:\/\/fts.you2.pl\/de\/wp-json\/wp\/v2\/product\/2155","targetHints":{"allow":["GET"]}}],"collection":[{"href":"https:\/\/fts.you2.pl\/de\/wp-json\/wp\/v2\/product"}],"about":[{"href":"https:\/\/fts.you2.pl\/de\/wp-json\/wp\/v2\/types\/product"}],"wp:featuredmedia":[{"embeddable":true,"href":"https:\/\/fts.you2.pl\/de\/wp-json\/wp\/v2\/media\/7011"}],"wp:attachment":[{"href":"https:\/\/fts.you2.pl\/de\/wp-json\/wp\/v2\/media?parent=2155"}],"wp:term":[{"taxonomy":"product_brand","embeddable":true,"href":"https:\/\/fts.you2.pl\/de\/wp-json\/wp\/v2\/product_brand?post=2155"},{"taxonomy":"product_cat","embeddable":true,"href":"https:\/\/fts.you2.pl\/de\/wp-json\/wp\/v2\/product_cat?post=2155"},{"taxonomy":"product_tag","embeddable":true,"href":"https:\/\/fts.you2.pl\/de\/wp-json\/wp\/v2\/product_tag?post=2155"}],"curies":[{"name":"wp","href":"https:\/\/api.w.org\/{rel}","templated":true}]}}