{"id":2166,"date":"2023-09-28T16:40:41","date_gmt":"2023-09-28T14:40:41","guid":{"rendered":"https:\/\/fts.you2.pl\/index.php\/produkt\/bnwt-portugalia-2020-22-home-7-ronaldo-xxl\/"},"modified":"2025-09-18T19:58:24","modified_gmt":"2025-09-18T17:58:24","slug":"bnwt-portugalia-2020-22-home-7-ronaldo-xxl","status":"publish","type":"product","link":"https:\/\/fts.you2.pl\/de\/bnwt-portugalia-2020-22-home-7-ronaldo-xxl\/","title":{"rendered":"BNWT Portugalia 2020\/22 Home 7 Ronaldo [XXL]"},"content":{"rendered":"<p><strong>Klub:<\/strong> Portugalia<\/p>\n<p><strong>Sezon:<\/strong> 2020\/22 Home<\/p>\n<p><strong>Rozmiar: <\/strong>XXL<\/p>\n<p><strong>Stan:<\/strong> BNWT &#8211; koszulka nowa, z metkami. Posiada jednak niewielkie uszkodzenie materia\u0142u na ko\u0142nierzyku.<\/p>\n<p><strong>Wymiary (szeroko\u015b\u0107 pod pachami\/d\u0142ugo\u015b\u0107) w cm: <\/strong>66\/77<\/p>","protected":false},"excerpt":{"rendered":"<p>BNWT Portugalia 2020\/22 Home 7 Ronaldo [XXL]<\/p>","protected":false},"featured_media":7112,"template":"","meta":{"_kad_blocks_custom_css":"","_kad_blocks_head_custom_js":"","_kad_blocks_body_custom_js":"","_kad_blocks_footer_custom_js":"","_kad_post_transparent":"","_kad_post_title":"","_kad_post_layout":"","_kad_post_sidebar_id":"","_kad_post_content_style":"","_kad_post_vertical_padding":"","_kad_post_feature":"","_kad_post_feature_position":"","_kad_post_header":false,"_kad_post_footer":false},"product_brand":[55],"product_cat":[23,398,22],"product_tag":[],"class_list":{"0":"post-2166","1":"product","2":"type-product","3":"status-publish","4":"has-post-thumbnail","6":"product_brand-nike","7":"product_cat-europa","8":"product_cat-portugalia-europa","9":"product_cat-reprezentacje","10":"pa_rozmiar-xxl","12":"first","13":"instock","14":"taxable","15":"shipping-taxable","16":"purchasable","17":"product-type-simple","18":"entry","19":"content-bg","20":"loop-entry"},"taxonomy_info":{"product_brand":[{"value":55,"label":"Nike"}],"product_cat":[{"value":23,"label":"Europa"},{"value":398,"label":"Portugalia"},{"value":22,"label":"REPREZENTACJE"}],"pa_rozmiar":[{"value":71,"label":"XXL"}]},"featured_image_src_large":["https:\/\/fts.you2.pl\/wp-content\/uploads\/2025\/09\/PhotoRoom_011_20230928_173341-1024x1024.png",1024,1024,true],"author_info":[],"comment_info":"","_links":{"self":[{"href":"https:\/\/fts.you2.pl\/de\/wp-json\/wp\/v2\/product\/2166","targetHints":{"allow":["GET"]}}],"collection":[{"href":"https:\/\/fts.you2.pl\/de\/wp-json\/wp\/v2\/product"}],"about":[{"href":"https:\/\/fts.you2.pl\/de\/wp-json\/wp\/v2\/types\/product"}],"wp:featuredmedia":[{"embeddable":true,"href":"https:\/\/fts.you2.pl\/de\/wp-json\/wp\/v2\/media\/7112"}],"wp:attachment":[{"href":"https:\/\/fts.you2.pl\/de\/wp-json\/wp\/v2\/media?parent=2166"}],"wp:term":[{"taxonomy":"product_brand","embeddable":true,"href":"https:\/\/fts.you2.pl\/de\/wp-json\/wp\/v2\/product_brand?post=2166"},{"taxonomy":"product_cat","embeddable":true,"href":"https:\/\/fts.you2.pl\/de\/wp-json\/wp\/v2\/product_cat?post=2166"},{"taxonomy":"product_tag","embeddable":true,"href":"https:\/\/fts.you2.pl\/de\/wp-json\/wp\/v2\/product_tag?post=2166"}],"curies":[{"name":"wp","href":"https:\/\/api.w.org\/{rel}","templated":true}]}}