{"id":2185,"date":"2023-10-24T15:33:22","date_gmt":"2023-10-24T13:33:22","guid":{"rendered":"https:\/\/fts.you2.pl\/index.php\/produkt\/player-issue-wlochy-2014-16-home-xl\/"},"modified":"2025-09-18T20:19:35","modified_gmt":"2025-09-18T18:19:35","slug":"player-issue-wlochy-2014-16-home-xl","status":"publish","type":"product","link":"https:\/\/fts.you2.pl\/de\/player-issue-wlochy-2014-16-home-xl\/","title":{"rendered":"PLAYER ISSUE W\u0142ochy 2014\/16 Home [XL]"},"content":{"rendered":"<p><strong>Klub:<\/strong> W\u0142ochy<\/p>\n<p><strong>Sezon:<\/strong> 2014\/16 Home<\/p>\n<p><strong>Rozmiar: <\/strong>XL<\/p>\n<p><strong>Stan:<\/strong> Doskona\u0142y<\/p>\n<p><strong>Wymiary (szeroko\u015b\u0107 pod pachami\/d\u0142ugo\u015b\u0107) w cm: <\/strong>44\/72 &#8211; koszulka wykonana w najwy\u017cszej wersji meczowej, co czyni j\u0105 bardzo przylegaj\u0105c\u0105 do cia\u0142a, a sam materia\u0142 jest bardzo rozci\u0105gliwy. Kr\u00f3j przeznaczony dla os\u00f3b o atletycznej budowie cia\u0142a.<\/p>\n<p><strong>Dodatkowe informacje:<\/strong> Koszulka u\u017cywana przez reprezentacj\u0119 W\u0142och podczas nieudanego dla nich Turnieju Mistrzostw \u015awiata w 2014 roku, gdzie zaj\u0119li trzecie miejsce w grupie i nie przeszli do dalszej fazy rozgrywek. Musieli ust\u0105pi\u0107 Urugwajowi i Kostaryce, wyprzedzaj\u0105c jedynie Angli\u0119, kt\u00f3ra zaj\u0119\u0142a ostatnie miejsce.<\/p>","protected":false},"excerpt":{"rendered":"<p>PLAYER ISSUE W\u0142ochy 2014\/16 Home [XL]<\/p>","protected":false},"featured_media":7286,"template":"","meta":{"_kad_blocks_custom_css":"","_kad_blocks_head_custom_js":"","_kad_blocks_body_custom_js":"","_kad_blocks_footer_custom_js":"","_kad_post_transparent":"","_kad_post_title":"","_kad_post_layout":"","_kad_post_sidebar_id":"","_kad_post_content_style":"","_kad_post_vertical_padding":"","_kad_post_feature":"","_kad_post_feature_position":"","_kad_post_header":false,"_kad_post_footer":false},"product_brand":[86],"product_cat":[23,22,190],"product_tag":[],"class_list":{"0":"post-2185","1":"product","2":"type-product","3":"status-publish","4":"has-post-thumbnail","6":"product_brand-puma","7":"product_cat-europa","8":"product_cat-reprezentacje","9":"product_cat-wlochy","10":"pa_rozmiar-xl","12":"first","13":"instock","14":"taxable","15":"shipping-taxable","16":"purchasable","17":"product-type-simple","18":"entry","19":"content-bg","20":"loop-entry"},"taxonomy_info":{"product_brand":[{"value":86,"label":"Puma"}],"product_cat":[{"value":23,"label":"Europa"},{"value":22,"label":"REPREZENTACJE"},{"value":190,"label":"W\u0142ochy"}],"pa_rozmiar":[{"value":57,"label":"XL"}]},"featured_image_src_large":["https:\/\/fts.you2.pl\/wp-content\/uploads\/2025\/09\/PhotoRoom_026_20231023_184120-1024x1024.png",1024,1024,true],"author_info":[],"comment_info":"","_links":{"self":[{"href":"https:\/\/fts.you2.pl\/de\/wp-json\/wp\/v2\/product\/2185","targetHints":{"allow":["GET"]}}],"collection":[{"href":"https:\/\/fts.you2.pl\/de\/wp-json\/wp\/v2\/product"}],"about":[{"href":"https:\/\/fts.you2.pl\/de\/wp-json\/wp\/v2\/types\/product"}],"wp:featuredmedia":[{"embeddable":true,"href":"https:\/\/fts.you2.pl\/de\/wp-json\/wp\/v2\/media\/7286"}],"wp:attachment":[{"href":"https:\/\/fts.you2.pl\/de\/wp-json\/wp\/v2\/media?parent=2185"}],"wp:term":[{"taxonomy":"product_brand","embeddable":true,"href":"https:\/\/fts.you2.pl\/de\/wp-json\/wp\/v2\/product_brand?post=2185"},{"taxonomy":"product_cat","embeddable":true,"href":"https:\/\/fts.you2.pl\/de\/wp-json\/wp\/v2\/product_cat?post=2185"},{"taxonomy":"product_tag","embeddable":true,"href":"https:\/\/fts.you2.pl\/de\/wp-json\/wp\/v2\/product_tag?post=2185"}],"curies":[{"name":"wp","href":"https:\/\/api.w.org\/{rel}","templated":true}]}}