{"id":2188,"date":"2023-10-24T15:33:20","date_gmt":"2023-10-24T13:33:20","guid":{"rendered":"https:\/\/fts.you2.pl\/index.php\/produkt\/borussia-monchengladbach-2015-16-away-34-xhaka-s\/"},"modified":"2025-09-18T20:22:54","modified_gmt":"2025-09-18T18:22:54","slug":"borussia-monchengladbach-2015-16-away-34-xhaka-s","status":"publish","type":"product","link":"https:\/\/fts.you2.pl\/de\/borussia-monchengladbach-2015-16-away-34-xhaka-s\/","title":{"rendered":"Koszulka pi\u0142karska Borussia Monchengladbach 2015\/16 Away 34 Xhaka [S]"},"content":{"rendered":"<p><strong>Klub:<\/strong> Borussia Monchengladbach<\/p>\n<p><strong>Sezon:<\/strong> 2015\/16 Away<\/p>\n<p><strong>Rozmiar: <\/strong>S<\/p>\n<p><strong>Stan:<\/strong> Bardzo dobry &#8211; zabrudzenie na ko\u0144cu jednego z r\u0119kawk\u00f3w oraz nieznacznie pop\u0119kana literka 'H&#8217; w nadruku na plecach.<\/p>\n<p><strong>Wymiary (szeroko\u015b\u0107 pod pachami\/d\u0142ugo\u015b\u0107) w cm: <\/strong>48\/67(prz\u00f3d), 72(ty\u0142)<\/p>","protected":false},"excerpt":{"rendered":"<article class=\"text-token-text-primary w-full focus:outline-none scroll-mt-[calc(var(--header-height)+min(200px,max(70px,20svh)))]\" dir=\"auto\" tabindex=\"-1\" data-testid=\"conversation-turn-88\" data-scroll-anchor=\"true\" data-turn=\"assistant\">\n<div class=\"text-base my-auto mx-auto pb-10 [--thread-content-margin:--spacing(4)] @[37rem]:[--thread-content-margin:--spacing(6)] @[72rem]:[--thread-content-margin:--spacing(16)] px-(--thread-content-margin)\">\n<div class=\"[--thread-content-max-width:32rem] @[34rem]:[--thread-content-max-width:40rem] @[64rem]:[--thread-content-max-width:48rem] mx-auto max-w-(--thread-content-max-width) flex-1 group\/turn-messages focus-visible:outline-hidden relative flex w-full min-w-0 flex-col agent-turn\" tabindex=\"-1\">\n<div class=\"flex max-w-full flex-col grow\">\n<div class=\"min-h-8 text-message relative flex w-full flex-col items-end gap-2 text-start break-words whitespace-normal [.text-message+&amp;]:mt-5\" dir=\"auto\" data-message-author-role=\"assistant\" data-message-id=\"0a3c4125-598f-4b9b-bb01-acc2b4157ace\" data-message-model-slug=\"gpt-4o\">\n<div class=\"flex w-full flex-col gap-1 empty:hidden first:pt-[3px]\">\n<div class=\"markdown prose dark:prose-invert w-full break-words light\">\n<p data-start=\"0\" data-end=\"548\"><strong data-start=\"0\" data-end=\"141\">Oryginalna koszulka pi\u0142karska Borussii M\u00f6nchengladbach z sezonu 2015\/16 w wersji wyjazdowej z nazwiskiem Granita Xhaki \u2013 produkcji marki Kappa.<\/strong><\/p>\n<p data-start=\"0\" data-end=\"548\"><br data-start=\"141\" data-end=\"144\" \/>Ta <strong data-start=\"147\" data-end=\"205\">oryginalna wyjazdowa koszulka Borussii M\u00f6nchengladbach<\/strong> z sezonu <strong data-start=\"215\" data-end=\"226\" data-is-only-node=\"\">2015\/16<\/strong> to oficjalny model wyprodukowany przez w\u0142osk\u0105 firm\u0119 <strong data-start=\"279\" data-end=\"288\">Kappa<\/strong>, zaprojektowany z my\u015bl\u0105 o wyst\u0119pach zespo\u0142u w Bundeslidze oraz europejskich pucharach. Egzemplarz z <strong data-start=\"389\" data-end=\"425\">nadrukiem nazwiska Granita Xhaki<\/strong> i numerem 34 stanowi wyj\u0105tkow\u0105 pami\u0105tk\u0119 z czas\u00f3w, gdy szwajcarski pomocnik by\u0142 kluczow\u0105 postaci\u0105 w \u015brodku pola \u201e\u0179rebak\u00f3w\u201d.<\/p>\n<p data-start=\"550\" data-end=\"1044\">Koszulka utrzymana jest w eleganckim <strong data-start=\"587\" data-end=\"606\">czarnym kolorze<\/strong>, uzupe\u0142nionym o <strong data-start=\"623\" data-end=\"657\">ciemnoszare geometryczne wzory<\/strong> i subtelne <strong data-start=\"669\" data-end=\"694\">zielono-bia\u0142e akcenty<\/strong>, kt\u00f3re podkre\u015blaj\u0105 klubow\u0105 to\u017csamo\u015b\u0107. Na froncie umieszczono logo sponsora g\u0142\u00f3wnego <strong data-start=\"779\" data-end=\"791\">Postbank<\/strong>, charakterystyczne logo Kappy na ramionach oraz <strong data-start=\"840\" data-end=\"867\">haftowany herb Borussii<\/strong> na piersi. Ca\u0142o\u015b\u0107 wykonana zosta\u0142a z lekkiego, elastycznego materia\u0142u, kt\u00f3ry zapewnia wygod\u0119 noszenia i swobod\u0119 ruch\u00f3w, a jednocze\u015bnie prezentuje si\u0119 nowocze\u015bnie i dynamicznie.<\/p>\n<p data-start=\"1046\" data-end=\"1556\">Sezon <strong data-start=\"1052\" data-end=\"1063\">2015\/16<\/strong> by\u0142 jednym z najlepszych w historii wsp\u00f3\u0142czesnej Borussii \u2013 klub zaj\u0105\u0142 wysokie miejsce w Bundeslidze i bra\u0142 udzia\u0142 w fazie grupowej <strong data-start=\"1196\" data-end=\"1218\">Ligi Mistrz\u00f3w UEFA<\/strong>. <strong data-start=\"1220\" data-end=\"1236\">Granit Xhaka<\/strong>, jako kapitan dru\u017cyny, imponowa\u0142 <strong data-start=\"1270\" data-end=\"1318\">dojrza\u0142o\u015bci\u0105, si\u0142\u0105 fizyczn\u0105 i precyzj\u0105 poda\u0144<\/strong>, co zaowocowa\u0142o jego transferem do Arsenalu FC po zako\u0144czeniu sezonu. Koszulka z jego nazwiskiem to nie tylko wyraz uznania dla jego roli w tamtym sk\u0142adzie, ale te\u017c doskona\u0142y przyk\u0142ad nowoczesnego projektu klubowego stroju meczowego.<\/p>\n<p data-start=\"1558\" data-end=\"2036\" data-is-last-node=\"\" data-is-only-node=\"\">Ten model \u0142\u0105czy w sobie <strong data-start=\"1582\" data-end=\"1601\">nowoczesny styl<\/strong>, <strong data-start=\"1603\" data-end=\"1627\">techniczne wykonanie<\/strong> oraz <strong data-start=\"1633\" data-end=\"1667\">historyczne znaczenie sportowe<\/strong>, co czyni go atrakcyjnym wyborem dla fan\u00f3w <strong data-start=\"1711\" data-end=\"1739\">Borussii M\u00f6nchengladbach<\/strong>, kibic\u00f3w <strong data-start=\"1749\" data-end=\"1765\">Granita Xhaki<\/strong>, a tak\u017ce <strong data-start=\"1775\" data-end=\"1856\">kolekcjoner\u00f3w oryginalnych koszulek pi\u0142karskich z ery wsp\u00f3\u0142czesnej Bundesligi<\/strong>. To nie tylko element sportowej garderoby, ale r\u00f3wnie\u017c \u015bwiadectwo udanego okresu w historii klubu i kariery jednego z najbardziej charakterystycznych pomocnik\u00f3w swojego pokolenia.<\/p>\n<\/div>\n<\/div>\n<\/div>\n<\/div>\n<\/div>\n<\/div>\n<\/article>\n<div class=\"pointer-events-none h-px w-px\" aria-hidden=\"true\" data-edge=\"true\"><\/div>","protected":false},"featured_media":7313,"template":"","meta":{"_kad_blocks_custom_css":"","_kad_blocks_head_custom_js":"","_kad_blocks_body_custom_js":"","_kad_blocks_footer_custom_js":"","_kad_post_transparent":"","_kad_post_title":"","_kad_post_layout":"","_kad_post_sidebar_id":"","_kad_post_content_style":"","_kad_post_vertical_padding":"","_kad_post_feature":"","_kad_post_feature_position":"","_kad_post_header":false,"_kad_post_footer":false},"product_brand":[35],"product_cat":[15,67,31,46],"product_tag":[],"class_list":{"0":"post-2188","1":"product","2":"type-product","3":"status-publish","4":"has-post-thumbnail","6":"product_brand-kappa","7":"product_cat-bez-kategorii","8":"product_cat-borussia-monchengladbach","9":"product_cat-kluby-europejskie","10":"product_cat-kluby-niemieckie","11":"pa_rozmiar-s","13":"first","14":"instock","15":"taxable","16":"shipping-taxable","17":"purchasable","18":"product-type-simple","19":"entry","20":"content-bg","21":"loop-entry"},"taxonomy_info":{"product_brand":[{"value":35,"label":"Kappa"}],"product_cat":[{"value":15,"label":"Bez kategorii"},{"value":67,"label":"Borussia M\u00f6nchengladbach"},{"value":31,"label":"Kluby Europejskie"},{"value":46,"label":"Kluby Niemieckie"}],"pa_rozmiar":[{"value":19,"label":"S"}]},"featured_image_src_large":["https:\/\/fts.you2.pl\/wp-content\/uploads\/2025\/09\/PhotoRoom_007_20231023_184120-1024x1024.png",1024,1024,true],"author_info":[],"comment_info":"","_links":{"self":[{"href":"https:\/\/fts.you2.pl\/de\/wp-json\/wp\/v2\/product\/2188","targetHints":{"allow":["GET"]}}],"collection":[{"href":"https:\/\/fts.you2.pl\/de\/wp-json\/wp\/v2\/product"}],"about":[{"href":"https:\/\/fts.you2.pl\/de\/wp-json\/wp\/v2\/types\/product"}],"wp:featuredmedia":[{"embeddable":true,"href":"https:\/\/fts.you2.pl\/de\/wp-json\/wp\/v2\/media\/7313"}],"wp:attachment":[{"href":"https:\/\/fts.you2.pl\/de\/wp-json\/wp\/v2\/media?parent=2188"}],"wp:term":[{"taxonomy":"product_brand","embeddable":true,"href":"https:\/\/fts.you2.pl\/de\/wp-json\/wp\/v2\/product_brand?post=2188"},{"taxonomy":"product_cat","embeddable":true,"href":"https:\/\/fts.you2.pl\/de\/wp-json\/wp\/v2\/product_cat?post=2188"},{"taxonomy":"product_tag","embeddable":true,"href":"https:\/\/fts.you2.pl\/de\/wp-json\/wp\/v2\/product_tag?post=2188"}],"curies":[{"name":"wp","href":"https:\/\/api.w.org\/{rel}","templated":true}]}}