{"id":2237,"date":"2024-01-07T12:41:21","date_gmt":"2024-01-07T11:41:21","guid":{"rendered":"https:\/\/fts.you2.pl\/index.php\/produkt\/rangers-fc-2004-05-home-31-namouchi-m\/"},"modified":"2025-09-18T21:17:11","modified_gmt":"2025-09-18T19:17:11","slug":"rangers-fc-2004-05-home-31-namouchi-m","status":"publish","type":"product","link":"https:\/\/fts.you2.pl\/de\/rangers-fc-2004-05-home-31-namouchi-m\/","title":{"rendered":"Rangers FC 2004\/05 Home 31 Namouchi [M]"},"content":{"rendered":"<p><strong>Klub:<\/strong> Rangers FC<\/p>\n<p><strong>Sezon:<\/strong> 2004\/05 Home<\/p>\n<p><strong>Rozmiar: <\/strong>M<\/p>\n<p><strong>Stan:<\/strong> Bardzo dobry &#8211; nieznacznie uszkodzona cyfra na plecach.<\/p>\n<p><strong>Wymiary (szeroko\u015b\u0107 pod pachami\/d\u0142ugo\u015b\u0107) w cm: <\/strong>53\/73<\/p>","protected":false},"excerpt":{"rendered":"<p>Rangers FC 2004\/05 Home 31 Namouchi [M]<\/p>","protected":false},"featured_media":7755,"template":"","meta":{"_kad_blocks_custom_css":"","_kad_blocks_head_custom_js":"","_kad_blocks_body_custom_js":"","_kad_blocks_footer_custom_js":"","_kad_post_transparent":"","_kad_post_title":"","_kad_post_layout":"","_kad_post_sidebar_id":"","_kad_post_content_style":"","_kad_post_vertical_padding":"","_kad_post_feature":"","_kad_post_feature_position":"","_kad_post_header":false,"_kad_post_footer":false},"product_brand":[59],"product_cat":[31,50,235],"product_tag":[],"class_list":{"0":"post-2237","1":"product","2":"type-product","3":"status-publish","4":"has-post-thumbnail","6":"product_brand-diadora","7":"product_cat-kluby-europejskie","8":"product_cat-kluby-europejskie-kluby-europejskie","9":"product_cat-szkocja","10":"pa_rozmiar-m","12":"first","13":"instock","14":"taxable","15":"shipping-taxable","16":"purchasable","17":"product-type-simple","18":"entry","19":"content-bg","20":"loop-entry"},"taxonomy_info":{"product_brand":[{"value":59,"label":"Diadora"}],"product_cat":[{"value":31,"label":"Kluby Europejskie"},{"value":50,"label":"Kluby Europejskie"},{"value":235,"label":"Szkocja"}],"pa_rozmiar":[{"value":28,"label":"M"}]},"featured_image_src_large":["https:\/\/fts.you2.pl\/wp-content\/uploads\/2025\/09\/PhotoRoom_050_20240104_150043-1024x1024.png",1024,1024,true],"author_info":[],"comment_info":"","_links":{"self":[{"href":"https:\/\/fts.you2.pl\/de\/wp-json\/wp\/v2\/product\/2237","targetHints":{"allow":["GET"]}}],"collection":[{"href":"https:\/\/fts.you2.pl\/de\/wp-json\/wp\/v2\/product"}],"about":[{"href":"https:\/\/fts.you2.pl\/de\/wp-json\/wp\/v2\/types\/product"}],"wp:featuredmedia":[{"embeddable":true,"href":"https:\/\/fts.you2.pl\/de\/wp-json\/wp\/v2\/media\/7755"}],"wp:attachment":[{"href":"https:\/\/fts.you2.pl\/de\/wp-json\/wp\/v2\/media?parent=2237"}],"wp:term":[{"taxonomy":"product_brand","embeddable":true,"href":"https:\/\/fts.you2.pl\/de\/wp-json\/wp\/v2\/product_brand?post=2237"},{"taxonomy":"product_cat","embeddable":true,"href":"https:\/\/fts.you2.pl\/de\/wp-json\/wp\/v2\/product_cat?post=2237"},{"taxonomy":"product_tag","embeddable":true,"href":"https:\/\/fts.you2.pl\/de\/wp-json\/wp\/v2\/product_tag?post=2237"}],"curies":[{"name":"wp","href":"https:\/\/api.w.org\/{rel}","templated":true}]}}