{"id":2247,"date":"2024-01-14T15:48:15","date_gmt":"2024-01-14T14:48:15","guid":{"rendered":"https:\/\/fts.you2.pl\/index.php\/produkt\/player-issue-olympique-marsylia-2018-19-home-m\/"},"modified":"2025-09-18T21:27:55","modified_gmt":"2025-09-18T19:27:55","slug":"player-issue-olympique-marsylia-2018-19-home-m","status":"publish","type":"product","link":"https:\/\/fts.you2.pl\/de\/player-issue-olympique-marsylia-2018-19-home-m\/","title":{"rendered":"PLAYER ISSUE Olympique Marsylia 2018\/19 Home [M]"},"content":{"rendered":"<p><strong>Klub:<\/strong> Olympique Marsylia<\/p>\n<p><strong>Sezon:<\/strong> 2018\/19 Home<\/p>\n<p><strong>Rozmiar: <\/strong>M<\/p>\n<p><strong>Stan:<\/strong> Doskona\u0142y<\/p>\n<p><strong>Wymiary (szeroko\u015b\u0107 pod pachami\/d\u0142ugo\u015b\u0107) w cm: <\/strong>43\/71<\/p>\n<p><strong>Dodatkowe informacje:<\/strong> Koszulka w najwy\u017cszej wersji, meczowej. Jest mocno obcis\u0142a i przylegaj\u0105ca do cia\u0142a, ale r\u00f3wnie\u017c rozci\u0105gliwa. Przeznaczona dla os\u00f3b o atletycznej budowie cia\u0142a.<\/p>","protected":false},"excerpt":{"rendered":"<p>PLAYER ISSUE Olympique Marsylia 2018\/19 Home [M]<\/p>","protected":false},"featured_media":7836,"template":"","meta":{"_kad_blocks_custom_css":"","_kad_blocks_head_custom_js":"","_kad_blocks_body_custom_js":"","_kad_blocks_footer_custom_js":"","_kad_post_transparent":"","_kad_post_title":"","_kad_post_layout":"","_kad_post_sidebar_id":"","_kad_post_content_style":"","_kad_post_vertical_padding":"","_kad_post_feature":"","_kad_post_feature_position":"","_kad_post_header":false,"_kad_post_footer":false},"product_brand":[86],"product_cat":[31,129,393],"product_tag":[],"class_list":{"0":"post-2247","1":"product","2":"type-product","3":"status-publish","4":"has-post-thumbnail","6":"product_brand-puma","7":"product_cat-kluby-europejskie","8":"product_cat-kluby-francuskie","9":"product_cat-olympique-marsylia","10":"pa_rozmiar-m","12":"first","13":"instock","14":"taxable","15":"shipping-taxable","16":"purchasable","17":"product-type-simple","18":"entry","19":"content-bg","20":"loop-entry"},"taxonomy_info":{"product_brand":[{"value":86,"label":"Puma"}],"product_cat":[{"value":31,"label":"Kluby Europejskie"},{"value":129,"label":"Kluby Francuskie"},{"value":393,"label":"Olympique Marsylia"}],"pa_rozmiar":[{"value":28,"label":"M"}]},"featured_image_src_large":["https:\/\/fts.you2.pl\/wp-content\/uploads\/2025\/09\/PhotoRoom_026_20240111_201517-1024x1024.png",1024,1024,true],"author_info":[],"comment_info":"","_links":{"self":[{"href":"https:\/\/fts.you2.pl\/de\/wp-json\/wp\/v2\/product\/2247","targetHints":{"allow":["GET"]}}],"collection":[{"href":"https:\/\/fts.you2.pl\/de\/wp-json\/wp\/v2\/product"}],"about":[{"href":"https:\/\/fts.you2.pl\/de\/wp-json\/wp\/v2\/types\/product"}],"wp:featuredmedia":[{"embeddable":true,"href":"https:\/\/fts.you2.pl\/de\/wp-json\/wp\/v2\/media\/7836"}],"wp:attachment":[{"href":"https:\/\/fts.you2.pl\/de\/wp-json\/wp\/v2\/media?parent=2247"}],"wp:term":[{"taxonomy":"product_brand","embeddable":true,"href":"https:\/\/fts.you2.pl\/de\/wp-json\/wp\/v2\/product_brand?post=2247"},{"taxonomy":"product_cat","embeddable":true,"href":"https:\/\/fts.you2.pl\/de\/wp-json\/wp\/v2\/product_cat?post=2247"},{"taxonomy":"product_tag","embeddable":true,"href":"https:\/\/fts.you2.pl\/de\/wp-json\/wp\/v2\/product_tag?post=2247"}],"curies":[{"name":"wp","href":"https:\/\/api.w.org\/{rel}","templated":true}]}}