{"id":2282,"date":"2024-02-11T15:02:43","date_gmt":"2024-02-11T14:02:43","guid":{"rendered":"https:\/\/fts.you2.pl\/index.php\/produkt\/werder-brema-1994-95-home-11-xs\/"},"modified":"2025-09-18T22:06:15","modified_gmt":"2025-09-18T20:06:15","slug":"werder-brema-1994-95-home-11-xs","status":"publish","type":"product","link":"https:\/\/fts.you2.pl\/de\/werder-brema-1994-95-home-11-xs\/","title":{"rendered":"Koszulka pi\u0142karska Werder Brema 1994\/95 Home 11 [XS]"},"content":{"rendered":"<p><strong>Klub:<\/strong> Werder Brema<\/p>\n<p><strong>Sezon:<\/strong> 1994\/95 Home<\/p>\n<p><strong>Rozmiar: <\/strong>XS<\/p>\n<p><strong>Stan:<\/strong> Zadowalaj\u0105cy &#8211; uci\u0119ta metka z rozmiarem na karku, zaci\u0105gni\u0119cie na froncie oraz zabrudzenie na plecach.<\/p>\n<p><strong>Wymiary (szeroko\u015b\u0107 pod pachami\/d\u0142ugo\u015b\u0107) w cm: <\/strong>44\/65<\/p>","protected":false},"excerpt":{"rendered":"<p data-start=\"0\" data-end=\"479\"><strong data-start=\"0\" data-end=\"79\">Oryginalna koszulka domowa Werderu Brema z sezonu 1994\/95 \u2013 produkcji Pumy.<\/strong><\/p>\n<p data-start=\"0\" data-end=\"479\"><br data-start=\"79\" data-end=\"82\" \/>Ta <strong data-start=\"85\" data-end=\"132\" data-is-only-node=\"\">oryginalna koszulka pi\u0142karska Werderu Brema<\/strong> z sezonu <strong data-start=\"142\" data-end=\"153\">1994\/95<\/strong> to klasyczny model wyprodukowany przez firm\u0119 <strong data-start=\"199\" data-end=\"207\">Puma<\/strong>, oddaj\u0105cy ducha niemieckiego futbolu lat 90. Utrzymana w tradycyjnej <strong data-start=\"277\" data-end=\"307\">zielono-bia\u0142ej kolorystyce<\/strong>, wyr\u00f3\u017cnia si\u0119 charakterystycznym wzorem graficznym i du\u017cym logo sponsora <strong>DBV<\/strong> na froncie. Na piersi znajduje si\u0119 <strong data-start=\"425\" data-end=\"449\">haftowany herb klubu<\/strong> oraz logo Pumy w stylu retro.<\/p>\n<p data-start=\"481\" data-end=\"808\">Koszulka pochodzi z okresu, w kt\u00f3rym Werder Brema by\u0142 czo\u0142owym klubem <strong data-start=\"551\" data-end=\"565\">Bundesligi<\/strong>, z takimi zawodnikami jak <strong data-start=\"592\" data-end=\"620\">Wynton Rufer, Marco Bode<\/strong> czy <strong data-start=\"625\" data-end=\"641\">Mario Basler<\/strong>. Model cechuje si\u0119 lu\u017anym krojem i typowym dla tamtej dekady designem, kt\u00f3ry dzi\u015b cieszy si\u0119 ogromn\u0105 popularno\u015bci\u0105 w\u015br\u00f3d <strong data-start=\"763\" data-end=\"807\">kolekcjoner\u00f3w retro koszulek pi\u0142karskich<\/strong>.<\/p>\n<p data-start=\"810\" data-end=\"983\" data-is-last-node=\"\" data-is-only-node=\"\">To idealna propozycja dla fan\u00f3w <strong data-start=\"842\" data-end=\"870\">niemieckiej pi\u0142ki no\u017cnej<\/strong>, mi\u0142o\u015bnik\u00f3w stylu lat 90. oraz os\u00f3b poszukuj\u0105cych <strong data-start=\"921\" data-end=\"971\">autentycznych, oryginalnych koszulek meczowych<\/strong> z histori\u0105.<\/p>","protected":false},"featured_media":8133,"template":"","meta":{"_kad_blocks_custom_css":"","_kad_blocks_head_custom_js":"","_kad_blocks_body_custom_js":"","_kad_blocks_footer_custom_js":"","_kad_post_transparent":"","_kad_post_title":"","_kad_post_layout":"","_kad_post_sidebar_id":"","_kad_post_content_style":"","_kad_post_vertical_padding":"","_kad_post_feature":"","_kad_post_feature_position":"","_kad_post_header":false,"_kad_post_footer":false},"product_brand":[86],"product_cat":[31,46,356,183],"product_tag":[],"class_list":{"0":"post-2282","1":"product","2":"type-product","3":"status-publish","4":"has-post-thumbnail","6":"product_brand-puma","7":"product_cat-kluby-europejskie","8":"product_cat-kluby-niemieckie","9":"product_cat-koszulki-mlodziezowe","10":"product_cat-werder-brema","11":"pa_rozmiar-xs","13":"first","14":"instock","15":"taxable","16":"shipping-taxable","17":"purchasable","18":"product-type-simple","19":"entry","20":"content-bg","21":"loop-entry"},"taxonomy_info":{"product_brand":[{"value":86,"label":"Puma"}],"product_cat":[{"value":31,"label":"Kluby Europejskie"},{"value":46,"label":"Kluby Niemieckie"},{"value":356,"label":"Koszulki M\u0142odzie\u017cowe"},{"value":183,"label":"Werder Brema"}],"pa_rozmiar":[{"value":415,"label":"XS"}]},"featured_image_src_large":["https:\/\/fts.you2.pl\/wp-content\/uploads\/2025\/09\/PhotoRoom_020_20240210_225256-1024x1024.png",1024,1024,true],"author_info":[],"comment_info":"","_links":{"self":[{"href":"https:\/\/fts.you2.pl\/de\/wp-json\/wp\/v2\/product\/2282","targetHints":{"allow":["GET"]}}],"collection":[{"href":"https:\/\/fts.you2.pl\/de\/wp-json\/wp\/v2\/product"}],"about":[{"href":"https:\/\/fts.you2.pl\/de\/wp-json\/wp\/v2\/types\/product"}],"wp:featuredmedia":[{"embeddable":true,"href":"https:\/\/fts.you2.pl\/de\/wp-json\/wp\/v2\/media\/8133"}],"wp:attachment":[{"href":"https:\/\/fts.you2.pl\/de\/wp-json\/wp\/v2\/media?parent=2282"}],"wp:term":[{"taxonomy":"product_brand","embeddable":true,"href":"https:\/\/fts.you2.pl\/de\/wp-json\/wp\/v2\/product_brand?post=2282"},{"taxonomy":"product_cat","embeddable":true,"href":"https:\/\/fts.you2.pl\/de\/wp-json\/wp\/v2\/product_cat?post=2282"},{"taxonomy":"product_tag","embeddable":true,"href":"https:\/\/fts.you2.pl\/de\/wp-json\/wp\/v2\/product_tag?post=2282"}],"curies":[{"name":"wp","href":"https:\/\/api.w.org\/{rel}","templated":true}]}}