{"id":2317,"date":"2024-03-24T16:55:47","date_gmt":"2024-03-24T15:55:47","guid":{"rendered":"https:\/\/fts.you2.pl\/index.php\/produkt\/niemcy-2005-07-home-20-podolski-yxl\/"},"modified":"2025-09-18T22:44:34","modified_gmt":"2025-09-18T20:44:34","slug":"niemcy-2005-07-home-20-podolski-yxl","status":"publish","type":"product","link":"https:\/\/fts.you2.pl\/de\/niemcy-2005-07-home-20-podolski-yxl\/","title":{"rendered":"Koszulka pi\u0142karska Niemcy 2006\/08 Home 20 Podolski [164 cm]"},"content":{"rendered":"<p><strong>Klub:<\/strong> Niemcy<\/p>\n<p><strong>Sezon:<\/strong> 2006\/08 Home<\/p>\n<p><strong>Rozmiar: <\/strong>164 cm<\/p>\n<p><strong>Stan:<\/strong> Bardzo dobry &#8211; p\u0119kni\u0119ta cyfra na plecach.<\/p>\n<p><strong>Wymiary (szeroko\u015b\u0107 pod pachami\/d\u0142ugo\u015b\u0107) w cm: <\/strong>49\/66(prz\u00f3d), 70 (ty\u0142)<\/p>","protected":false},"excerpt":{"rendered":"<article class=\"text-token-text-primary w-full focus:outline-none scroll-mt-[calc(var(--header-height)+min(200px,max(70px,20svh)))]\" dir=\"auto\" tabindex=\"-1\" data-testid=\"conversation-turn-44\" data-scroll-anchor=\"true\" data-turn=\"assistant\">\n<div class=\"text-base my-auto mx-auto pb-10 [--thread-content-margin:--spacing(4)] @[37rem]:[--thread-content-margin:--spacing(6)] @[72rem]:[--thread-content-margin:--spacing(16)] px-(--thread-content-margin)\">\n<div class=\"[--thread-content-max-width:32rem] @[34rem]:[--thread-content-max-width:40rem] @[64rem]:[--thread-content-max-width:48rem] mx-auto max-w-(--thread-content-max-width) flex-1 group\/turn-messages focus-visible:outline-hidden relative flex w-full min-w-0 flex-col agent-turn\" tabindex=\"-1\">\n<div class=\"flex max-w-full flex-col grow\">\n<div class=\"min-h-8 text-message relative flex w-full flex-col items-end gap-2 text-start break-words whitespace-normal [.text-message+&amp;]:mt-5\" dir=\"auto\" data-message-author-role=\"assistant\" data-message-id=\"826cec35-ca96-4fe4-8f4f-db204953ba74\" data-message-model-slug=\"gpt-4o\">\n<div class=\"flex w-full flex-col gap-1 empty:hidden first:pt-[3px]\">\n<div class=\"markdown prose dark:prose-invert w-full break-words light\">\n<p data-start=\"0\" data-end=\"154\"><strong data-start=\"0\" data-end=\"154\">Oryginalna koszulka pi\u0142karska reprezentacji Niemiec z lat 2006\u20132008 w wersji domowej z nazwiskiem Podolskiego \u2013 produkcji Adidas, rozmiar m\u0142odzie\u017cowy.<\/strong><\/p>\n<p data-start=\"156\" data-end=\"647\">Ta <strong data-start=\"159\" data-end=\"211\">oryginalna domowa koszulka reprezentacji Niemiec<\/strong> z lat <strong data-start=\"218\" data-end=\"231\">2006\u20132008<\/strong> to klasyczny model wyprodukowany przez firm\u0119 <strong data-start=\"277\" data-end=\"287\">Adidas<\/strong>, zaprojektowany z okazji <strong data-start=\"313\" data-end=\"339\">Mistrzostw \u015awiata 2006<\/strong>, kt\u00f3re odby\u0142y si\u0119 na niemieckich stadionach. Koszulka dost\u0119pna w <strong data-start=\"405\" data-end=\"454\">rozmiarze m\u0142odzie\u017cowym (na wzrost ok. 164 cm)<\/strong>, posiada oficjalny <strong data-start=\"474\" data-end=\"512\">nadruk nazwiska Lukasa Podolskiego<\/strong> oraz numer 20 \u2013 upami\u0119tniaj\u0105cy jednego z najpopularniejszych i najbardziej charakterystycznych zawodnik\u00f3w kadry narodowej w XXI wieku.<\/p>\n<p data-start=\"649\" data-end=\"1111\">Model utrzymany jest w <strong data-start=\"672\" data-end=\"706\">tradycyjnej bia\u0142ej kolorystyce<\/strong>, z czarnymi, czerwonymi i z\u0142otymi akcentami nawi\u0105zuj\u0105cymi do barw narodowych Niemiec. Charakterystyczne dla tego projektu s\u0105 r\u00f3wnie\u017c <strong data-start=\"840\" data-end=\"875\">trzy paski Adidasa na ramionach<\/strong> oraz subtelna grafika na froncie koszulki, przedstawiaj\u0105ca \u0142uk symbolizuj\u0105cy jedno\u015b\u0107 i dum\u0119 narodow\u0105. Na piersi umieszczono <strong data-start=\"1000\" data-end=\"1047\">haftowany herb DFB (Deutscher Fu\u00dfball-Bund)<\/strong> z trzema gwiazdkami za mistrzostwa \u015bwiata, a tak\u017ce logo Adidas.<\/p>\n<p data-start=\"1113\" data-end=\"1492\">Lukas <strong data-start=\"1119\" data-end=\"1131\">Podolski<\/strong> by\u0142 jednym z bohater\u00f3w <strong data-start=\"1155\" data-end=\"1166\">M\u015a 2006<\/strong>, zdobywaj\u0105c wa\u017cne bramki i zyskuj\u0105c uznanie kibic\u00f3w za waleczno\u015b\u0107, szybko\u015b\u0107 i pot\u0119\u017cne uderzenie z lewej nogi. Koszulka z jego nazwiskiem przypomina emocjonuj\u0105cy turniej, w kt\u00f3rym Niemcy zako\u0144czyli rozgrywki na <strong data-start=\"1377\" data-end=\"1396\">trzecim miejscu<\/strong>, wygrywaj\u0105c z Portugali\u0105 w meczu o br\u0105zowy medal i zdobywaj\u0105c sympati\u0119 kibic\u00f3w z ca\u0142ego \u015bwiata.<\/p>\n<p data-start=\"1494\" data-end=\"1807\">To doskona\u0142a propozycja dla <strong data-start=\"1522\" data-end=\"1567\">m\u0142odszych fan\u00f3w niemieckiej reprezentacji<\/strong>, a tak\u017ce dla <strong data-start=\"1581\" data-end=\"1613\">kolekcjoner\u00f3w koszulek retro<\/strong> z histori\u0105. Model ten \u0142\u0105czy w sobie <strong data-start=\"1650\" data-end=\"1668\">funkcjonalno\u015b\u0107<\/strong>, <strong data-start=\"1670\" data-end=\"1693\">ponadczasowy design<\/strong> oraz <strong data-start=\"1699\" data-end=\"1724\">warto\u015b\u0107 sentymentaln\u0105<\/strong>, zwi\u0105zan\u0105 z jednym z najbardziej pami\u0119tnych turniej\u00f3w pi\u0142karskich nowoczesnej ery.<\/p>\n<p data-start=\"1809\" data-end=\"2054\" data-is-last-node=\"\" data-is-only-node=\"\"><strong data-start=\"1809\" data-end=\"1860\">Autentyczna, stylowa i pe\u0142na pi\u0142karskiego ducha<\/strong> \u2013 domowa koszulka reprezentacji Niemiec z nazwiskiem Podolskiego to wyj\u0105tkowy element ka\u017cdej kolekcji oraz idealny wyb\u00f3r dla wszystkich, kt\u00f3rzy doceniaj\u0105 jako\u015b\u0107 i histori\u0119 niemieckiego futbolu.<\/p>\n<\/div>\n<\/div>\n<\/div>\n<\/div>\n<\/div>\n<\/div>\n<\/article>\n<div class=\"pointer-events-none h-px w-px\" aria-hidden=\"true\" data-edge=\"true\"><\/div>","protected":false},"featured_media":8422,"template":"","meta":{"_kad_blocks_custom_css":"","_kad_blocks_head_custom_js":"","_kad_blocks_body_custom_js":"","_kad_blocks_footer_custom_js":"","_kad_post_transparent":"","_kad_post_title":"","_kad_post_layout":"","_kad_post_sidebar_id":"","_kad_post_content_style":"","_kad_post_vertical_padding":"","_kad_post_feature":"","_kad_post_feature_position":"","_kad_post_header":false,"_kad_post_footer":false},"product_brand":[],"product_cat":[23,356,143,22],"product_tag":[],"class_list":{"0":"post-2317","1":"product","2":"type-product","3":"status-publish","4":"has-post-thumbnail","6":"product_cat-europa","7":"product_cat-koszulki-mlodziezowe","8":"product_cat-niemcy","9":"product_cat-reprezentacje","10":"pa_rozmiar-164-cm","12":"first","13":"instock","14":"taxable","15":"shipping-taxable","16":"purchasable","17":"product-type-simple","18":"entry","19":"content-bg","20":"loop-entry"},"taxonomy_info":{"product_cat":[{"value":23,"label":"Europa"},{"value":356,"label":"Koszulki M\u0142odzie\u017cowe"},{"value":143,"label":"Niemcy"},{"value":22,"label":"REPREZENTACJE"}],"pa_rozmiar":[{"value":403,"label":"164 cm"}]},"featured_image_src_large":["https:\/\/fts.you2.pl\/wp-content\/uploads\/2025\/09\/Photoroom_033_20240323_131125-1024x1024.png",1024,1024,true],"author_info":[],"comment_info":"","_links":{"self":[{"href":"https:\/\/fts.you2.pl\/de\/wp-json\/wp\/v2\/product\/2317","targetHints":{"allow":["GET"]}}],"collection":[{"href":"https:\/\/fts.you2.pl\/de\/wp-json\/wp\/v2\/product"}],"about":[{"href":"https:\/\/fts.you2.pl\/de\/wp-json\/wp\/v2\/types\/product"}],"wp:featuredmedia":[{"embeddable":true,"href":"https:\/\/fts.you2.pl\/de\/wp-json\/wp\/v2\/media\/8422"}],"wp:attachment":[{"href":"https:\/\/fts.you2.pl\/de\/wp-json\/wp\/v2\/media?parent=2317"}],"wp:term":[{"taxonomy":"product_brand","embeddable":true,"href":"https:\/\/fts.you2.pl\/de\/wp-json\/wp\/v2\/product_brand?post=2317"},{"taxonomy":"product_cat","embeddable":true,"href":"https:\/\/fts.you2.pl\/de\/wp-json\/wp\/v2\/product_cat?post=2317"},{"taxonomy":"product_tag","embeddable":true,"href":"https:\/\/fts.you2.pl\/de\/wp-json\/wp\/v2\/product_tag?post=2317"}],"curies":[{"name":"wp","href":"https:\/\/api.w.org\/{rel}","templated":true}]}}