{"id":2321,"date":"2024-03-24T16:55:42","date_gmt":"2024-03-24T15:55:42","guid":{"rendered":"https:\/\/fts.you2.pl\/index.php\/produkt\/player-issue-szwajcaria-2014-16-home-m\/"},"modified":"2025-09-18T22:48:55","modified_gmt":"2025-09-18T20:48:55","slug":"player-issue-szwajcaria-2014-16-home-m","status":"publish","type":"product","link":"https:\/\/fts.you2.pl\/de\/player-issue-szwajcaria-2014-16-home-m\/","title":{"rendered":"PLAYER ISSUE Szwajcaria 2014\/16 Home [M]"},"content":{"rendered":"<p><strong>Klub:<\/strong> Szwajcaria<\/p>\n<p><strong>Sezon:<\/strong> 2014\/16 Home<\/p>\n<p><strong>Rozmiar: <\/strong>M<\/p>\n<p><strong>Stan:<\/strong> Doskona\u0142y<\/p>\n<p><strong>Wymiary (szeroko\u015b\u0107 pod pachami\/d\u0142ugo\u015b\u0107) w cm: <\/strong>43\/70 &#8211; koszulka wykonana w najwy\u017cszej wersji meczowej, co czyni j\u0105 bardzo przylegaj\u0105c\u0105 do cia\u0142a, a sam materia\u0142 jest bardzo rozci\u0105gliwy. Kr\u00f3j przeznaczony dla os\u00f3b o atletycznej budowie cia\u0142a.<\/p>","protected":false},"excerpt":{"rendered":"<p>PLAYER ISSUE Szwajcaria 2014\/16 Home [M]<\/p>","protected":false},"featured_media":8453,"template":"","meta":{"_kad_blocks_custom_css":"","_kad_blocks_head_custom_js":"","_kad_blocks_body_custom_js":"","_kad_blocks_footer_custom_js":"","_kad_post_transparent":"","_kad_post_title":"","_kad_post_layout":"","_kad_post_sidebar_id":"","_kad_post_content_style":"","_kad_post_vertical_padding":"","_kad_post_feature":"","_kad_post_feature_position":"","_kad_post_header":false,"_kad_post_footer":false},"product_brand":[86],"product_cat":[23,114,22],"product_tag":[],"class_list":{"0":"post-2321","1":"product","2":"type-product","3":"status-publish","4":"has-post-thumbnail","6":"product_brand-puma","7":"product_cat-europa","8":"product_cat-pozostale","9":"product_cat-reprezentacje","10":"pa_rozmiar-m","12":"first","13":"instock","14":"taxable","15":"shipping-taxable","16":"purchasable","17":"product-type-simple","18":"entry","19":"content-bg","20":"loop-entry"},"taxonomy_info":{"product_brand":[{"value":86,"label":"Puma"}],"product_cat":[{"value":23,"label":"Europa"},{"value":114,"label":"Pozosta\u0142e"},{"value":22,"label":"REPREZENTACJE"}],"pa_rozmiar":[{"value":28,"label":"M"}]},"featured_image_src_large":["https:\/\/fts.you2.pl\/wp-content\/uploads\/2025\/09\/Photoroom_061_20240323_131125-1024x1024.png",1024,1024,true],"author_info":[],"comment_info":"","_links":{"self":[{"href":"https:\/\/fts.you2.pl\/de\/wp-json\/wp\/v2\/product\/2321","targetHints":{"allow":["GET"]}}],"collection":[{"href":"https:\/\/fts.you2.pl\/de\/wp-json\/wp\/v2\/product"}],"about":[{"href":"https:\/\/fts.you2.pl\/de\/wp-json\/wp\/v2\/types\/product"}],"wp:featuredmedia":[{"embeddable":true,"href":"https:\/\/fts.you2.pl\/de\/wp-json\/wp\/v2\/media\/8453"}],"wp:attachment":[{"href":"https:\/\/fts.you2.pl\/de\/wp-json\/wp\/v2\/media?parent=2321"}],"wp:term":[{"taxonomy":"product_brand","embeddable":true,"href":"https:\/\/fts.you2.pl\/de\/wp-json\/wp\/v2\/product_brand?post=2321"},{"taxonomy":"product_cat","embeddable":true,"href":"https:\/\/fts.you2.pl\/de\/wp-json\/wp\/v2\/product_cat?post=2321"},{"taxonomy":"product_tag","embeddable":true,"href":"https:\/\/fts.you2.pl\/de\/wp-json\/wp\/v2\/product_tag?post=2321"}],"curies":[{"name":"wp","href":"https:\/\/api.w.org\/{rel}","templated":true}]}}