{"id":2327,"date":"2024-04-01T15:59:53","date_gmt":"2024-04-01T13:59:53","guid":{"rendered":"https:\/\/fts.you2.pl\/index.php\/produkt\/arsenal-fc-2014-15-away-16-ramsey-s\/"},"modified":"2025-09-18T22:55:36","modified_gmt":"2025-09-18T20:55:36","slug":"arsenal-fc-2014-15-away-16-ramsey-s","status":"publish","type":"product","link":"https:\/\/fts.you2.pl\/de\/arsenal-fc-2014-15-away-16-ramsey-s\/","title":{"rendered":"Arsenal FC 2014\/15 Away 16 Ramsey [S]"},"content":{"rendered":"<p><strong>Klub:<\/strong> Arsenal FC<\/p>\n<p><strong>Sezon:<\/strong> 2014\/15 Away<\/p>\n<p><strong>Rozmiar: <\/strong>S<\/p>\n<p><strong>Stan:<\/strong> Zadowalaj\u0105cy &#8211; zmarszczone cyfry na plecach, materia\u0142 straci\u0142 mocno sw\u00f3j naturalny kolor, oraz mikro zaci\u0105gni\u0119cie i zabrudzenie na plecach.<\/p>\n<p><strong>Wymiary (szeroko\u015b\u0107 pod pachami\/d\u0142ugo\u015b\u0107) w cm: <\/strong>48\/68<\/p>","protected":false},"excerpt":{"rendered":"<p>Arsenal FC 2014\/15 Away 16 Ramsey [S]<\/p>","protected":false},"featured_media":8502,"template":"","meta":{"_kad_blocks_custom_css":"","_kad_blocks_head_custom_js":"","_kad_blocks_body_custom_js":"","_kad_blocks_footer_custom_js":"","_kad_post_transparent":"","_kad_post_title":"","_kad_post_layout":"","_kad_post_sidebar_id":"","_kad_post_content_style":"","_kad_post_vertical_padding":"","_kad_post_feature":"","_kad_post_feature_position":"","_kad_post_header":false,"_kad_post_footer":false},"product_brand":[86],"product_cat":[15,337,32,31],"product_tag":[],"class_list":{"0":"post-2327","1":"product","2":"type-product","3":"status-publish","4":"has-post-thumbnail","6":"product_brand-puma","7":"product_cat-bez-kategorii","8":"product_cat-arsenal-fc","9":"product_cat-kluby-angielskie","10":"product_cat-kluby-europejskie","11":"pa_rozmiar-s","13":"first","14":"instock","15":"taxable","16":"shipping-taxable","17":"purchasable","18":"product-type-simple","19":"entry","20":"content-bg","21":"loop-entry"},"taxonomy_info":{"product_brand":[{"value":86,"label":"Puma"}],"product_cat":[{"value":15,"label":"Bez kategorii"},{"value":337,"label":"Arsenal FC"},{"value":32,"label":"Kluby Angielskie"},{"value":31,"label":"Kluby Europejskie"}],"pa_rozmiar":[{"value":19,"label":"S"}]},"featured_image_src_large":["https:\/\/fts.you2.pl\/wp-content\/uploads\/2025\/09\/Photoroom_011_20240401_130658-1024x1024.png",1024,1024,true],"author_info":[],"comment_info":"","_links":{"self":[{"href":"https:\/\/fts.you2.pl\/de\/wp-json\/wp\/v2\/product\/2327","targetHints":{"allow":["GET"]}}],"collection":[{"href":"https:\/\/fts.you2.pl\/de\/wp-json\/wp\/v2\/product"}],"about":[{"href":"https:\/\/fts.you2.pl\/de\/wp-json\/wp\/v2\/types\/product"}],"wp:featuredmedia":[{"embeddable":true,"href":"https:\/\/fts.you2.pl\/de\/wp-json\/wp\/v2\/media\/8502"}],"wp:attachment":[{"href":"https:\/\/fts.you2.pl\/de\/wp-json\/wp\/v2\/media?parent=2327"}],"wp:term":[{"taxonomy":"product_brand","embeddable":true,"href":"https:\/\/fts.you2.pl\/de\/wp-json\/wp\/v2\/product_brand?post=2327"},{"taxonomy":"product_cat","embeddable":true,"href":"https:\/\/fts.you2.pl\/de\/wp-json\/wp\/v2\/product_cat?post=2327"},{"taxonomy":"product_tag","embeddable":true,"href":"https:\/\/fts.you2.pl\/de\/wp-json\/wp\/v2\/product_tag?post=2327"}],"curies":[{"name":"wp","href":"https:\/\/api.w.org\/{rel}","templated":true}]}}