{"id":2328,"date":"2024-04-01T15:59:52","date_gmt":"2024-04-01T13:59:52","guid":{"rendered":"https:\/\/fts.you2.pl\/index.php\/produkt\/match-issue-u21-eintracht-braunschweig-2005-07-home-17-m-l\/"},"modified":"2025-09-18T22:56:37","modified_gmt":"2025-09-18T20:56:37","slug":"match-issue-u21-eintracht-braunschweig-2005-07-home-17-m-l","status":"publish","type":"product","link":"https:\/\/fts.you2.pl\/de\/match-issue-u21-eintracht-braunschweig-2005-07-home-17-m-l\/","title":{"rendered":"MATCH ISSUE U21 Eintracht Braunschweig 2005\/07 Home 17 [M\/L]"},"content":{"rendered":"<p><strong>Klub:<\/strong> Eintracht Braunschweig<\/p>\n<p><strong>Sezon:<\/strong> 2005\/07 Home<\/p>\n<p><strong>Rozmiar: <\/strong>M\/L<\/p>\n<p><strong>Stan:<\/strong> Zadowalaj\u0105cy &#8211; plamy na r\u0119kawach i na plecach oraz nieznacznie uszkodzona cyfra.<\/p>\n<p><strong>Wymiary (szeroko\u015b\u0107 pod pachami\/d\u0142ugo\u015b\u0107) w cm: <\/strong>54\/69(prz\u00f3d),75(ty\u0142)<\/p>","protected":false},"excerpt":{"rendered":"<p>MATCH ISSUE U21 Eintracht Braunschweig 2005\/07 Home 17 [M\/L]<\/p>","protected":false},"featured_media":8512,"template":"","meta":{"_kad_blocks_custom_css":"","_kad_blocks_head_custom_js":"","_kad_blocks_body_custom_js":"","_kad_blocks_footer_custom_js":"","_kad_post_transparent":"","_kad_post_title":"","_kad_post_layout":"","_kad_post_sidebar_id":"","_kad_post_content_style":"","_kad_post_vertical_padding":"","_kad_post_feature":"","_kad_post_feature_position":"","_kad_post_header":false,"_kad_post_footer":false},"product_brand":[233],"product_cat":[31,46,173,174],"product_tag":[],"class_list":{"0":"post-2328","1":"product","2":"type-product","3":"status-publish","4":"has-post-thumbnail","6":"product_brand-jako","7":"product_cat-kluby-europejskie","8":"product_cat-kluby-niemieckie","9":"product_cat-match-worn-issue","10":"product_cat-pozostale-kluby-niemieckie","11":"pa_rozmiar-m-l","13":"first","14":"instock","15":"taxable","16":"shipping-taxable","17":"purchasable","18":"product-type-simple","19":"entry","20":"content-bg","21":"loop-entry"},"taxonomy_info":{"product_brand":[{"value":233,"label":"Jako"}],"product_cat":[{"value":31,"label":"Kluby Europejskie"},{"value":46,"label":"Kluby Niemieckie"},{"value":173,"label":"MATCH WORN &amp; ISSUE"},{"value":174,"label":"Pozosta\u0142e kluby niemieckie"}],"pa_rozmiar":[{"value":386,"label":"M\/L"}]},"featured_image_src_large":["https:\/\/fts.you2.pl\/wp-content\/uploads\/2025\/09\/Photoroom_026_20240401_130658-1024x1024.png",1024,1024,true],"author_info":[],"comment_info":"","_links":{"self":[{"href":"https:\/\/fts.you2.pl\/de\/wp-json\/wp\/v2\/product\/2328","targetHints":{"allow":["GET"]}}],"collection":[{"href":"https:\/\/fts.you2.pl\/de\/wp-json\/wp\/v2\/product"}],"about":[{"href":"https:\/\/fts.you2.pl\/de\/wp-json\/wp\/v2\/types\/product"}],"wp:featuredmedia":[{"embeddable":true,"href":"https:\/\/fts.you2.pl\/de\/wp-json\/wp\/v2\/media\/8512"}],"wp:attachment":[{"href":"https:\/\/fts.you2.pl\/de\/wp-json\/wp\/v2\/media?parent=2328"}],"wp:term":[{"taxonomy":"product_brand","embeddable":true,"href":"https:\/\/fts.you2.pl\/de\/wp-json\/wp\/v2\/product_brand?post=2328"},{"taxonomy":"product_cat","embeddable":true,"href":"https:\/\/fts.you2.pl\/de\/wp-json\/wp\/v2\/product_cat?post=2328"},{"taxonomy":"product_tag","embeddable":true,"href":"https:\/\/fts.you2.pl\/de\/wp-json\/wp\/v2\/product_tag?post=2328"}],"curies":[{"name":"wp","href":"https:\/\/api.w.org\/{rel}","templated":true}]}}