{"id":2333,"date":"2024-04-07T16:36:52","date_gmt":"2024-04-07T14:36:52","guid":{"rendered":"https:\/\/fts.you2.pl\/index.php\/produkt\/kurtka-fc-bayern-monachium-1998-00-xs\/"},"modified":"2025-09-18T23:02:10","modified_gmt":"2025-09-18T21:02:10","slug":"kurtka-fc-bayern-monachium-1998-00-xs","status":"publish","type":"product","link":"https:\/\/fts.you2.pl\/de\/kurtka-fc-bayern-monachium-1998-00-xs\/","title":{"rendered":"Kurtka pi\u0142karska FC Bayern Monachium 1998\/00 [XS]"},"content":{"rendered":"<p><strong>Klub:<\/strong> FC Bayern Monachium<\/p>\n<p><strong>Sezon:<\/strong> 1998\/00<\/p>\n<p><strong>Rozmiar: <\/strong>XS<\/p>\n<p><strong>Stan:<\/strong> Bardzo dobry<\/p>\n<p><strong>Wymiary (szeroko\u015b\u0107 pod pachami\/d\u0142ugo\u015b\u0107) w cm: <\/strong>54\/62<\/p>","protected":false},"excerpt":{"rendered":"<p data-start=\"0\" data-end=\"478\"><strong data-start=\"0\" data-end=\"87\">Oryginalna ortalionowa kurtka pi\u0142karska Bayernu Monachium z lat 1998\u20132000 \u2013 produkcji Adidas.<\/strong><\/p>\n<p data-start=\"0\" data-end=\"478\"><br data-start=\"87\" data-end=\"90\" \/>Ta <strong data-start=\"93\" data-end=\"144\">oryginalna ortalionowa kurtka Bayernu Monachium<\/strong> z prze\u0142omu lat <strong data-start=\"160\" data-end=\"171\" data-is-only-node=\"\">1998\/00<\/strong> to klasyczny model treningowo-rekreacyjny, wyprodukowany przez firm\u0119 <strong data-start=\"241\" data-end=\"251\">Adidas<\/strong>, b\u0119d\u0105c\u0105 wieloletnim partnerem technicznym bawarskiego giganta. Kurtka pochodzi z okresu, w kt\u00f3rym Bayern regularnie dominowa\u0142 na krajowym podw\u00f3rku i odnosi\u0142 sukcesy w Europie, co czyni j\u0105 autentycznym elementem historii klubu.<\/p>\n<p data-start=\"480\" data-end=\"975\">Utrzymana w charakterystycznych dla Bayernu barwach \u2013 <strong data-start=\"534\" data-end=\"565\">czerwieni, granacie i bieli<\/strong> \u2013 kurtka \u0142\u0105czy <strong data-start=\"581\" data-end=\"636\">funkcjonalno\u015b\u0107 odzie\u017cy sportowej z estetyk\u0105 lat 90.<\/strong> Znajduje si\u0119 na niej <strong data-start=\"658\" data-end=\"682\">haftowany herb klubu <\/strong>oraz logo <strong data-start=\"689\" data-end=\"699\">Adidas<\/strong> z klasycznym motywem trzech pask\u00f3w co podkre\u015bla jej autentyczny charakter. Wykonana z lekkiego i odpornego na wiatr materia\u0142u ortalionowego, sprawdza si\u0119 zar\u00f3wno jako odzie\u017c treningowa, jak i element codziennego stroju dla fan\u00f3w retro stylu.<\/p>\n<p data-start=\"977\" data-end=\"1227\">Kurtka reprezentuje er\u0119, w kt\u00f3rej w barwach Bayernu wyst\u0119powali tacy zawodnicy jak <strong data-start=\"1060\" data-end=\"1110\">Stefan Effenberg, Giovane \u00c9lber, Mehmet Scholl<\/strong> czy m\u0142ody <strong data-start=\"1121\" data-end=\"1147\">Bastian Schweinsteiger<\/strong>, a klub odnosi\u0142 sukcesy zar\u00f3wno w Bundeslidze, jak i na arenie mi\u0119dzynarodowej.<\/p>\n<p data-start=\"1229\" data-end=\"1520\" data-is-last-node=\"\" data-is-only-node=\"\">To doskona\u0142a propozycja dla <strong data-start=\"1257\" data-end=\"1284\">fan\u00f3w Bayernu Monachium<\/strong>, <strong data-start=\"1286\" data-end=\"1333\">kolekcjoner\u00f3w odzie\u017cy pi\u0142karskiej z lat 90.<\/strong> oraz mi\u0142o\u015bnik\u00f3w stylu vintage. <strong data-start=\"1365\" data-end=\"1420\">Oryginalna, wygodna i pe\u0142na pi\u0142karskiego charakteru<\/strong>, kurtka ta b\u0119dzie idealnym dodatkiem do ka\u017cdej sportowej garderoby lub kolekcji klubowych pami\u0105tek.<\/p>","protected":false},"featured_media":8551,"template":"","meta":{"_kad_blocks_custom_css":"","_kad_blocks_head_custom_js":"","_kad_blocks_body_custom_js":"","_kad_blocks_footer_custom_js":"","_kad_post_transparent":"","_kad_post_title":"","_kad_post_layout":"","_kad_post_sidebar_id":"","_kad_post_content_style":"","_kad_post_vertical_padding":"","_kad_post_feature":"","_kad_post_feature_position":"","_kad_post_header":false,"_kad_post_footer":false},"product_brand":[45],"product_cat":[100,25,31,46,356,26],"product_tag":[],"class_list":{"0":"post-2333","1":"product","2":"type-product","3":"status-publish","4":"has-post-thumbnail","6":"product_brand-adidas","7":"product_cat-fc-bayern-monachium","8":"product_cat-inne","9":"product_cat-kluby-europejskie","10":"product_cat-kluby-niemieckie","11":"product_cat-koszulki-mlodziezowe","12":"product_cat-kurtki-bluzy-trening","13":"pa_rozmiar-xs","15":"first","16":"instock","17":"taxable","18":"shipping-taxable","19":"purchasable","20":"product-type-simple","21":"entry","22":"content-bg","23":"loop-entry"},"taxonomy_info":{"product_brand":[{"value":45,"label":"Adidas"}],"product_cat":[{"value":100,"label":"FC Bayern Monachium"},{"value":25,"label":"Inne"},{"value":31,"label":"Kluby Europejskie"},{"value":46,"label":"Kluby Niemieckie"},{"value":356,"label":"Koszulki M\u0142odzie\u017cowe"},{"value":26,"label":"Kurtki\/bluzy\/trening"}],"pa_rozmiar":[{"value":415,"label":"XS"}]},"featured_image_src_large":["https:\/\/fts.you2.pl\/wp-content\/uploads\/2025\/09\/Photoroom_20240407_184054-1024x1024.png",1024,1024,true],"author_info":[],"comment_info":"","_links":{"self":[{"href":"https:\/\/fts.you2.pl\/de\/wp-json\/wp\/v2\/product\/2333","targetHints":{"allow":["GET"]}}],"collection":[{"href":"https:\/\/fts.you2.pl\/de\/wp-json\/wp\/v2\/product"}],"about":[{"href":"https:\/\/fts.you2.pl\/de\/wp-json\/wp\/v2\/types\/product"}],"wp:featuredmedia":[{"embeddable":true,"href":"https:\/\/fts.you2.pl\/de\/wp-json\/wp\/v2\/media\/8551"}],"wp:attachment":[{"href":"https:\/\/fts.you2.pl\/de\/wp-json\/wp\/v2\/media?parent=2333"}],"wp:term":[{"taxonomy":"product_brand","embeddable":true,"href":"https:\/\/fts.you2.pl\/de\/wp-json\/wp\/v2\/product_brand?post=2333"},{"taxonomy":"product_cat","embeddable":true,"href":"https:\/\/fts.you2.pl\/de\/wp-json\/wp\/v2\/product_cat?post=2333"},{"taxonomy":"product_tag","embeddable":true,"href":"https:\/\/fts.you2.pl\/de\/wp-json\/wp\/v2\/product_tag?post=2333"}],"curies":[{"name":"wp","href":"https:\/\/api.w.org\/{rel}","templated":true}]}}