{"id":2334,"date":"2024-04-07T16:36:49","date_gmt":"2024-04-07T14:36:49","guid":{"rendered":"https:\/\/fts.you2.pl\/index.php\/produkt\/schalke-04-2021-22-third-l\/"},"modified":"2025-09-18T23:03:39","modified_gmt":"2025-09-18T21:03:39","slug":"schalke-04-2021-22-third-l","status":"publish","type":"product","link":"https:\/\/fts.you2.pl\/de\/schalke-04-2021-22-third-l\/","title":{"rendered":"Schalke 04 2021\/22 Third [L]"},"content":{"rendered":"<p><strong>Klub:<\/strong> Schalke 04<\/p>\n<p><strong>Sezon:<\/strong> 2021\/22 Third<\/p>\n<p><strong>Rozmiar: <\/strong>L<\/p>\n<p><strong>Stan:<\/strong> Bardzo dobry &#8211; nieznacznie uszkodzony nadruk sponsora.<\/p>\n<p><strong>Wymiary (szeroko\u015b\u0107 pod pachami\/d\u0142ugo\u015b\u0107) w cm: <\/strong>55\/72(prz\u00f3d), 78(ty\u0142)<\/p>\n<p><strong>Dodatkowe informacje:<\/strong> Koszulka z rzadkim, okoliczno\u015bciowym nadrukiem sponsora, kt\u00f3ry zosta\u0142 naklejony na koszulki po tym gdy Schalke zdecydowa\u0142o si\u0119 na zerwanie wsp\u00f3\u0142pracy z Gazpromem po napadni\u0119ciu Ukrainy przez Rosj\u0119.<\/p>","protected":false},"excerpt":{"rendered":"<p>Schalke 04 2021\/22 Third [L]<\/p>","protected":false},"featured_media":8560,"template":"","meta":{"_kad_blocks_custom_css":"","_kad_blocks_head_custom_js":"","_kad_blocks_body_custom_js":"","_kad_blocks_footer_custom_js":"","_kad_post_transparent":"","_kad_post_title":"","_kad_post_layout":"","_kad_post_sidebar_id":"","_kad_post_content_style":"","_kad_post_vertical_padding":"","_kad_post_feature":"","_kad_post_feature_position":"","_kad_post_header":false,"_kad_post_footer":false},"product_brand":[21],"product_cat":[31,46,316],"product_tag":[],"class_list":{"0":"post-2334","1":"product","2":"type-product","3":"status-publish","4":"has-post-thumbnail","6":"product_brand-umbro","7":"product_cat-kluby-europejskie","8":"product_cat-kluby-niemieckie","9":"product_cat-schalke-04","10":"pa_rozmiar-l","12":"first","13":"instock","14":"taxable","15":"shipping-taxable","16":"purchasable","17":"product-type-simple","18":"entry","19":"content-bg","20":"loop-entry"},"taxonomy_info":{"product_brand":[{"value":21,"label":"Umbro"}],"product_cat":[{"value":31,"label":"Kluby Europejskie"},{"value":46,"label":"Kluby Niemieckie"},{"value":316,"label":"Schalke 04"}],"pa_rozmiar":[{"value":39,"label":"L"}]},"featured_image_src_large":["https:\/\/fts.you2.pl\/wp-content\/uploads\/2025\/09\/Photoroom_010_20240405_141209-1024x1024.png",1024,1024,true],"author_info":[],"comment_info":"","_links":{"self":[{"href":"https:\/\/fts.you2.pl\/de\/wp-json\/wp\/v2\/product\/2334","targetHints":{"allow":["GET"]}}],"collection":[{"href":"https:\/\/fts.you2.pl\/de\/wp-json\/wp\/v2\/product"}],"about":[{"href":"https:\/\/fts.you2.pl\/de\/wp-json\/wp\/v2\/types\/product"}],"wp:featuredmedia":[{"embeddable":true,"href":"https:\/\/fts.you2.pl\/de\/wp-json\/wp\/v2\/media\/8560"}],"wp:attachment":[{"href":"https:\/\/fts.you2.pl\/de\/wp-json\/wp\/v2\/media?parent=2334"}],"wp:term":[{"taxonomy":"product_brand","embeddable":true,"href":"https:\/\/fts.you2.pl\/de\/wp-json\/wp\/v2\/product_brand?post=2334"},{"taxonomy":"product_cat","embeddable":true,"href":"https:\/\/fts.you2.pl\/de\/wp-json\/wp\/v2\/product_cat?post=2334"},{"taxonomy":"product_tag","embeddable":true,"href":"https:\/\/fts.you2.pl\/de\/wp-json\/wp\/v2\/product_tag?post=2334"}],"curies":[{"name":"wp","href":"https:\/\/api.w.org\/{rel}","templated":true}]}}