{"id":2337,"date":"2024-04-07T16:36:54","date_gmt":"2024-04-07T14:36:54","guid":{"rendered":"https:\/\/fts.you2.pl\/index.php\/produkt\/vfb-stuttgart-2013-14-home-xl-2\/"},"modified":"2025-09-18T23:06:42","modified_gmt":"2025-09-18T21:06:42","slug":"vfb-stuttgart-2013-14-home-xl-2","status":"publish","type":"product","link":"https:\/\/fts.you2.pl\/de\/vfb-stuttgart-2013-14-home-xl-2\/","title":{"rendered":"VFB Stuttgart 2013\/14 Home [XL]"},"content":{"rendered":"<p><strong>Klub:<\/strong> VFB Stuttgart<\/p>\n<p><strong>Sezon:<\/strong> 2013\/14 Home<\/p>\n<p><strong>Rozmiar: <\/strong>XL<\/p>\n<p><strong>Stan:<\/strong> Zadowalaj\u0105cy &#8211; uszkodzony nadruk sponsora oraz na karku, ponadto koszulka straci\u0142a sw\u00f3j oryginalny kolor i ma drobne zabrudzenie z boku.<\/p>\n<p><strong>Wymiary (szeroko\u015b\u0107 pod pachami\/d\u0142ugo\u015b\u0107) w cm: <\/strong>56\/74<\/p>","protected":false},"excerpt":{"rendered":"<p>VFB Stuttgart 2013\/14 Home [XL]<\/p>","protected":false},"featured_media":8582,"template":"","meta":{"_kad_blocks_custom_css":"","_kad_blocks_head_custom_js":"","_kad_blocks_body_custom_js":"","_kad_blocks_footer_custom_js":"","_kad_post_transparent":"","_kad_post_title":"","_kad_post_layout":"","_kad_post_sidebar_id":"","_kad_post_content_style":"","_kad_post_vertical_padding":"","_kad_post_feature":"","_kad_post_feature_position":"","_kad_post_header":false,"_kad_post_footer":false},"product_brand":[86],"product_cat":[31,46,174],"product_tag":[],"class_list":{"0":"post-2337","1":"product","2":"type-product","3":"status-publish","4":"has-post-thumbnail","6":"product_brand-puma","7":"product_cat-kluby-europejskie","8":"product_cat-kluby-niemieckie","9":"product_cat-pozostale-kluby-niemieckie","10":"pa_rozmiar-xl","12":"first","13":"instock","14":"taxable","15":"shipping-taxable","16":"purchasable","17":"product-type-simple","18":"entry","19":"content-bg","20":"loop-entry"},"taxonomy_info":{"product_brand":[{"value":86,"label":"Puma"}],"product_cat":[{"value":31,"label":"Kluby Europejskie"},{"value":46,"label":"Kluby Niemieckie"},{"value":174,"label":"Pozosta\u0142e kluby niemieckie"}],"pa_rozmiar":[{"value":57,"label":"XL"}]},"featured_image_src_large":["https:\/\/fts.you2.pl\/wp-content\/uploads\/2025\/09\/Photoroom_006_20240405_141209-1024x1024.png",1024,1024,true],"author_info":[],"comment_info":"","_links":{"self":[{"href":"https:\/\/fts.you2.pl\/de\/wp-json\/wp\/v2\/product\/2337","targetHints":{"allow":["GET"]}}],"collection":[{"href":"https:\/\/fts.you2.pl\/de\/wp-json\/wp\/v2\/product"}],"about":[{"href":"https:\/\/fts.you2.pl\/de\/wp-json\/wp\/v2\/types\/product"}],"wp:featuredmedia":[{"embeddable":true,"href":"https:\/\/fts.you2.pl\/de\/wp-json\/wp\/v2\/media\/8582"}],"wp:attachment":[{"href":"https:\/\/fts.you2.pl\/de\/wp-json\/wp\/v2\/media?parent=2337"}],"wp:term":[{"taxonomy":"product_brand","embeddable":true,"href":"https:\/\/fts.you2.pl\/de\/wp-json\/wp\/v2\/product_brand?post=2337"},{"taxonomy":"product_cat","embeddable":true,"href":"https:\/\/fts.you2.pl\/de\/wp-json\/wp\/v2\/product_cat?post=2337"},{"taxonomy":"product_tag","embeddable":true,"href":"https:\/\/fts.you2.pl\/de\/wp-json\/wp\/v2\/product_tag?post=2337"}],"curies":[{"name":"wp","href":"https:\/\/api.w.org\/{rel}","templated":true}]}}