{"id":2359,"date":"2024-05-05T12:40:10","date_gmt":"2024-05-05T10:40:10","guid":{"rendered":"https:\/\/fts.you2.pl\/index.php\/produkt\/styled-sheffield-united-fc-1983-87-home-m\/"},"modified":"2025-09-18T23:29:08","modified_gmt":"2025-09-18T21:29:08","slug":"styled-sheffield-united-fc-1983-87-home-m","status":"publish","type":"product","link":"https:\/\/fts.you2.pl\/de\/styled-sheffield-united-fc-1983-87-home-m\/","title":{"rendered":"STYLED Sheffield United FC 1983\/87 Home [M]"},"content":{"rendered":"<p><strong>Klub:<\/strong> Sheffield United FC<\/p>\n<p><strong>Sezon:<\/strong> 1983\/87 Home<\/p>\n<p><strong>Rozmiar: <\/strong>M<\/p>\n<p><strong>Stan:<\/strong> Zadowalaj\u0105cy &#8211; rozerwany ko\u0142nierzyk na froncie, sporo niewielkich zaci\u0105gni\u0119\u0107.<\/p>\n<p><strong>Wymiary (szeroko\u015b\u0107 pod pachami\/d\u0142ugo\u015b\u0107) w cm: <\/strong>49\/69<\/p>\n<p><strong>Dodatkowe informacje:<\/strong> Jest to oryginalna koszulka Umbro z lat 80, imitowana na oryginaln\u0105, ze wzgl\u0119du na doszyty herb klubu. Koszulk\u0119 tak\u0105 ju\u017c zakupili\u015bmy.<\/p>","protected":false},"excerpt":{"rendered":"<p>STYLED Sheffield United FC 1983\/87 Home [M]STYLED Sheffield United FC 1983\/87 Home [M]<\/p>","protected":false},"featured_media":8768,"template":"","meta":{"_kad_blocks_custom_css":"","_kad_blocks_head_custom_js":"","_kad_blocks_body_custom_js":"","_kad_blocks_footer_custom_js":"","_kad_post_transparent":"","_kad_post_title":"","_kad_post_layout":"","_kad_post_sidebar_id":"","_kad_post_content_style":"","_kad_post_vertical_padding":"","_kad_post_feature":"","_kad_post_feature_position":"","_kad_post_header":false,"_kad_post_footer":false},"product_brand":[21],"product_cat":[32,31,33],"product_tag":[],"class_list":{"0":"post-2359","1":"product","2":"type-product","3":"status-publish","4":"has-post-thumbnail","6":"product_brand-umbro","7":"product_cat-kluby-angielskie","8":"product_cat-kluby-europejskie","9":"product_cat-pozostale-kluby-angielskie","10":"pa_rozmiar-m","12":"first","13":"instock","14":"taxable","15":"shipping-taxable","16":"purchasable","17":"product-type-simple","18":"entry","19":"content-bg","20":"loop-entry"},"taxonomy_info":{"product_brand":[{"value":21,"label":"Umbro"}],"product_cat":[{"value":32,"label":"Kluby Angielskie"},{"value":31,"label":"Kluby Europejskie"},{"value":33,"label":"Pozosta\u0142e kluby angielskie"}],"pa_rozmiar":[{"value":28,"label":"M"}]},"featured_image_src_large":["https:\/\/fts.you2.pl\/wp-content\/uploads\/2025\/09\/Photoroom_004_20240504_154045-1024x1024.png",1024,1024,true],"author_info":[],"comment_info":"","_links":{"self":[{"href":"https:\/\/fts.you2.pl\/de\/wp-json\/wp\/v2\/product\/2359","targetHints":{"allow":["GET"]}}],"collection":[{"href":"https:\/\/fts.you2.pl\/de\/wp-json\/wp\/v2\/product"}],"about":[{"href":"https:\/\/fts.you2.pl\/de\/wp-json\/wp\/v2\/types\/product"}],"wp:featuredmedia":[{"embeddable":true,"href":"https:\/\/fts.you2.pl\/de\/wp-json\/wp\/v2\/media\/8768"}],"wp:attachment":[{"href":"https:\/\/fts.you2.pl\/de\/wp-json\/wp\/v2\/media?parent=2359"}],"wp:term":[{"taxonomy":"product_brand","embeddable":true,"href":"https:\/\/fts.you2.pl\/de\/wp-json\/wp\/v2\/product_brand?post=2359"},{"taxonomy":"product_cat","embeddable":true,"href":"https:\/\/fts.you2.pl\/de\/wp-json\/wp\/v2\/product_cat?post=2359"},{"taxonomy":"product_tag","embeddable":true,"href":"https:\/\/fts.you2.pl\/de\/wp-json\/wp\/v2\/product_tag?post=2359"}],"curies":[{"name":"wp","href":"https:\/\/api.w.org\/{rel}","templated":true}]}}