{"id":2378,"date":"2024-05-26T15:59:02","date_gmt":"2024-05-26T13:59:02","guid":{"rendered":"https:\/\/fts.you2.pl\/index.php\/produkt\/sc-bastia-1998-99-home-7-swierczewski-xl\/"},"modified":"2025-09-18T23:48:09","modified_gmt":"2025-09-18T21:48:09","slug":"sc-bastia-1998-99-home-7-swierczewski-xl","status":"publish","type":"product","link":"https:\/\/fts.you2.pl\/de\/sc-bastia-1998-99-home-7-swierczewski-xl\/","title":{"rendered":"SC Bastia 1998\/99 Home 7 \u015awierczewski [XL]"},"content":{"rendered":"<p><strong>Klub:<\/strong> SC Bastia<\/p>\n<p><strong>Sezon:<\/strong> 1998\/99 Home<\/p>\n<p><strong>Rozmiar: <\/strong>XL<\/p>\n<p><strong>Stan:<\/strong> Zadowalaj\u0105cy &#8211; kilka mikro zaci\u0105gni\u0119\u0107, uszkodzony patch ligowy i nadruk sponsora na plecach oraz przebarwiony numer i nazwisko. Nadruk na plecach jest nieoryginalny, koszulk\u0119 ju\u017c tak\u0105 zakupili\u015bmy.<\/p>\n<p><strong>Wymiary (szeroko\u015b\u0107 pod pachami\/d\u0142ugo\u015b\u0107) w cm: <\/strong>65\/82<\/p>","protected":false},"excerpt":{"rendered":"<p>SC Bastia 1998\/99 Home 7 \u015awierczewski [XL]<\/p>","protected":false},"featured_media":8916,"template":"","meta":{"_kad_blocks_custom_css":"","_kad_blocks_head_custom_js":"","_kad_blocks_body_custom_js":"","_kad_blocks_footer_custom_js":"","_kad_post_transparent":"","_kad_post_title":"","_kad_post_layout":"","_kad_post_sidebar_id":"","_kad_post_content_style":"","_kad_post_vertical_padding":"","_kad_post_feature":"","_kad_post_feature_position":"","_kad_post_header":false,"_kad_post_footer":false},"product_brand":[30],"product_cat":[31,129,298,130],"product_tag":[],"class_list":{"0":"post-2378","1":"product","2":"type-product","3":"status-publish","4":"has-post-thumbnail","6":"product_brand-reebok","7":"product_cat-kluby-europejskie","8":"product_cat-kluby-francuskie","9":"product_cat-polscy-pilkarze","10":"product_cat-pozostale-kluby-francuskie","11":"pa_rozmiar-xl","13":"first","14":"instock","15":"taxable","16":"shipping-taxable","17":"purchasable","18":"product-type-simple","19":"entry","20":"content-bg","21":"loop-entry"},"taxonomy_info":{"product_brand":[{"value":30,"label":"Reebok"}],"product_cat":[{"value":31,"label":"Kluby Europejskie"},{"value":129,"label":"Kluby Francuskie"},{"value":298,"label":"POLSCY PI\u0141KARZE"},{"value":130,"label":"Pozosta\u0142e kluby francuskie"}],"pa_rozmiar":[{"value":57,"label":"XL"}]},"featured_image_src_large":["https:\/\/fts.you2.pl\/wp-content\/uploads\/2025\/09\/Photoroom_017_20240523_183541-1024x1024.png",1024,1024,true],"author_info":[],"comment_info":"","_links":{"self":[{"href":"https:\/\/fts.you2.pl\/de\/wp-json\/wp\/v2\/product\/2378","targetHints":{"allow":["GET"]}}],"collection":[{"href":"https:\/\/fts.you2.pl\/de\/wp-json\/wp\/v2\/product"}],"about":[{"href":"https:\/\/fts.you2.pl\/de\/wp-json\/wp\/v2\/types\/product"}],"wp:featuredmedia":[{"embeddable":true,"href":"https:\/\/fts.you2.pl\/de\/wp-json\/wp\/v2\/media\/8916"}],"wp:attachment":[{"href":"https:\/\/fts.you2.pl\/de\/wp-json\/wp\/v2\/media?parent=2378"}],"wp:term":[{"taxonomy":"product_brand","embeddable":true,"href":"https:\/\/fts.you2.pl\/de\/wp-json\/wp\/v2\/product_brand?post=2378"},{"taxonomy":"product_cat","embeddable":true,"href":"https:\/\/fts.you2.pl\/de\/wp-json\/wp\/v2\/product_cat?post=2378"},{"taxonomy":"product_tag","embeddable":true,"href":"https:\/\/fts.you2.pl\/de\/wp-json\/wp\/v2\/product_tag?post=2378"}],"curies":[{"name":"wp","href":"https:\/\/api.w.org\/{rel}","templated":true}]}}