{"id":2420,"date":"2024-06-30T14:56:51","date_gmt":"2024-06-30T12:56:51","guid":{"rendered":"https:\/\/fts.you2.pl\/index.php\/produkt\/kamerun-2000-01-away-xl\/"},"modified":"2025-09-19T00:31:13","modified_gmt":"2025-09-18T22:31:13","slug":"kamerun-2000-01-away-xl","status":"publish","type":"product","link":"https:\/\/fts.you2.pl\/de\/kamerun-2000-01-away-xl\/","title":{"rendered":"Kamerun 2000\/01 Away [XL]"},"content":{"rendered":"<p><strong>Klub:<\/strong> Kamerun<\/p>\n<p><strong>Sezon:<\/strong> 2000\/01 Away<\/p>\n<p><strong>Rozmiar: <\/strong>XL<\/p>\n<p><strong>Stan:<\/strong> Zadowalaj\u0105cy &#8211; pop\u0119kane flagi na r\u0119kawkach, nalepka na froncie oraz kilka mikro oraz \u015brednich zaci\u0105gni\u0119\u0107.<\/p>\n<p><strong>Wymiary (szeroko\u015b\u0107 pod pachami\/d\u0142ugo\u015b\u0107) w cm: <\/strong>58\/73(prz\u00f3d), 80(ty\u0142)<\/p>","protected":false},"excerpt":{"rendered":"<p>Kamerun 2000\/01 Away [XL]<\/p>","protected":false},"featured_media":9273,"template":"","meta":{"_kad_blocks_custom_css":"","_kad_blocks_head_custom_js":"","_kad_blocks_body_custom_js":"","_kad_blocks_footer_custom_js":"","_kad_post_transparent":"","_kad_post_title":"","_kad_post_layout":"","_kad_post_sidebar_id":"","_kad_post_content_style":"","_kad_post_vertical_padding":"","_kad_post_feature":"","_kad_post_feature_position":"","_kad_post_header":false,"_kad_post_footer":false},"product_brand":[86],"product_cat":[137,22],"product_tag":[],"class_list":{"0":"post-2420","1":"product","2":"type-product","3":"status-publish","4":"has-post-thumbnail","6":"product_brand-puma","7":"product_cat-reprezentacje-afryka","8":"product_cat-reprezentacje","9":"pa_rozmiar-xl","11":"first","12":"instock","13":"taxable","14":"shipping-taxable","15":"purchasable","16":"product-type-simple","17":"entry","18":"content-bg","19":"loop-entry"},"taxonomy_info":{"product_brand":[{"value":86,"label":"Puma"}],"product_cat":[{"value":137,"label":"Afryka"},{"value":22,"label":"REPREZENTACJE"}],"pa_rozmiar":[{"value":57,"label":"XL"}]},"featured_image_src_large":["https:\/\/fts.you2.pl\/wp-content\/uploads\/2025\/09\/Photoroom_050_20240625_182121-1024x1024.png",1024,1024,true],"author_info":[],"comment_info":"","_links":{"self":[{"href":"https:\/\/fts.you2.pl\/de\/wp-json\/wp\/v2\/product\/2420","targetHints":{"allow":["GET"]}}],"collection":[{"href":"https:\/\/fts.you2.pl\/de\/wp-json\/wp\/v2\/product"}],"about":[{"href":"https:\/\/fts.you2.pl\/de\/wp-json\/wp\/v2\/types\/product"}],"wp:featuredmedia":[{"embeddable":true,"href":"https:\/\/fts.you2.pl\/de\/wp-json\/wp\/v2\/media\/9273"}],"wp:attachment":[{"href":"https:\/\/fts.you2.pl\/de\/wp-json\/wp\/v2\/media?parent=2420"}],"wp:term":[{"taxonomy":"product_brand","embeddable":true,"href":"https:\/\/fts.you2.pl\/de\/wp-json\/wp\/v2\/product_brand?post=2420"},{"taxonomy":"product_cat","embeddable":true,"href":"https:\/\/fts.you2.pl\/de\/wp-json\/wp\/v2\/product_cat?post=2420"},{"taxonomy":"product_tag","embeddable":true,"href":"https:\/\/fts.you2.pl\/de\/wp-json\/wp\/v2\/product_tag?post=2420"}],"curies":[{"name":"wp","href":"https:\/\/api.w.org\/{rel}","templated":true}]}}