{"id":2517,"date":"2025-02-13T16:52:44","date_gmt":"2025-02-13T15:52:44","guid":{"rendered":"https:\/\/fts.you2.pl\/index.php\/produkt\/match-worn-southampton-fc-2018-19-third-35-bednarek-l\/"},"modified":"2025-09-17T13:22:35","modified_gmt":"2025-09-17T11:22:35","slug":"match-worn-southampton-fc-2018-19-third-35-bednarek-l","status":"publish","type":"product","link":"https:\/\/fts.you2.pl\/de\/match-worn-southampton-fc-2018-19-third-35-bednarek-l\/","title":{"rendered":"MATCH WORN Southampton FC 2018\/19 Third 35 Bednarek [L]"},"content":{"rendered":"<p><strong>Klub:<\/strong> Southampton FC<\/p>\n<p><strong>Sezon:<\/strong> 2018\/19 Third<\/p>\n<p><strong>Rozmiar: <\/strong>L<\/p>\n<p><strong>Stan:<\/strong> Dobry &#8211; koszulka jest rozci\u0105gni\u0119ta w dw\u00f3ch miejscach na plecach oraz posiada dziurk\u0119.<\/p>\n<p><strong>Wymiary (szeroko\u015b\u0107 pod pachami\/d\u0142ugo\u015b\u0107) w cm: <\/strong>48\/72<\/p>\n<p><strong>Dodatkowe informacje:<\/strong> jest to koszulka meczowa u\u017cyta przez Jana Bednarka w meczu przeciwko Huddersfield rozgrywanym 22.12.2018 w ramach rozgrywek Premier League, potwierdzona certyfikatem klubowym.<\/p>","protected":false},"excerpt":{"rendered":"<p>MATCH WORN Southampton FC 2018\/19 Third 35 Bednarek [L]<\/p>","protected":false},"featured_media":0,"template":"","meta":{"_kad_blocks_custom_css":"","_kad_blocks_head_custom_js":"","_kad_blocks_body_custom_js":"","_kad_blocks_footer_custom_js":"","_kad_post_transparent":"","_kad_post_title":"","_kad_post_layout":"","_kad_post_sidebar_id":"","_kad_post_content_style":"","_kad_post_vertical_padding":"","_kad_post_feature":"","_kad_post_feature_position":"","_kad_post_header":false,"_kad_post_footer":false},"product_brand":[326],"product_cat":[32,31,173,298,33],"product_tag":[],"class_list":{"0":"post-2517","1":"product","2":"type-product","3":"status-publish","5":"product_brand-under-armour","6":"product_cat-kluby-angielskie","7":"product_cat-kluby-europejskie","8":"product_cat-match-worn-issue","9":"product_cat-polscy-pilkarze","10":"product_cat-pozostale-kluby-angielskie","11":"pa_rozmiar-l","13":"first","14":"instock","15":"taxable","16":"shipping-taxable","17":"purchasable","18":"product-type-simple","19":"entry","20":"content-bg","21":"loop-entry"},"taxonomy_info":{"product_brand":[{"value":326,"label":"Under Armour"}],"product_cat":[{"value":32,"label":"Kluby Angielskie"},{"value":31,"label":"Kluby Europejskie"},{"value":173,"label":"MATCH WORN &amp; ISSUE"},{"value":298,"label":"POLSCY PI\u0141KARZE"},{"value":33,"label":"Pozosta\u0142e kluby angielskie"}],"pa_rozmiar":[{"value":39,"label":"L"}]},"featured_image_src_large":false,"author_info":[],"comment_info":"","_links":{"self":[{"href":"https:\/\/fts.you2.pl\/de\/wp-json\/wp\/v2\/product\/2517","targetHints":{"allow":["GET"]}}],"collection":[{"href":"https:\/\/fts.you2.pl\/de\/wp-json\/wp\/v2\/product"}],"about":[{"href":"https:\/\/fts.you2.pl\/de\/wp-json\/wp\/v2\/types\/product"}],"wp:attachment":[{"href":"https:\/\/fts.you2.pl\/de\/wp-json\/wp\/v2\/media?parent=2517"}],"wp:term":[{"taxonomy":"product_brand","embeddable":true,"href":"https:\/\/fts.you2.pl\/de\/wp-json\/wp\/v2\/product_brand?post=2517"},{"taxonomy":"product_cat","embeddable":true,"href":"https:\/\/fts.you2.pl\/de\/wp-json\/wp\/v2\/product_cat?post=2517"},{"taxonomy":"product_tag","embeddable":true,"href":"https:\/\/fts.you2.pl\/de\/wp-json\/wp\/v2\/product_tag?post=2517"}],"curies":[{"name":"wp","href":"https:\/\/api.w.org\/{rel}","templated":true}]}}