{"id":2519,"date":"2025-02-13T16:52:45","date_gmt":"2025-02-13T15:52:45","guid":{"rendered":"https:\/\/fts.you2.pl\/index.php\/produkt\/match-issue-ks-cracovia-2014-15-away-10-cetnarski-m-autograf\/"},"modified":"2025-09-17T13:22:35","modified_gmt":"2025-09-17T11:22:35","slug":"match-issue-ks-cracovia-2014-15-away-10-cetnarski-m-autograf","status":"publish","type":"product","link":"https:\/\/fts.you2.pl\/de\/match-issue-ks-cracovia-2014-15-away-10-cetnarski-m-autograf\/","title":{"rendered":"MATCH ISSUE KS Cracovia 2014\/15 Away 10 Cetnarski [M] + AUTOGRAF"},"content":{"rendered":"<p><strong>Klub:<\/strong> KS Cracovia<\/p>\n<p><strong>Sezon:<\/strong> 2014\/15 Away<\/p>\n<p><strong>Rozmiar: <\/strong>M<\/p>\n<p><strong>Stan:<\/strong> Bardzo dobry &#8211; kilka zabrudze\u0144.<\/p>\n<p><strong>Wymiary (szeroko\u015b\u0107 pod pachami\/d\u0142ugo\u015b\u0107) w cm: <\/strong>53\/69<\/p>\n<p><strong>Dodatkowe informacje:<\/strong> Koszulka posiada zabrudzenia, kt\u00f3re wygl\u0105daj\u0105 jak spowodowane boiskiem, nie mamy jednak na to potwierdzenia. Uda\u0142o nam si\u0119 ustali\u0107, \u017ce ta koszulka by\u0142a u\u017cyta jedynie w kilku pierwszych meczach sezonu, nast\u0119pnie zosta\u0142a zmieniona na nieco inny model.<\/p>","protected":false},"excerpt":{"rendered":"<p>MATCH ISSUE KS Cracovia 2014\/15 Away 10 Cetnarski [M] + AUTOGRAF<\/p>","protected":false},"featured_media":0,"template":"","meta":{"_kad_blocks_custom_css":"","_kad_blocks_head_custom_js":"","_kad_blocks_body_custom_js":"","_kad_blocks_footer_custom_js":"","_kad_post_transparent":"","_kad_post_title":"","_kad_post_layout":"","_kad_post_sidebar_id":"","_kad_post_content_style":"","_kad_post_vertical_padding":"","_kad_post_feature":"","_kad_post_feature_position":"","_kad_post_header":false,"_kad_post_footer":false},"product_brand":[243],"product_cat":[31,159,173,298,160],"product_tag":[],"class_list":{"0":"post-2519","1":"product","2":"type-product","3":"status-publish","5":"product_brand-legea","6":"product_cat-kluby-europejskie","7":"product_cat-kluby-polskie","8":"product_cat-match-worn-issue","9":"product_cat-polscy-pilkarze","10":"product_cat-pozostale-kluby-polskie","11":"pa_rozmiar-m","13":"first","14":"instock","15":"taxable","16":"shipping-taxable","17":"purchasable","18":"product-type-simple","19":"entry","20":"content-bg","21":"loop-entry"},"taxonomy_info":{"product_brand":[{"value":243,"label":"Legea"}],"product_cat":[{"value":31,"label":"Kluby Europejskie"},{"value":159,"label":"Kluby Polskie"},{"value":173,"label":"MATCH WORN &amp; ISSUE"},{"value":298,"label":"POLSCY PI\u0141KARZE"},{"value":160,"label":"Pozosta\u0142e kluby polskie"}],"pa_rozmiar":[{"value":28,"label":"M"}]},"featured_image_src_large":false,"author_info":[],"comment_info":"","_links":{"self":[{"href":"https:\/\/fts.you2.pl\/de\/wp-json\/wp\/v2\/product\/2519","targetHints":{"allow":["GET"]}}],"collection":[{"href":"https:\/\/fts.you2.pl\/de\/wp-json\/wp\/v2\/product"}],"about":[{"href":"https:\/\/fts.you2.pl\/de\/wp-json\/wp\/v2\/types\/product"}],"wp:attachment":[{"href":"https:\/\/fts.you2.pl\/de\/wp-json\/wp\/v2\/media?parent=2519"}],"wp:term":[{"taxonomy":"product_brand","embeddable":true,"href":"https:\/\/fts.you2.pl\/de\/wp-json\/wp\/v2\/product_brand?post=2519"},{"taxonomy":"product_cat","embeddable":true,"href":"https:\/\/fts.you2.pl\/de\/wp-json\/wp\/v2\/product_cat?post=2519"},{"taxonomy":"product_tag","embeddable":true,"href":"https:\/\/fts.you2.pl\/de\/wp-json\/wp\/v2\/product_tag?post=2519"}],"curies":[{"name":"wp","href":"https:\/\/api.w.org\/{rel}","templated":true}]}}