{"id":2524,"date":"2025-02-13T16:52:51","date_gmt":"2025-02-13T15:52:51","guid":{"rendered":"https:\/\/fts.you2.pl\/index.php\/produkt\/huddersfield-town-1995-97-home-xxl\/"},"modified":"2025-09-17T13:22:36","modified_gmt":"2025-09-17T11:22:36","slug":"huddersfield-town-1995-97-home-xxl","status":"publish","type":"product","link":"https:\/\/fts.you2.pl\/de\/huddersfield-town-1995-97-home-xxl\/","title":{"rendered":"Huddersfield Town 1995\/97 Home [XXL]"},"content":{"rendered":"<p><strong>Klub:<\/strong> Huddersfield Town<\/p>\n<p><strong>Sezon:<\/strong> 1995\/97 Home<\/p>\n<p><strong>Rozmiar: <\/strong>XXL<\/p>\n<p><strong>Stan:<\/strong> Bardzo dobry &#8211; dwa mikro zaci\u0105gni\u0119cia.<\/p>\n<p><strong>Wymiary (szeroko\u015b\u0107 pod pachami\/d\u0142ugo\u015b\u0107) w cm: <\/strong>62\/75<\/p>","protected":false},"excerpt":{"rendered":"<p>Huddersfield Town 1995\/97 Home [XXL]<\/p>","protected":false},"featured_media":0,"template":"","meta":{"_kad_blocks_custom_css":"","_kad_blocks_head_custom_js":"","_kad_blocks_body_custom_js":"","_kad_blocks_footer_custom_js":"","_kad_post_transparent":"","_kad_post_title":"","_kad_post_layout":"","_kad_post_sidebar_id":"","_kad_post_content_style":"","_kad_post_vertical_padding":"","_kad_post_feature":"","_kad_post_feature_position":"","_kad_post_header":false,"_kad_post_footer":false},"product_brand":[],"product_cat":[32,31,33],"product_tag":[],"class_list":{"0":"post-2524","1":"product","2":"type-product","3":"status-publish","5":"product_cat-kluby-angielskie","6":"product_cat-kluby-europejskie","7":"product_cat-pozostale-kluby-angielskie","8":"pa_rozmiar-xxl","10":"first","11":"instock","12":"taxable","13":"shipping-taxable","14":"purchasable","15":"product-type-simple","16":"entry","17":"content-bg","18":"loop-entry"},"taxonomy_info":{"product_cat":[{"value":32,"label":"Kluby Angielskie"},{"value":31,"label":"Kluby Europejskie"},{"value":33,"label":"Pozosta\u0142e kluby angielskie"}],"pa_rozmiar":[{"value":71,"label":"XXL"}]},"featured_image_src_large":false,"author_info":[],"comment_info":"","_links":{"self":[{"href":"https:\/\/fts.you2.pl\/de\/wp-json\/wp\/v2\/product\/2524","targetHints":{"allow":["GET"]}}],"collection":[{"href":"https:\/\/fts.you2.pl\/de\/wp-json\/wp\/v2\/product"}],"about":[{"href":"https:\/\/fts.you2.pl\/de\/wp-json\/wp\/v2\/types\/product"}],"wp:attachment":[{"href":"https:\/\/fts.you2.pl\/de\/wp-json\/wp\/v2\/media?parent=2524"}],"wp:term":[{"taxonomy":"product_brand","embeddable":true,"href":"https:\/\/fts.you2.pl\/de\/wp-json\/wp\/v2\/product_brand?post=2524"},{"taxonomy":"product_cat","embeddable":true,"href":"https:\/\/fts.you2.pl\/de\/wp-json\/wp\/v2\/product_cat?post=2524"},{"taxonomy":"product_tag","embeddable":true,"href":"https:\/\/fts.you2.pl\/de\/wp-json\/wp\/v2\/product_tag?post=2524"}],"curies":[{"name":"wp","href":"https:\/\/api.w.org\/{rel}","templated":true}]}}